{"id":2205,"date":"2025-10-11T06:08:24","date_gmt":"2025-10-11T06:08:24","guid":{"rendered":"https:\/\/uhmwpemanufacture.com\/?post_type=product&#038;p=2205"},"modified":"2025-10-11T06:10:03","modified_gmt":"2025-10-11T06:10:03","slug":"engineering-machinery-uhmwpe-plate-crane-foot-support-pad","status":"publish","type":"product","link":"https:\/\/uhmwpemanufacture.com\/de\/engineering-machinery-uhmwpe-plate-crane-foot-support-pad\/","title":{"rendered":"Maschinenpark UHMWPE Platte Kran Fu\u00dfst\u00fctze Pad"},"content":{"rendered":"<h2 id=\"heavy-duty-crane-foot-support-pads\">Schwerlast-Kranfu\u00dfst\u00fctzen-Pads<\/h2>\n<p>Diese UHMWPE (Ultra High Molecular Weight Polyethylene) Kranfu\u00dfauflagen sind f\u00fcr au\u00dfergew\u00f6hnliche Leistung und Belastbarkeit konzipiert, die bei technischen Anwendungen gefragt sind. Entwickelt, um eine stabile und zuverl\u00e4ssige Unterst\u00fctzung zu bieten, verteilen diese Pads schwere Lasten gleichm\u00e4\u00dfig, sch\u00fctzen vor Sch\u00e4den an Oberfl\u00e4chen und sorgen f\u00fcr mehr Sicherheit bei Kran- und Auslegerverfahren. Die Bilder zeigen sowohl einzelne runde Pads als auch mehrere rechteckige Pads \u00fcbereinander gestapelt, was ihre robuste Bauweise und ihren n\u00fctzlichen Stil unterstreicht. Jede Matte ist mit einer problemlosen Handhabung ausgestattet, die ein einfaches Einsetzen und Herausnehmen erm\u00f6glicht. Die aus hochwertigem UHMWPE gefertigten Platten sind widerstandsf\u00e4hig gegen Einwirkungen, Abnutzung und Chemikalien und eignen sich daher hervorragend f\u00fcr schwierige Baustellen und zahlreiche Gel\u00e4ndeformen. W\u00e4hlen Sie diese bew\u00e4hrten Unterlegplatten, um Ihre Werkzeuge zu sch\u00fctzen und die Betriebsstabilit\u00e4t zu gew\u00e4hrleisten.<\/p>","protected":false},"excerpt":{"rendered":"<p>Unsere UHMWPE-Kranfu\u00dfauflagen bieten hervorragende Stabilit\u00e4t und Lastverteilung f\u00fcr Baumaschinen. Diese robusten, auf Langlebigkeit ausgelegten Unterlagen verhindern Oberfl\u00e4chensch\u00e4den und erh\u00f6hen die Sicherheit auf der Baustelle. Sie verf\u00fcgen \u00fcber praktische Griffe f\u00fcr eine einfache Handhabung und sind sto\u00df-, verschlei\u00df- und chemikalienbest\u00e4ndig, was eine zuverl\u00e4ssige Leistung in jeder Umgebung gew\u00e4hrleistet.<\/p>","protected":false},"featured_media":2211,"template":"","meta":{"_gspb_post_css":""},"product_brand":[],"product_cat":[15,21],"product_tag":[427,256,396],"class_list":{"0":"post-2205","1":"product","2":"type-product","3":"status-publish","4":"has-post-thumbnail","6":"product_cat-uhmwpe-hdpe-sheets-plates","7":"product_cat-uhmwpe-fender-pads","8":"product_tag-crane-pads","9":"product_tag-outrigger-pads","10":"product_tag-uhmwpe","12":"first","13":"instock","14":"shipping-taxable","15":"product-type-simple"},"_links":{"self":[{"href":"https:\/\/uhmwpemanufacture.com\/de\/wp-json\/wp\/v2\/product\/2205","targetHints":{"allow":["GET"]}}],"collection":[{"href":"https:\/\/uhmwpemanufacture.com\/de\/wp-json\/wp\/v2\/product"}],"about":[{"href":"https:\/\/uhmwpemanufacture.com\/de\/wp-json\/wp\/v2\/types\/product"}],"wp:featuredmedia":[{"embeddable":true,"href":"https:\/\/uhmwpemanufacture.com\/de\/wp-json\/wp\/v2\/media\/2211"}],"wp:attachment":[{"href":"https:\/\/uhmwpemanufacture.com\/de\/wp-json\/wp\/v2\/media?parent=2205"}],"wp:term":[{"taxonomy":"product_brand","embeddable":true,"href":"https:\/\/uhmwpemanufacture.com\/de\/wp-json\/wp\/v2\/product_brand?post=2205"},{"taxonomy":"product_cat","embeddable":true,"href":"https:\/\/uhmwpemanufacture.com\/de\/wp-json\/wp\/v2\/product_cat?post=2205"},{"taxonomy":"product_tag","embeddable":true,"href":"https:\/\/uhmwpemanufacture.com\/de\/wp-json\/wp\/v2\/product_tag?post=2205"}],"curies":[{"name":"wp","href":"https:\/\/api.w.org\/{rel}","templated":true}]}}