{"id":2212,"date":"2025-10-11T06:11:44","date_gmt":"2025-10-11T06:11:44","guid":{"rendered":"https:\/\/uhmwpemanufacture.com\/?post_type=product&#038;p=2212"},"modified":"2025-10-11T06:11:44","modified_gmt":"2025-10-11T06:11:44","slug":"customizable-plastic-polyethylene-uhmwpe-sheets-exporter","status":"publish","type":"product","link":"https:\/\/uhmwpemanufacture.com\/de\/customizable-plastic-polyethylene-uhmwpe-sheets-exporter\/","title":{"rendered":"Anpassbare Kunststoff Polyethylen UHMWPE Platten Exporter"},"content":{"rendered":"<h2 id=\"adjustable-uhmwpe-sheets\">Einstellbare UHMWPE-Platten<\/h2>\n<p>Wir sind ein f\u00fchrender Exporteur von verstellbaren Kunststoffplatten aus Polyethylen (UHMWPE), wie in dem dynamischen Stapel aus roten, wei\u00dfen, blauen, gelben und umweltfreundlichen Platten auf dem Bild zu sehen ist. Unsere hochwertigen Platten aus ultrahochmolekularem Polyethylen (UHMWPE) sind f\u00fcr ihre bemerkenswerte Z\u00e4higkeit, geringe Reibung und hohe Effektbest\u00e4ndigkeit bekannt und eignen sich daher f\u00fcr eine Vielzahl von gewerblichen und industriellen Anwendungen.<\/p>\n<p>Diese flexiblen Platten k\u00f6nnen individuell zugeschnitten und auf Ihre speziellen Bed\u00fcrfnisse zugeschnitten werden und bieten eine hervorragende Best\u00e4ndigkeit gegen Abrieb, Chemikalien und Feuchtigkeit. Ganz gleich, ob Sie sie f\u00fcr Schneidebretter, Anlegestreifen, Ger\u00e4teschutzvorrichtungen oder andere Anwendungen ben\u00f6tigen, unsere UHMWPE-Platten bieten eine bemerkenswerte Effizienz und lange Lebensdauer. Als vertrauensw\u00fcrdiger H\u00e4ndler stellen wir sicher, dass unsere Produkte strenge Qualit\u00e4tsstandards erf\u00fcllen, damit Sie vertrauensw\u00fcrdige und erschwingliche L\u00f6sungen f\u00fcr Ihre Aufgaben erhalten.<\/p>","protected":false},"excerpt":{"rendered":"<p>Wir sind ein f\u00fchrender Exporteur von anpassbaren Kunststoff-Polyethylen UHMWPE-Platten. Diese hochwertigen Platten bieten au\u00dfergew\u00f6hnliche Haltbarkeit, geringe Reibung und hohe Schlagz\u00e4higkeit, perfekt f\u00fcr verschiedene industrielle und kommerzielle Anwendungen. Sie sind in mehreren Farben und kundenspezifischen Gr\u00f6\u00dfen erh\u00e4ltlich und bieten eine hervorragende Best\u00e4ndigkeit gegen Abrieb und Chemikalien.<\/p>","protected":false},"featured_media":2215,"template":"","meta":{"_gspb_post_css":""},"product_brand":[],"product_cat":[15,17],"product_tag":[429,428,408],"class_list":{"0":"post-2212","1":"product","2":"type-product","3":"status-publish","4":"has-post-thumbnail","6":"product_cat-uhmwpe-hdpe-sheets-plates","7":"product_cat-uhmwpe-sheets","8":"product_tag-customizable-plastic","9":"product_tag-plastic-polyethylene","10":"product_tag-uhmwpe-sheets","12":"first","13":"instock","14":"shipping-taxable","15":"product-type-simple"},"_links":{"self":[{"href":"https:\/\/uhmwpemanufacture.com\/de\/wp-json\/wp\/v2\/product\/2212","targetHints":{"allow":["GET"]}}],"collection":[{"href":"https:\/\/uhmwpemanufacture.com\/de\/wp-json\/wp\/v2\/product"}],"about":[{"href":"https:\/\/uhmwpemanufacture.com\/de\/wp-json\/wp\/v2\/types\/product"}],"wp:featuredmedia":[{"embeddable":true,"href":"https:\/\/uhmwpemanufacture.com\/de\/wp-json\/wp\/v2\/media\/2215"}],"wp:attachment":[{"href":"https:\/\/uhmwpemanufacture.com\/de\/wp-json\/wp\/v2\/media?parent=2212"}],"wp:term":[{"taxonomy":"product_brand","embeddable":true,"href":"https:\/\/uhmwpemanufacture.com\/de\/wp-json\/wp\/v2\/product_brand?post=2212"},{"taxonomy":"product_cat","embeddable":true,"href":"https:\/\/uhmwpemanufacture.com\/de\/wp-json\/wp\/v2\/product_cat?post=2212"},{"taxonomy":"product_tag","embeddable":true,"href":"https:\/\/uhmwpemanufacture.com\/de\/wp-json\/wp\/v2\/product_tag?post=2212"}],"curies":[{"name":"wp","href":"https:\/\/api.w.org\/{rel}","templated":true}]}}