{"id":2216,"date":"2025-10-11T06:15:18","date_gmt":"2025-10-11T06:15:18","guid":{"rendered":"https:\/\/uhmwpemanufacture.com\/?post_type=product&#038;p=2216"},"modified":"2025-10-11T06:15:19","modified_gmt":"2025-10-11T06:15:19","slug":"composite-plastic-mat-heavy-equipment-amphi-mat-wholesaler","status":"publish","type":"product","link":"https:\/\/uhmwpemanufacture.com\/de\/composite-plastic-mat-heavy-equipment-amphi-mat-wholesaler\/","title":{"rendered":"Komposit-Kunststoffmatte Schwere Ausr\u00fcstung Amphi Mat Gro\u00dfh\u00e4ndler"},"content":{"rendered":"<h2 id=\"heavy-duty-compound-plastic-mats\">Hochbelastbare Verbundkunststoffmatten<\/h2>\n<p>Als f\u00fchrender Gro\u00dfh\u00e4ndler bieten wir strapazierf\u00e4hige Verbundkunststoffmatten an, die f\u00fcr schwere Ger\u00e4te und schwieriges Gel\u00e4nde entwickelt wurden und auch als Amphibienbodenbel\u00e4ge bezeichnet werden. Die Bilder zeigen gro\u00dfe, langlebige Matten mit einem ausgepr\u00e4gten rubinroten Plattenmuster, das hervorragenden Halt und Stabilit\u00e4t bietet. Diese Matten wurden entwickelt, um schwere Lasten zu verteilen, empfindliche Oberfl\u00e4chen zu sch\u00fctzen und kurzlebige Stra\u00dfen oder Arbeitssysteme zu schaffen.<\/p>\n<p>Unsere Bodenbel\u00e4ge aus Verbundkunststoff sind ideal f\u00fcr Baustellen, Veranstaltungen oder jede Art von Anwendung, bei der ein Schutz des Bodens und ein Zugang f\u00fcr schweres Ger\u00e4t erforderlich sind, und stellen eine unverzichtbare L\u00f6sung dar. Sie sind leicht und dennoch au\u00dferordentlich stabil, chemikalienbest\u00e4ndig und halten extremen Witterungsbedingungen stand, ohne zu splittern oder zu knicken. Diese Matten sind leicht zu montieren und zu entfernen, minimieren die Reparaturkosten und verbessern die Funktionsf\u00e4higkeit. Kaufen Sie unsere robusten Amphibienmatten f\u00fcr zuverl\u00e4ssige Bodensicherheit und hervorragende Leistung.<\/p>","protected":false},"excerpt":{"rendered":"<p>Wir sind Gro\u00dfh\u00e4ndler f\u00fcr Hochleistungs-Kunststoffmatten aus Verbundwerkstoff, auch bekannt als Amphibienmatten, f\u00fcr schweres Ger\u00e4t. Diese strapazierf\u00e4higen Matten verf\u00fcgen \u00fcber ein Rautenmuster f\u00fcr hervorragende Traktion, Lastverteilung und Oberfl\u00e4chenschutz. Sie sind leicht, chemikalienbest\u00e4ndig und widerstehen extremen Witterungsbedingungen und eignen sich ideal f\u00fcr tempor\u00e4re Fahrbahnen und Bodenschutz.<\/p>","protected":false},"featured_media":2220,"template":"","meta":{"_gspb_post_css":""},"product_brand":[],"product_cat":[24,28,26],"product_tag":[78,417,139],"class_list":{"0":"post-2216","1":"product","2":"type-product","3":"status-publish","4":"has-post-thumbnail","6":"product_cat-ground-protection-road-mats","7":"product_cat-amphi-mats","8":"product_cat-base-mats","9":"product_tag-amphi-mat","10":"product_tag-composite-mats","11":"product_tag-ground-protection","13":"first","14":"instock","15":"shipping-taxable","16":"product-type-simple"},"_links":{"self":[{"href":"https:\/\/uhmwpemanufacture.com\/de\/wp-json\/wp\/v2\/product\/2216","targetHints":{"allow":["GET"]}}],"collection":[{"href":"https:\/\/uhmwpemanufacture.com\/de\/wp-json\/wp\/v2\/product"}],"about":[{"href":"https:\/\/uhmwpemanufacture.com\/de\/wp-json\/wp\/v2\/types\/product"}],"wp:featuredmedia":[{"embeddable":true,"href":"https:\/\/uhmwpemanufacture.com\/de\/wp-json\/wp\/v2\/media\/2220"}],"wp:attachment":[{"href":"https:\/\/uhmwpemanufacture.com\/de\/wp-json\/wp\/v2\/media?parent=2216"}],"wp:term":[{"taxonomy":"product_brand","embeddable":true,"href":"https:\/\/uhmwpemanufacture.com\/de\/wp-json\/wp\/v2\/product_brand?post=2216"},{"taxonomy":"product_cat","embeddable":true,"href":"https:\/\/uhmwpemanufacture.com\/de\/wp-json\/wp\/v2\/product_cat?post=2216"},{"taxonomy":"product_tag","embeddable":true,"href":"https:\/\/uhmwpemanufacture.com\/de\/wp-json\/wp\/v2\/product_tag?post=2216"}],"curies":[{"name":"wp","href":"https:\/\/api.w.org\/{rel}","templated":true}]}}