{"id":2221,"date":"2025-10-11T06:22:11","date_gmt":"2025-10-11T06:22:11","guid":{"rendered":"https:\/\/uhmwpemanufacture.com\/?post_type=product&#038;p=2221"},"modified":"2025-10-11T06:22:12","modified_gmt":"2025-10-11T06:22:12","slug":"temporary-paving-slabs-base-mat-temporary-road-mat-supplier","status":"publish","type":"product","link":"https:\/\/uhmwpemanufacture.com\/de\/temporary-paving-slabs-base-mat-temporary-road-mat-supplier\/","title":{"rendered":"Tempor\u00e4re Pflasterplatten Bodenmatte Tempor\u00e4re Stra\u00dfenmatte Lieferant"},"content":{"rendered":"<h2 id=\"temporary-road-and-base-mats\">Tempor\u00e4re Stra\u00dfen- und Bodenmatten<\/h2>\n<p>Wir sind ein zuverl\u00e4ssiger Lieferant von kurzfristigen Pflastersteinen und Bodenbel\u00e4gen, die sich hervorragend f\u00fcr den Aufbau von tempor\u00e4ren Stra\u00dfen und festen Untergr\u00fcnden eignen. Die Fotos zeigen unsere elastischen Bodenbel\u00e4ge, die sowohl in dunklem als auch in lebhaftem Blau erh\u00e4ltlich sind und ein rubinrotes Plattenmuster f\u00fcr verbesserte Griffigkeit und Sicherheit aufweisen. Diese Matten wurden entwickelt, um zuverl\u00e4ssige Bodensicherheit und Zug\u00e4nglichkeit auf weichem Boden, Schlamm oder empfindlichen Oberfl\u00e4chen zu gew\u00e4hrleisten.<\/p>\n<p>Unsere tempor\u00e4ren Stra\u00dfenmatten eignen sich hervorragend f\u00fcr Bau- und Baustellen, Veranstaltungen im Freien, den Zugang zu schweren Ger\u00e4ten und abgelegene Arbeitsbereiche, bei denen Bodenstabilit\u00e4t wichtig ist. Sie werden aus hochwertigen Verbundwerkstoffen hergestellt, sind langlebig, leicht und resistent gegen Chemikalien, UV-Strahlen und extreme Witterungsbedingungen. Diese einfach zu verlegenden und zu vernetzenden Bodenbel\u00e4ge verringern Sch\u00e4den an der Website, minimieren die Kosten f\u00fcr die Reinigung und garantieren einen effektiven Betrieb. Entscheiden Sie sich f\u00fcr unsere Kurzzeitpflaster f\u00fcr eine vertrauensw\u00fcrdige, kosteneffiziente und umweltfreundliche Option f\u00fcr alle Ihre Bodenschutzanforderungen.<\/p>","protected":false},"excerpt":{"rendered":"<p>Wir liefern langlebige tempor\u00e4re Pflasterplatten und Stra\u00dfenmatten, die sich ideal f\u00fcr den Bodenschutz und die Schaffung tempor\u00e4rer Zufahrten eignen. Diese Matten sind mit einem rutschfesten Rautenmuster versehen und gew\u00e4hrleisten die Stabilit\u00e4t von schwerem Ger\u00e4t auf weichen oder empfindlichen Oberfl\u00e4chen. Sie sind leicht, witterungsbest\u00e4ndig und einfach zu verlegen. Sie verringern Sch\u00e4den auf der Baustelle und verbessern die betriebliche Effizienz.<\/p>","protected":false},"featured_media":2223,"template":"","meta":{"_gspb_post_css":""},"product_brand":[],"product_cat":[24,26,25],"product_tag":[139,412,76],"class_list":{"0":"post-2221","1":"product","2":"type-product","3":"status-publish","4":"has-post-thumbnail","6":"product_cat-ground-protection-road-mats","7":"product_cat-base-mats","8":"product_cat-quick-mats","9":"product_tag-ground-protection","10":"product_tag-paving-slabs","11":"product_tag-temporary-road-mats","13":"first","14":"instock","15":"shipping-taxable","16":"product-type-simple"},"_links":{"self":[{"href":"https:\/\/uhmwpemanufacture.com\/de\/wp-json\/wp\/v2\/product\/2221","targetHints":{"allow":["GET"]}}],"collection":[{"href":"https:\/\/uhmwpemanufacture.com\/de\/wp-json\/wp\/v2\/product"}],"about":[{"href":"https:\/\/uhmwpemanufacture.com\/de\/wp-json\/wp\/v2\/types\/product"}],"wp:featuredmedia":[{"embeddable":true,"href":"https:\/\/uhmwpemanufacture.com\/de\/wp-json\/wp\/v2\/media\/2223"}],"wp:attachment":[{"href":"https:\/\/uhmwpemanufacture.com\/de\/wp-json\/wp\/v2\/media?parent=2221"}],"wp:term":[{"taxonomy":"product_brand","embeddable":true,"href":"https:\/\/uhmwpemanufacture.com\/de\/wp-json\/wp\/v2\/product_brand?post=2221"},{"taxonomy":"product_cat","embeddable":true,"href":"https:\/\/uhmwpemanufacture.com\/de\/wp-json\/wp\/v2\/product_cat?post=2221"},{"taxonomy":"product_tag","embeddable":true,"href":"https:\/\/uhmwpemanufacture.com\/de\/wp-json\/wp\/v2\/product_tag?post=2221"}],"curies":[{"name":"wp","href":"https:\/\/api.w.org\/{rel}","templated":true}]}}