{"id":2227,"date":"2025-10-11T06:25:58","date_gmt":"2025-10-11T06:25:58","guid":{"rendered":"https:\/\/uhmwpemanufacture.com\/?post_type=product&#038;p=2227"},"modified":"2025-10-11T06:30:11","modified_gmt":"2025-10-11T06:30:11","slug":"high-quality-custom-coal-bunker-limit-plate-hdpe-sheet-dealer","status":"publish","type":"product","link":"https:\/\/uhmwpemanufacture.com\/de\/high-quality-custom-coal-bunker-limit-plate-hdpe-sheet-dealer\/","title":{"rendered":"Hochwertige kundenspezifische Kohle Bunker Grenze Platte HDPE Blatt H\u00e4ndler"},"content":{"rendered":"<h2 id=\"item-description\">Artikel Beschreibung<\/h2>\n<p>Diese hochwertigen, ma\u00dfgeschneiderten Bleche sind langlebig und ideal f\u00fcr schwere gewerbliche Anwendungen. Als Lieferant bieten wir ma\u00dfgeschneiderte L\u00f6sungen f\u00fcr zahlreiche Anforderungen. Die glatte Oberfl\u00e4che und die robuste Struktur dieser HDPE-Platten sorgen f\u00fcr eine dauerhafte Leistung, die in Umgebungen wie Kohlebunkern gefragt ist, verringern den Verschlei\u00df und verl\u00e4ngern die Lebensdauer Ihrer Ausr\u00fcstung.<\/p>\n<p>Merkmale:<\/p>\n<ul>\n<li>Erstklassiges HDPE-Produkt<\/li>\n<li>Personalisierte Dimensionen<\/li>\n<li>Unverw\u00fcstlich und dauerhaft<\/li>\n<li>Perfekt f\u00fcr Kohlebunkerbegrenzungsschichten<\/li>\n<li>Hervorragende Verschlei\u00dffestigkeit<\/li>\n<li>Glatte, reibungsarme Oberfl\u00e4che<\/li>\n<li>Zuverl\u00e4ssige Effizienz in industriellen Umgebungen<\/li>\n<\/ul>\n<p>Setzen Sie sich mit uns in Verbindung, um mehr \u00fcber unser Angebot an HDPE-Folien zu erfahren und dar\u00fcber, wie Ihr Unternehmen davon profitieren kann.<\/p>","protected":false},"excerpt":{"rendered":"<p>Dieser Stapel hochwertiger, ma\u00dfgefertigter schwarzer HDPE-Platten eignet sich perfekt f\u00fcr Kohlebunkerbegrenzungsplatten. Als f\u00fchrender H\u00e4ndler bieten wir langlebige und verschlei\u00dffeste L\u00f6sungen, die auf den industriellen Einsatz zugeschnitten sind. Diese Platten bieten ausgezeichneten Schutz und verl\u00e4ngern die Lebensdauer der Ausr\u00fcstung in anspruchsvollen Umgebungen<\/p>","protected":false},"featured_media":2230,"template":"","meta":{"_gspb_post_css":""},"product_brand":[],"product_cat":[15,22],"product_tag":[389,59,390],"class_list":{"0":"post-2227","1":"product","2":"type-product","3":"status-publish","4":"has-post-thumbnail","6":"product_cat-uhmwpe-hdpe-sheets-plates","7":"product_cat-coal-bunker-limit-plates","8":"product_tag-coal-bunker","9":"product_tag-hdpe-sheet","10":"product_tag-limit-plate","12":"first","13":"instock","14":"shipping-taxable","15":"product-type-simple"},"_links":{"self":[{"href":"https:\/\/uhmwpemanufacture.com\/de\/wp-json\/wp\/v2\/product\/2227","targetHints":{"allow":["GET"]}}],"collection":[{"href":"https:\/\/uhmwpemanufacture.com\/de\/wp-json\/wp\/v2\/product"}],"about":[{"href":"https:\/\/uhmwpemanufacture.com\/de\/wp-json\/wp\/v2\/types\/product"}],"wp:featuredmedia":[{"embeddable":true,"href":"https:\/\/uhmwpemanufacture.com\/de\/wp-json\/wp\/v2\/media\/2230"}],"wp:attachment":[{"href":"https:\/\/uhmwpemanufacture.com\/de\/wp-json\/wp\/v2\/media?parent=2227"}],"wp:term":[{"taxonomy":"product_brand","embeddable":true,"href":"https:\/\/uhmwpemanufacture.com\/de\/wp-json\/wp\/v2\/product_brand?post=2227"},{"taxonomy":"product_cat","embeddable":true,"href":"https:\/\/uhmwpemanufacture.com\/de\/wp-json\/wp\/v2\/product_cat?post=2227"},{"taxonomy":"product_tag","embeddable":true,"href":"https:\/\/uhmwpemanufacture.com\/de\/wp-json\/wp\/v2\/product_tag?post=2227"}],"curies":[{"name":"wp","href":"https:\/\/api.w.org\/{rel}","templated":true}]}}