{"id":2233,"date":"2025-10-11T06:29:35","date_gmt":"2025-10-11T06:29:35","guid":{"rendered":"https:\/\/uhmwpemanufacture.com\/?post_type=product&#038;p=2233"},"modified":"2025-10-11T06:29:57","modified_gmt":"2025-10-11T06:29:57","slug":"crane-outrigger-pads-stable-support-heavy-loads-wholesaler","status":"publish","type":"product","link":"https:\/\/uhmwpemanufacture.com\/de\/crane-outrigger-pads-stable-support-heavy-loads-wholesaler\/","title":{"rendered":"Kran Ausleger Pads Stabile Unterst\u00fctzung schwere Lasten Gro\u00dfh\u00e4ndler"},"content":{"rendered":"<p>Unsere Kranauslegerpads sind f\u00fcr die Sicherheit und Effizienz auf Baustellen, Industriegel\u00e4nden und verschiedenen anderen anspruchsvollen Anwendungen unerl\u00e4sslich. Sie sind so konstruiert, dass sie schwerem Druck standhalten und eine seri\u00f6se Struktur f\u00fcr Kr\u00e4ne und andere schwere Ger\u00e4te bieten. Die gezeigten Pads zeigen ihre Effizienz bei der Bereitstellung einer sicheren Basis, wobei ein Foto ein integriertes Management f\u00fcr einfachen Transport und Positionierung hervorhebt.<\/p>\n<p>Funktionen:<\/p>\n<ul>\n<li>Hochwertiges, langlebiges Material<\/li>\n<li>Ausgezeichnete Gewichtsverteilung<\/li>\n<li>Verhindert Oberfl\u00e4chensch\u00e4den<\/li>\n<li>Erh\u00f6ht die Sicherheit der Ger\u00e4te<\/li>\n<li>H\u00e4lt heftigen Tonnen und Belastungen stand<\/li>\n<li>Geeignet f\u00fcr zahlreiche kommerzielle Anwendungen<\/li>\n<li>Erh\u00e4ltlich mit m\u00fchelos zu bedienenden Funktionen<\/li>\n<\/ul>","protected":false},"excerpt":{"rendered":"<p>Diese Kranabst\u00fctzungen bieten eine stabile Abst\u00fctzung f\u00fcr schwere Lasten, die auf beiden Bildern unter den Maschinen zu sehen ist. Als Gro\u00dfh\u00e4ndler liefern wir haltbare Unterlagen, die das Gewicht verteilen, Oberfl\u00e4chensch\u00e4den verhindern und die Sicherheit bei allen schweren Hebearbeiten erh\u00f6hen. Unverzichtbar f\u00fcr jeden Industriestandort.<\/p>","protected":false},"featured_media":2236,"template":"","meta":{"_gspb_post_css":""},"product_brand":[],"product_cat":[15,20],"product_tag":[427,431,430],"class_list":{"0":"post-2233","1":"product","2":"type-product","3":"status-publish","4":"has-post-thumbnail","6":"product_cat-uhmwpe-hdpe-sheets-plates","7":"product_cat-crane-outrigger-pads","8":"product_tag-crane-pads","9":"product_tag-heavy-equipment","10":"product_tag-outrigger","12":"first","13":"instock","14":"shipping-taxable","15":"product-type-simple"},"_links":{"self":[{"href":"https:\/\/uhmwpemanufacture.com\/de\/wp-json\/wp\/v2\/product\/2233","targetHints":{"allow":["GET"]}}],"collection":[{"href":"https:\/\/uhmwpemanufacture.com\/de\/wp-json\/wp\/v2\/product"}],"about":[{"href":"https:\/\/uhmwpemanufacture.com\/de\/wp-json\/wp\/v2\/types\/product"}],"wp:featuredmedia":[{"embeddable":true,"href":"https:\/\/uhmwpemanufacture.com\/de\/wp-json\/wp\/v2\/media\/2236"}],"wp:attachment":[{"href":"https:\/\/uhmwpemanufacture.com\/de\/wp-json\/wp\/v2\/media?parent=2233"}],"wp:term":[{"taxonomy":"product_brand","embeddable":true,"href":"https:\/\/uhmwpemanufacture.com\/de\/wp-json\/wp\/v2\/product_brand?post=2233"},{"taxonomy":"product_cat","embeddable":true,"href":"https:\/\/uhmwpemanufacture.com\/de\/wp-json\/wp\/v2\/product_cat?post=2233"},{"taxonomy":"product_tag","embeddable":true,"href":"https:\/\/uhmwpemanufacture.com\/de\/wp-json\/wp\/v2\/product_tag?post=2233"}],"curies":[{"name":"wp","href":"https:\/\/api.w.org\/{rel}","templated":true}]}}