{"id":2244,"date":"2025-10-11T06:43:39","date_gmt":"2025-10-11T06:43:39","guid":{"rendered":"https:\/\/uhmwpemanufacture.com\/?post_type=product&#038;p=2244"},"modified":"2025-10-11T06:43:39","modified_gmt":"2025-10-11T06:43:39","slug":"custom-hdpe-sheet-hockey-practice-shooting-pads-supplier","status":"publish","type":"product","link":"https:\/\/uhmwpemanufacture.com\/de\/custom-hdpe-sheet-hockey-practice-shooting-pads-supplier\/","title":{"rendered":"Benutzerdefinierte HDPE Blatt Hockey Praxis Schie\u00dfen Pads Lieferant"},"content":{"rendered":"<h2 id=\"custom-made-hdpe-sheet-hockey-method-capturing-pads\">Ma\u00dfgefertigte HDPE-Platten f\u00fcr die Hockey-Methode Auffangpads<\/h2>\n<p>Wir sind ein Top-Lieferant von kundenspezifischen HDPE-Platten, die sich ideal f\u00fcr die Herstellung von elastischen und gl\u00e4nzenden Hockey-Methoden-Schusspolstern eignen. Unsere hochdichten Polyethylenplatten bieten eine hervorragende Widerstandsf\u00e4higkeit und eine reibungsarme Oberfl\u00e4che, die die tats\u00e4chlichen Eisbedingungen f\u00fcr ein effektives Training au\u00dferhalb des Eises imitiert. Die Pads sind in verschiedenen St\u00e4rken und Abmessungen erh\u00e4ltlich und eignen sich perfekt zur Verbesserung der Puckhandhabung, der Schussgenauigkeit und der allgemeinen Hockeyf\u00e4higkeiten. Unsere HDPE-Platten sind witterungsbest\u00e4ndig und langlebig und damit eine zuverl\u00e4ssige und kosteneffiziente Option sowohl f\u00fcr private Spieler als auch f\u00fcr Trainingseinrichtungen. Mit unseren hochwertigen HDPE-Platten k\u00f6nnen Sie Ihren Technikbereich ganz einfach anpassen.<\/p>","protected":false},"excerpt":{"rendered":"<p>Lieferant von kundenspezifischen HDPE-Platten f\u00fcr Eishockey-\u00dcbungssch\u00fctzer. Langlebige, reibungsarme Oberfl\u00e4che imitiert Eis f\u00fcr das Training au\u00dferhalb des Eises. Verbessern Sie den Umgang mit dem Puck und Ihre Schie\u00dfk\u00fcnste mit unseren witterungsbest\u00e4ndigen, langlebigen Platten. Erh\u00e4ltlich in verschiedenen Gr\u00f6\u00dfen f\u00fcr personalisierte Trainingsaufbauten.<\/p>","protected":false},"featured_media":2248,"template":"","meta":{"_gspb_post_css":""},"product_brand":[],"product_cat":[29,31],"product_tag":[59,435,436],"class_list":{"0":"post-2244","1":"product","2":"type-product","3":"status-publish","4":"has-post-thumbnail","6":"product_cat-ice-rink-products","7":"product_cat-hockey-practice-shooting-pads","8":"product_tag-hdpe-sheet","9":"product_tag-hockey","10":"product_tag-shooting-pad","12":"first","13":"instock","14":"shipping-taxable","15":"product-type-simple"},"_links":{"self":[{"href":"https:\/\/uhmwpemanufacture.com\/de\/wp-json\/wp\/v2\/product\/2244","targetHints":{"allow":["GET"]}}],"collection":[{"href":"https:\/\/uhmwpemanufacture.com\/de\/wp-json\/wp\/v2\/product"}],"about":[{"href":"https:\/\/uhmwpemanufacture.com\/de\/wp-json\/wp\/v2\/types\/product"}],"wp:featuredmedia":[{"embeddable":true,"href":"https:\/\/uhmwpemanufacture.com\/de\/wp-json\/wp\/v2\/media\/2248"}],"wp:attachment":[{"href":"https:\/\/uhmwpemanufacture.com\/de\/wp-json\/wp\/v2\/media?parent=2244"}],"wp:term":[{"taxonomy":"product_brand","embeddable":true,"href":"https:\/\/uhmwpemanufacture.com\/de\/wp-json\/wp\/v2\/product_brand?post=2244"},{"taxonomy":"product_cat","embeddable":true,"href":"https:\/\/uhmwpemanufacture.com\/de\/wp-json\/wp\/v2\/product_cat?post=2244"},{"taxonomy":"product_tag","embeddable":true,"href":"https:\/\/uhmwpemanufacture.com\/de\/wp-json\/wp\/v2\/product_tag?post=2244"}],"curies":[{"name":"wp","href":"https:\/\/api.w.org\/{rel}","templated":true}]}}