{"id":2254,"date":"2025-10-11T06:50:49","date_gmt":"2025-10-11T06:50:49","guid":{"rendered":"https:\/\/uhmwpemanufacture.com\/?post_type=product&#038;p=2254"},"modified":"2025-10-11T06:50:49","modified_gmt":"2025-10-11T06:50:49","slug":"high-quality-ice-synthetic-panel-polyethylene-board-vendor","status":"publish","type":"product","link":"https:\/\/uhmwpemanufacture.com\/de\/high-quality-ice-synthetic-panel-polyethylene-board-vendor\/","title":{"rendered":"Hochwertige Eis-Kunststoffplatte Polyethylenplatte Anbieter"},"content":{"rendered":"<h2 id=\"high-quality-ice-synthetic-panel-polyethylene-board\">Hochwertige Eis-Kunststoffplatte Polyethylenplatte<\/h2>\n<p>Wir sind ein vertrauensw\u00fcrdiger Anbieter von erstklassigen synthetischen Eisplatten, die aus kostenintensivem Polyethylen hergestellt werden. Diese langlebigen Platten wurden entwickelt, um das glatte Gleiten und die Effizienz von echtem Eis zu reproduzieren und bieten eine au\u00dfergew\u00f6hnliche Oberfl\u00e4che f\u00fcr Schlittschuhlaufen, Hockey und verschiedene Eissportarten das ganze Jahr \u00fcber. Unsere Kunsteisplatten bieten eine hervorragende Verschlei\u00dffestigkeit, geringe Reibung und sind sowohl f\u00fcr Innen- als auch Au\u00dfenanwendungen UV-best\u00e4ndig. Sie sind einfach zu montieren und zu warten und stellen eine erschwingliche und umweltfreundliche Alternative zu herk\u00f6mmlichen Eisbahnen dar, da kein Wasser und keine K\u00fchlung erforderlich sind. Sie sind ideal f\u00fcr Gesch\u00e4ftseisbahnen, Schulungseinrichtungen und f\u00fcr die private Nutzung.<\/p>","protected":false},"excerpt":{"rendered":"<p>Lieferant von hochwertigen synthetischen Eisplatten. Die Polyethylenplatten sind echtem Eis f\u00fcr Schlittschuhlaufen und Hockey nachempfunden. Langlebig, reibungsarm und UV-stabilisiert f\u00fcr die Verwendung im Innen- und Au\u00dfenbereich. Eine kosteng\u00fcnstige, umweltfreundliche Eisalternative, die leicht zu installieren und zu pflegen ist.<\/p>","protected":false},"featured_media":2257,"template":"","meta":{"_gspb_post_css":""},"product_brand":[],"product_cat":[29,32],"product_tag":[439,199,272],"class_list":{"0":"post-2254","1":"product","2":"type-product","3":"status-publish","4":"has-post-thumbnail","6":"product_cat-ice-rink-products","7":"product_cat-ice-synthetic-panels","8":"product_tag-ice-panel","9":"product_tag-polyethylene-board","10":"product_tag-synthetic-ice","12":"first","13":"instock","14":"shipping-taxable","15":"product-type-simple"},"_links":{"self":[{"href":"https:\/\/uhmwpemanufacture.com\/de\/wp-json\/wp\/v2\/product\/2254","targetHints":{"allow":["GET"]}}],"collection":[{"href":"https:\/\/uhmwpemanufacture.com\/de\/wp-json\/wp\/v2\/product"}],"about":[{"href":"https:\/\/uhmwpemanufacture.com\/de\/wp-json\/wp\/v2\/types\/product"}],"wp:featuredmedia":[{"embeddable":true,"href":"https:\/\/uhmwpemanufacture.com\/de\/wp-json\/wp\/v2\/media\/2257"}],"wp:attachment":[{"href":"https:\/\/uhmwpemanufacture.com\/de\/wp-json\/wp\/v2\/media?parent=2254"}],"wp:term":[{"taxonomy":"product_brand","embeddable":true,"href":"https:\/\/uhmwpemanufacture.com\/de\/wp-json\/wp\/v2\/product_brand?post=2254"},{"taxonomy":"product_cat","embeddable":true,"href":"https:\/\/uhmwpemanufacture.com\/de\/wp-json\/wp\/v2\/product_cat?post=2254"},{"taxonomy":"product_tag","embeddable":true,"href":"https:\/\/uhmwpemanufacture.com\/de\/wp-json\/wp\/v2\/product_tag?post=2254"}],"curies":[{"name":"wp","href":"https:\/\/api.w.org\/{rel}","templated":true}]}}