{"id":2291,"date":"2025-10-11T07:12:51","date_gmt":"2025-10-11T07:12:51","guid":{"rendered":"https:\/\/uhmwpemanufacture.com\/?post_type=product&#038;p=2291"},"modified":"2025-10-11T07:12:52","modified_gmt":"2025-10-11T07:12:52","slug":"uhmwpe-plate-sheet-uhmw-polyethylene-cast-plate-suppliers","status":"publish","type":"product","link":"https:\/\/uhmwpemanufacture.com\/de\/uhmwpe-plate-sheet-uhmw-polyethylene-cast-plate-suppliers\/","title":{"rendered":"UHMWPE-Platten UHMW-Polyethylen-Gussplatten Lieferanten"},"content":{"rendered":"<h2 id=\"uhmwpe-plate-sheet\">UHMWPE-Platten<\/h2>\n<p>Diese UHMWPE-Platten (Ultra High Molecular Weight Polyethylene) bieten eine ph\u00e4nomenale Effizienz f\u00fcr eine Reihe von kommerziellen Anwendungen. Bekannt f\u00fcr ihre hohe Schlagz\u00e4higkeit, hervorragende Abriebfestigkeit und einen sehr niedrigen Reibungskoeffizienten, eignen sich diese Gussplatten f\u00fcr Verschlei\u00dfanwendungen, zellul\u00e4re Auskleidungen von Rutschen und \u00dcbersichtsschienen.<\/p>\n<p>Erh\u00e4ltlich in einer Reihe von dynamischen Farben, wie die Bilder erhalten, sind diese Platten auch resistent gegen viele Chemikalien und bieten hervorragende elektrische Schutz von Geb\u00e4uden. Ihr geringes Gewicht und die einfache Bearbeitung machen sie zu einem funktionalen Material f\u00fcr personalisierte Komponenten und Elemente. Als f\u00fchrender Distributor liefern wir hochwertige UHMW-Polyethylen-Platten, die Belastbarkeit und dauerhafte Effizienz garantieren beliebte Einstellungen. Ob in der Produktion, beim Materialtransport oder in der Unterhaltungsbranche, diese Platten werden so hergestellt, dass sie den strengen Anforderungen gerecht werden.<\/p>","protected":false},"excerpt":{"rendered":"<p>Unsere UHMWPE-Platten (Ultra High Molecular Weight Polyethylene) bieten eine hervorragende Schlagfestigkeit, Abriebfestigkeit und einen niedrigen Reibungskoeffizienten. Diese in mehreren Farben erh\u00e4ltlichen Gussplatten eignen sich perfekt f\u00fcr industrielle Verschlei\u00dfanwendungen, Auskleidungen von Sch\u00e4chten und kundenspezifische Teile und bieten Haltbarkeit und chemische Best\u00e4ndigkeit.<\/p>","protected":false},"featured_media":2295,"template":"","meta":{"_gspb_post_css":""},"product_brand":[],"product_cat":[15,17],"product_tag":[445,403,396],"class_list":{"0":"post-2291","1":"product","2":"type-product","3":"status-publish","4":"has-post-thumbnail","6":"product_cat-uhmwpe-hdpe-sheets-plates","7":"product_cat-uhmwpe-sheets","8":"product_tag-plastic-sheet","9":"product_tag-polyethylene","10":"product_tag-uhmwpe","12":"first","13":"instock","14":"shipping-taxable","15":"product-type-simple"},"_links":{"self":[{"href":"https:\/\/uhmwpemanufacture.com\/de\/wp-json\/wp\/v2\/product\/2291","targetHints":{"allow":["GET"]}}],"collection":[{"href":"https:\/\/uhmwpemanufacture.com\/de\/wp-json\/wp\/v2\/product"}],"about":[{"href":"https:\/\/uhmwpemanufacture.com\/de\/wp-json\/wp\/v2\/types\/product"}],"wp:featuredmedia":[{"embeddable":true,"href":"https:\/\/uhmwpemanufacture.com\/de\/wp-json\/wp\/v2\/media\/2295"}],"wp:attachment":[{"href":"https:\/\/uhmwpemanufacture.com\/de\/wp-json\/wp\/v2\/media?parent=2291"}],"wp:term":[{"taxonomy":"product_brand","embeddable":true,"href":"https:\/\/uhmwpemanufacture.com\/de\/wp-json\/wp\/v2\/product_brand?post=2291"},{"taxonomy":"product_cat","embeddable":true,"href":"https:\/\/uhmwpemanufacture.com\/de\/wp-json\/wp\/v2\/product_cat?post=2291"},{"taxonomy":"product_tag","embeddable":true,"href":"https:\/\/uhmwpemanufacture.com\/de\/wp-json\/wp\/v2\/product_tag?post=2291"}],"curies":[{"name":"wp","href":"https:\/\/api.w.org\/{rel}","templated":true}]}}