{"id":2306,"date":"2025-10-11T07:29:36","date_gmt":"2025-10-11T07:29:36","guid":{"rendered":"https:\/\/uhmwpemanufacture.com\/?post_type=product&#038;p=2306"},"modified":"2025-10-11T07:29:36","modified_gmt":"2025-10-11T07:29:36","slug":"crane-mats-polyethylene-stabilizer-outrigger-pads-supplier","status":"publish","type":"product","link":"https:\/\/uhmwpemanufacture.com\/de\/crane-mats-polyethylene-stabilizer-outrigger-pads-supplier\/","title":{"rendered":"Kranmatten Polyethylen Stabilisator Auslegerpads Lieferant"},"content":{"rendered":"<h2 id=\"crane-mats-polyethylene-stabilizer-outrigger-pads\">Kranmatten Polyethylen Stabilisator Auslegerpads<\/h2>\n<p>Unsere Kranmatten und Polyethylen-Stabilisierungspads f\u00fcr Ausleger sind unerl\u00e4sslich, um die Sicherheit bei schweren Hebearbeiten zu erh\u00f6hen. Wie auf dem Bild zu sehen ist, werden diese Matten unter die Auslegerf\u00fc\u00dfe von Kr\u00e4nen und anderen schweren Maschinen gelegt, um gro\u00dfe Lasten auf eine gr\u00f6\u00dfere Fl\u00e4che zu verteilen. Dies sch\u00fctzt vor dem Einsinken in weiche B\u00f6den, schont empfindliche Oberfl\u00e4chen und bietet eine sichere, stabile Basis f\u00fcr Ger\u00e4te.<\/p>\n<p>Diese aus hochdichtem Polyethylen (HDPE) gefertigten Auslegerpads sind au\u00dfergew\u00f6hnlich widerstandsf\u00e4hig, leicht und resistent gegen Wasser, Chemikalien und hohe Temperaturen. Im Gegensatz zu herk\u00f6mmlichen Holzbel\u00e4gen verrotten sie nicht, splittern nicht und nehmen keine N\u00e4sse auf, was eine wesentlich l\u00e4ngere Lebensdauer und gleichbleibende Leistung gew\u00e4hrleistet. Mit eingebauten Managements f\u00fcr einfachen Transport und Positionierung sind unsere Pads das geeignete Mittel, um sichere und effiziente Kran- und Schwermaschinenverfahren auf verschiedenen Oberfl\u00e4chen und M\u00e4rkten zu gew\u00e4hrleisten. Als zuverl\u00e4ssiger Anbieter bieten wir langlebige und zuverl\u00e4ssige Auslegerpolster.<\/p>","protected":false},"excerpt":{"rendered":"<p>Unsere Auslegermatten aus Polyethylen sorgen f\u00fcr die n\u00f6tige Stabilit\u00e4t von Kr\u00e4nen und schwerem Ger\u00e4t. Diese leichten, strapazierf\u00e4higen Matten verteilen die Lasten, verhindern das Einsinken und sch\u00fctzen die Oberfl\u00e4chen. Sie sind wasser- und chemikalienbest\u00e4ndig und gew\u00e4hrleisten einen sicheren, effizienten Betrieb auf unterschiedlichem Terrain. Unverzichtbar im Baugewerbe und bei schweren Hebearbeiten.<\/p>","protected":false},"featured_media":2310,"template":"","meta":{"_gspb_post_css":""},"product_brand":[],"product_cat":[15,20],"product_tag":[261,256,86],"class_list":{"0":"post-2306","1":"product","2":"type-product","3":"status-publish","4":"has-post-thumbnail","6":"product_cat-uhmwpe-hdpe-sheets-plates","7":"product_cat-crane-outrigger-pads","8":"product_tag-crane-mats","9":"product_tag-outrigger-pads","10":"product_tag-polyethylene-pads","12":"first","13":"instock","14":"shipping-taxable","15":"product-type-simple"},"_links":{"self":[{"href":"https:\/\/uhmwpemanufacture.com\/de\/wp-json\/wp\/v2\/product\/2306","targetHints":{"allow":["GET"]}}],"collection":[{"href":"https:\/\/uhmwpemanufacture.com\/de\/wp-json\/wp\/v2\/product"}],"about":[{"href":"https:\/\/uhmwpemanufacture.com\/de\/wp-json\/wp\/v2\/types\/product"}],"wp:featuredmedia":[{"embeddable":true,"href":"https:\/\/uhmwpemanufacture.com\/de\/wp-json\/wp\/v2\/media\/2310"}],"wp:attachment":[{"href":"https:\/\/uhmwpemanufacture.com\/de\/wp-json\/wp\/v2\/media?parent=2306"}],"wp:term":[{"taxonomy":"product_brand","embeddable":true,"href":"https:\/\/uhmwpemanufacture.com\/de\/wp-json\/wp\/v2\/product_brand?post=2306"},{"taxonomy":"product_cat","embeddable":true,"href":"https:\/\/uhmwpemanufacture.com\/de\/wp-json\/wp\/v2\/product_cat?post=2306"},{"taxonomy":"product_tag","embeddable":true,"href":"https:\/\/uhmwpemanufacture.com\/de\/wp-json\/wp\/v2\/product_tag?post=2306"}],"curies":[{"name":"wp","href":"https:\/\/api.w.org\/{rel}","templated":true}]}}