{"id":895,"date":"2025-09-27T03:56:27","date_gmt":"2025-09-27T03:56:27","guid":{"rendered":"https:\/\/uhmwpemanufacture.com\/?post_type=product&#038;p=895"},"modified":"2025-09-27T03:56:27","modified_gmt":"2025-09-27T03:56:27","slug":"crane-outrigger-pads-uhmwpe-stabilizer-plates-supplier-china","status":"publish","type":"product","link":"https:\/\/uhmwpemanufacture.com\/de\/crane-outrigger-pads-uhmwpe-stabilizer-plates-supplier-china\/","title":{"rendered":"Kran Ausleger Pads UHMWPE Stabilisator Platten Lieferanten China"},"content":{"rendered":"<h2>Kranausleger Pads UHMWPE Stabilisierungsplatten Hersteller China<\/h2>\n<p>Leichte und dennoch hochfeste UHMWPE-Polster verteilen Buchsenpartien, um den Boden abzuschirmen und ein Absinken zu verhindern. Nicht leitend, korrosionsbest\u00e4ndig und klimabest\u00e4ndig. Texturierte, rutschfeste Oberfl\u00e4che mit abgeschr\u00e4gten Kanten und F\u00fchrungsschienen f\u00fcr sicheres Ablegen. Ideal f\u00fcr Kr\u00e4ne, Hebeb\u00fchnen und Fahrzeugausleger auf Schotter, Rasen oder Asphalt. Gr\u00f6\u00dfen 300 - 1200 mm, Dichte 20 - 100 mm, kundenspezifische Farbt\u00f6ne m\u00f6glich. Hergestellt in China mit schnellem Zuschnitt und schnellem Versand.<\/p>","protected":false},"excerpt":{"rendered":"<p>UHMWPE-Kranabst\u00fctzungen verteilen die Last des Hebers, um den Boden zu sch\u00fctzen und ein Absinken zu verhindern. Leicht, nicht leitend, korrosionsbest\u00e4ndig. Anti-Rutsch-Oberfl\u00e4che, abgeschr\u00e4gte Kanten, Tragegriffe. Gr\u00f6\u00dfen 300-1200 mm, 20-100 mm dick, Zuschnitt nach Ma\u00df. Ideal f\u00fcr Kr\u00e4ne und Aufz\u00fcge. Lieferant aus China.<\/p>","protected":false},"featured_media":898,"template":"","meta":{"_gspb_post_css":""},"product_brand":[],"product_cat":[15,20],"product_tag":[58,64,63],"class_list":{"0":"post-895","1":"product","2":"type-product","3":"status-publish","4":"has-post-thumbnail","6":"product_cat-uhmwpe-hdpe-sheets-plates","7":"product_cat-crane-outrigger-pads","8":"product_tag-china-supplier","9":"product_tag-crane-stabilizer-plates","10":"product_tag-uhmwpe-outrigger-pads","12":"first","13":"instock","14":"shipping-taxable","15":"product-type-simple"},"_links":{"self":[{"href":"https:\/\/uhmwpemanufacture.com\/de\/wp-json\/wp\/v2\/product\/895","targetHints":{"allow":["GET"]}}],"collection":[{"href":"https:\/\/uhmwpemanufacture.com\/de\/wp-json\/wp\/v2\/product"}],"about":[{"href":"https:\/\/uhmwpemanufacture.com\/de\/wp-json\/wp\/v2\/types\/product"}],"wp:featuredmedia":[{"embeddable":true,"href":"https:\/\/uhmwpemanufacture.com\/de\/wp-json\/wp\/v2\/media\/898"}],"wp:attachment":[{"href":"https:\/\/uhmwpemanufacture.com\/de\/wp-json\/wp\/v2\/media?parent=895"}],"wp:term":[{"taxonomy":"product_brand","embeddable":true,"href":"https:\/\/uhmwpemanufacture.com\/de\/wp-json\/wp\/v2\/product_brand?post=895"},{"taxonomy":"product_cat","embeddable":true,"href":"https:\/\/uhmwpemanufacture.com\/de\/wp-json\/wp\/v2\/product_cat?post=895"},{"taxonomy":"product_tag","embeddable":true,"href":"https:\/\/uhmwpemanufacture.com\/de\/wp-json\/wp\/v2\/product_tag?post=895"}],"curies":[{"name":"wp","href":"https:\/\/api.w.org\/{rel}","templated":true}]}}