{"id":918,"date":"2025-09-27T06:46:30","date_gmt":"2025-09-27T06:46:30","guid":{"rendered":"https:\/\/uhmwpemanufacture.com\/?post_type=product&#038;p=918"},"modified":"2025-09-27T06:46:30","modified_gmt":"2025-09-27T06:46:30","slug":"nylon-plastic-sheet-pa6-pa66-engineering-manufacturers-china","status":"publish","type":"product","link":"https:\/\/uhmwpemanufacture.com\/de\/nylon-plastic-sheet-pa6-pa66-engineering-manufacturers-china\/","title":{"rendered":"Nylon-Kunststoffplatten PA6 PA66 Engineering Hersteller China"},"content":{"rendered":"<h2>Nylon-Kunststoffplatten PA6 PA66 Engineering Hersteller China<\/h2>\n<p>PA6\/PA66-Platten in technischer Qualit\u00e4t mit hoher Z\u00e4higkeit, Steifigkeit und Verschlei\u00dffestigkeit. Geringere Reibung, gute Ersch\u00f6pfung und Schlagfestigkeit sowie Sicherheit bei hohen Temperaturen. Erh\u00e4ltlich in natur, schwarz, gr\u00fcn, rot; maschinell bearbeitet zu Teilen, Zahnr\u00e4dern, Lagern, F\u00fchrungen, Verschlei\u00dfpolstern. Gr\u00f6\u00dfen 1000 \u00d7 2000 und 1220 \u00d7 2440 mm, Dichte 3 - 100 mm, Zuschnitt. Alternativen: glasgef\u00fclltes, MoS2, gegossenes PA6G f\u00fcr wesentlich bessere Dimensionsstabilit\u00e4t. Saubere Kanten, geringe Toleranzen, schneller Versand aus China.<\/p>","protected":false},"excerpt":{"rendered":"<div class=\"text-base my-auto mx-auto [--thread-content-margin:--spacing(4)] thread-sm:[--thread-content-margin:--spacing(6)] thread-lg:[--thread-content-margin:--spacing(16)] px-(--thread-content-margin)\">\n<div class=\"[--thread-content-max-width:40rem] thread-lg:[--thread-content-max-width:48rem] mx-auto max-w-(--thread-content-max-width) flex-1 group\/turn-messages focus-visible:outline-hidden relative flex w-full min-w-0 flex-col agent-turn\" tabindex=\"-1\">\n<div class=\"flex max-w-full flex-col grow\">\n<div class=\"min-h-8 text-message relative flex w-full flex-col items-end gap-2 text-start break-words whitespace-normal [.text-message+&amp;]:mt-5\" dir=\"auto\" data-message-author-role=\"assistant\" data-message-id=\"fdc93d76-7e71-4015-8cee-0c979b46eb02\" data-message-model-slug=\"gpt-5-thinking\">\n<div class=\"flex w-full flex-col gap-1 empty:hidden first:pt-[3px]\">\n<div class=\"markdown prose dark:prose-invert w-full break-words light markdown-new-styling\">\n<p data-start=\"0\" data-end=\"279\" data-is-last-node=\"\" data-is-only-node=\"\">Engineering-grade nylon sheets PA6\/PA66 with high strength, wear and fatigue resistance, low friction and heat stability. Natural, black, green, red. Sizes 1000\u00d72000\/1220\u00d72440 mm, 3\u2013100 mm thick, cut-to-size. Machined into gears, bearings, guides, wear pads. China manufacturers.<\/p>\n<\/div>\n<\/div>\n<\/div>\n<\/div>\n<\/div>\n<\/div>\n","protected":false},"featured_media":922,"template":"","meta":{"_gspb_post_css":""},"product_brand":[],"product_cat":[23],"product_tag":[71,69,70],"class_list":{"0":"post-918","1":"product","2":"type-product","3":"status-publish","4":"has-post-thumbnail","6":"product_cat-nylon-sheets","7":"product_tag-engineering-plastic","8":"product_tag-nylon-sheet","9":"product_tag-pa6-pa66","11":"first","12":"instock","13":"shipping-taxable","14":"product-type-simple"},"_links":{"self":[{"href":"https:\/\/uhmwpemanufacture.com\/de\/wp-json\/wp\/v2\/product\/918","targetHints":{"allow":["GET"]}}],"collection":[{"href":"https:\/\/uhmwpemanufacture.com\/de\/wp-json\/wp\/v2\/product"}],"about":[{"href":"https:\/\/uhmwpemanufacture.com\/de\/wp-json\/wp\/v2\/types\/product"}],"wp:featuredmedia":[{"embeddable":true,"href":"https:\/\/uhmwpemanufacture.com\/de\/wp-json\/wp\/v2\/media\/922"}],"wp:attachment":[{"href":"https:\/\/uhmwpemanufacture.com\/de\/wp-json\/wp\/v2\/media?parent=918"}],"wp:term":[{"taxonomy":"product_brand","embeddable":true,"href":"https:\/\/uhmwpemanufacture.com\/de\/wp-json\/wp\/v2\/product_brand?post=918"},{"taxonomy":"product_cat","embeddable":true,"href":"https:\/\/uhmwpemanufacture.com\/de\/wp-json\/wp\/v2\/product_cat?post=918"},{"taxonomy":"product_tag","embeddable":true,"href":"https:\/\/uhmwpemanufacture.com\/de\/wp-json\/wp\/v2\/product_tag?post=918"}],"curies":[{"name":"wp","href":"https:\/\/api.w.org\/{rel}","templated":true}]}}