{"id":926,"date":"2025-09-27T07:43:56","date_gmt":"2025-09-27T07:43:56","guid":{"rendered":"https:\/\/uhmwpemanufacture.com\/?post_type=product&#038;p=926"},"modified":"2025-09-27T07:43:56","modified_gmt":"2025-09-27T07:43:56","slug":"quick-mat-heavy-duty-ground-protection-road-mat-supplier","status":"publish","type":"product","link":"https:\/\/uhmwpemanufacture.com\/de\/quick-mat-heavy-duty-ground-protection-road-mat-supplier\/","title":{"rendered":"Quick Mat Heavy-Duty Bodenschutz Stra\u00dfenmatte Lieferant"},"content":{"rendered":"<h2>Hochbelastbarer Erdungsschutz<\/h2>\n<p>Quick Floor covering HDPE-Stra\u00dfenbel\u00e4ge erm\u00f6glichen einen stabilen, rutschfesten Zugang zu Stra\u00dfen und Arbeitsfl\u00e4chen. Ruby Walk verteilt Tonnen, schirmt den Rasen ab und h\u00e4lt die Fahrzeuge bei Regen oder Schlamm in Bewegung. Relativ leicht zu befestigende Texturen; glatte Seite passt zu Wegen. Die Bodenbel\u00e4ge werden mit Stahlverbindern befestigt, um ein Abdriften zu verhindern. Ideal f\u00fcr Bauwesen, Energie, Rohrleitungen, Gelegenheiten und Landschaftsgestaltung. Leicht, wiederverwendbar, leicht aufzur\u00e4umen, chemikalienbest\u00e4ndig und stark genug f\u00fcr Fahrzeuge, Kr\u00e4ne und Hubarbeitsb\u00fchnen.<\/p>","protected":false},"excerpt":{"rendered":"<div class=\"text-base my-auto mx-auto pb-10 [--thread-content-margin:--spacing(4)] thread-sm:[--thread-content-margin:--spacing(6)] thread-lg:[--thread-content-margin:--spacing(16)] px-(--thread-content-margin)\">\n<div class=\"[--thread-content-max-width:40rem] thread-lg:[--thread-content-max-width:48rem] mx-auto max-w-(--thread-content-max-width) flex-1 group\/turn-messages focus-visible:outline-hidden relative flex w-full min-w-0 flex-col agent-turn\" tabindex=\"-1\">\n<div class=\"flex max-w-full flex-col grow\">\n<div class=\"min-h-8 text-message relative flex w-full flex-col items-end gap-2 text-start break-words whitespace-normal [.text-message+&amp;]:mt-5\" dir=\"auto\" data-message-author-role=\"assistant\" data-message-id=\"45a59a3e-808d-4573-b14f-0467a5881719\" data-message-model-slug=\"gpt-5-thinking\">\n<div class=\"flex w-full flex-col gap-1 empty:hidden first:pt-[3px]\">\n<div class=\"markdown prose dark:prose-invert w-full break-words light markdown-new-styling\">\n<p data-start=\"0\" data-end=\"274\" data-is-last-node=\"\" data-is-only-node=\"\">Quick Mat HDPE ground protection mats with diamond tread create stable access roads and work pads. Non-slip, reversible, and linkable, they spread load, protect turf, and resist chemicals. Reusable, lightweight, easy to clean\u2014ideal for trucks, cranes, utilities, and events.<\/p>\n<\/div>\n<\/div>\n<\/div>\n<\/div>\n<\/div>\n<\/div>\n","protected":false},"featured_media":927,"template":"","meta":{"_gspb_post_css":""},"product_brand":[],"product_cat":[24,25],"product_tag":[72,73,74],"class_list":{"0":"post-926","1":"product","2":"type-product","3":"status-publish","4":"has-post-thumbnail","6":"product_cat-ground-protection-road-mats","7":"product_cat-quick-mats","8":"product_tag-ground-protection-mats","9":"product_tag-hdpe-road-mats","10":"product_tag-quick-mat-supplier","12":"first","13":"instock","14":"shipping-taxable","15":"product-type-simple"},"_links":{"self":[{"href":"https:\/\/uhmwpemanufacture.com\/de\/wp-json\/wp\/v2\/product\/926","targetHints":{"allow":["GET"]}}],"collection":[{"href":"https:\/\/uhmwpemanufacture.com\/de\/wp-json\/wp\/v2\/product"}],"about":[{"href":"https:\/\/uhmwpemanufacture.com\/de\/wp-json\/wp\/v2\/types\/product"}],"wp:featuredmedia":[{"embeddable":true,"href":"https:\/\/uhmwpemanufacture.com\/de\/wp-json\/wp\/v2\/media\/927"}],"wp:attachment":[{"href":"https:\/\/uhmwpemanufacture.com\/de\/wp-json\/wp\/v2\/media?parent=926"}],"wp:term":[{"taxonomy":"product_brand","embeddable":true,"href":"https:\/\/uhmwpemanufacture.com\/de\/wp-json\/wp\/v2\/product_brand?post=926"},{"taxonomy":"product_cat","embeddable":true,"href":"https:\/\/uhmwpemanufacture.com\/de\/wp-json\/wp\/v2\/product_cat?post=926"},{"taxonomy":"product_tag","embeddable":true,"href":"https:\/\/uhmwpemanufacture.com\/de\/wp-json\/wp\/v2\/product_tag?post=926"}],"curies":[{"name":"wp","href":"https:\/\/api.w.org\/{rel}","templated":true}]}}