{"id":979,"date":"2025-09-27T10:09:14","date_gmt":"2025-09-27T10:09:14","guid":{"rendered":"https:\/\/uhmwpemanufacture.com\/?post_type=product&#038;p=979"},"modified":"2025-09-27T10:09:14","modified_gmt":"2025-09-27T10:09:14","slug":"engineering-plastic-sheets-custom-machined-parts-supplier","status":"publish","type":"product","link":"https:\/\/uhmwpemanufacture.com\/de\/engineering-plastic-sheets-custom-machined-parts-supplier\/","title":{"rendered":"Technische Kunststoffplatten - Lieferant f\u00fcr individuell bearbeitete Teile"},"content":{"rendered":"<h2>Technische Kunststoffplatten Kundenspezifisch bearbeitete Komponenten Vertriebsgesellschaft<\/h2>\n<p>Unsere technischen Kunststoffplatten werden pr\u00e4zise zu robusten, leichten Komponenten verarbeitet, die f\u00fcr kommerzielle Hochleistungsanwendungen konzipiert sind. Von Ausr\u00fcstungen, Riemenscheiben und Rollen bis hin zu ma\u00dfgeschneiderten Verstrebungen, Buchsen und Abstandshaltern bieten diese Elemente hervorragende Verschlei\u00dffestigkeit, chemische Sicherheit und geringere Reibung. Dank innovativer Bearbeitungsm\u00f6glichkeiten liefern wir Komponenten in verschiedenen Formen, Abmessungen und Farben, um Ihre spezifischen Layout- und Leistungsanforderungen zu erf\u00fcllen. Unsere personalisierten Kunststoffteile eignen sich f\u00fcr den Einsatz in der Automobilindustrie, im Maschinenbau, in der Lebensmittelindustrie und bei der Produktverpackung und garantieren Effizienz und Integrit\u00e4t in jedem Projekt.<\/p>\n<p>Wichtige Attribute<\/p>\n<p>Hohe Verschlei\u00df- und Wirkungsbest\u00e4ndigkeit<\/p>\n<p>Leichtes und flexibles Design<\/p>\n<p>Kundenspezifische Formen und Abmessungen sind leicht erh\u00e4ltlich<\/p>\n<p>Ideal f\u00fcr den kommerziellen und gewerblichen Einsatz<\/p>","protected":false},"excerpt":{"rendered":"<p>Unsere technischen Kunststoffplatten werden zu kundenspezifischen Teilen f\u00fcr verschiedene industrielle Anforderungen pr\u00e4zisionsgefertigt. Diese langlebigen Komponenten sind in verschiedenen Farben und Formen erh\u00e4ltlich und gew\u00e4hrleisten Festigkeit, Verschlei\u00dffestigkeit und zuverl\u00e4ssige Leistung f\u00fcr Maschinen, Ger\u00e4te und Fertigungsanwendungen.<\/p>","protected":false},"featured_media":986,"template":"","meta":{"_gspb_post_css":""},"product_brand":[],"product_cat":[34],"product_tag":[94,93,95],"class_list":{"0":"post-979","1":"product","2":"type-product","3":"status-publish","4":"has-post-thumbnail","6":"product_cat-mg-engineering-plastic-sheets","7":"product_tag-custom-machined-parts","8":"product_tag-engineering-plastic-sheets","9":"product_tag-industrial-plastic-components","11":"first","12":"instock","13":"shipping-taxable","14":"product-type-simple"},"_links":{"self":[{"href":"https:\/\/uhmwpemanufacture.com\/de\/wp-json\/wp\/v2\/product\/979","targetHints":{"allow":["GET"]}}],"collection":[{"href":"https:\/\/uhmwpemanufacture.com\/de\/wp-json\/wp\/v2\/product"}],"about":[{"href":"https:\/\/uhmwpemanufacture.com\/de\/wp-json\/wp\/v2\/types\/product"}],"wp:featuredmedia":[{"embeddable":true,"href":"https:\/\/uhmwpemanufacture.com\/de\/wp-json\/wp\/v2\/media\/986"}],"wp:attachment":[{"href":"https:\/\/uhmwpemanufacture.com\/de\/wp-json\/wp\/v2\/media?parent=979"}],"wp:term":[{"taxonomy":"product_brand","embeddable":true,"href":"https:\/\/uhmwpemanufacture.com\/de\/wp-json\/wp\/v2\/product_brand?post=979"},{"taxonomy":"product_cat","embeddable":true,"href":"https:\/\/uhmwpemanufacture.com\/de\/wp-json\/wp\/v2\/product_cat?post=979"},{"taxonomy":"product_tag","embeddable":true,"href":"https:\/\/uhmwpemanufacture.com\/de\/wp-json\/wp\/v2\/product_tag?post=979"}],"curies":[{"name":"wp","href":"https:\/\/api.w.org\/{rel}","templated":true}]}}