{"id":1003,"date":"2025-09-28T01:26:07","date_gmt":"2025-09-28T01:26:07","guid":{"rendered":"https:\/\/uhmwpemanufacture.com\/?post_type=product&#038;p=1003"},"modified":"2025-09-28T01:29:32","modified_gmt":"2025-09-28T01:29:32","slug":"heavy-duty-crane-uhmwpe-outrigger-pad-jack-stabilizer-dealer","status":"publish","type":"product","link":"https:\/\/uhmwpemanufacture.com\/es\/heavy-duty-crane-uhmwpe-outrigger-pad-jack-stabilizer-dealer\/","title":{"rendered":"Heavy Duty Gr\u00faa Uhmwpe Outrigger Pad Jack Estabilizador Distribuidor"},"content":{"rendered":"<h2>Zapatas estabilizadoras de UHMWPE de alta resistencia para la estabilidad de la gr\u00faa<\/h2>\n<p>Estas robustas almohadillas de UHMWPE para balancines de gr\u00faas proporcionan un excelente apoyo en el suelo y mucha circulaci\u00f3n para gr\u00faas, gatos y equipos pesados. Desarrollado con material de alta resistencia UHMWPE, estas almohadillas son ligeros pero muy resistente, inmune a la fractura, flexi\u00f3n, y la absorci\u00f3n de humedad. La forma cuadrada con superficie distintiva asegura una colocaci\u00f3n protegida, mientras que las asas rojas de transporte facilitan enormemente el transporte y la colocaci\u00f3n. Ideales para la construcci\u00f3n de sitios web, operaciones de elevaci\u00f3n y uso industrial, estas almohadillas estabilizadoras protegen el suelo y mejoran la seguridad, garantizando un rendimiento fiable bajo toneladas pesadas.<\/p>","protected":false},"excerpt":{"rendered":"<p>Las almohadillas estabilizadoras de UHMWPE de alta resistencia proporcionan un fuerte apoyo en el suelo para gr\u00faas, gatos y equipos pesados. Con un dise\u00f1o ligero, gran capacidad de carga y asas rojas para facilitar su transporte, estas zapatas estabilizadoras garantizan operaciones de elevaci\u00f3n seguras y estables en entornos industriales y de construcci\u00f3n.<\/p>","protected":false},"featured_media":1007,"template":"","meta":{"_gspb_post_css":""},"product_brand":[],"product_cat":[15,20],"product_tag":[103,104,102],"class_list":{"0":"post-1003","1":"product","2":"type-product","3":"status-publish","4":"has-post-thumbnail","6":"product_cat-uhmwpe-hdpe-sheets-plates","7":"product_cat-crane-outrigger-pads","8":"product_tag-crane-stabilizer-pad","9":"product_tag-heavy-duty-jack-pad","10":"product_tag-uhmwpe-outrigger-pad","12":"first","13":"instock","14":"shipping-taxable","15":"product-type-simple"},"_links":{"self":[{"href":"https:\/\/uhmwpemanufacture.com\/es\/wp-json\/wp\/v2\/product\/1003","targetHints":{"allow":["GET"]}}],"collection":[{"href":"https:\/\/uhmwpemanufacture.com\/es\/wp-json\/wp\/v2\/product"}],"about":[{"href":"https:\/\/uhmwpemanufacture.com\/es\/wp-json\/wp\/v2\/types\/product"}],"wp:featuredmedia":[{"embeddable":true,"href":"https:\/\/uhmwpemanufacture.com\/es\/wp-json\/wp\/v2\/media\/1007"}],"wp:attachment":[{"href":"https:\/\/uhmwpemanufacture.com\/es\/wp-json\/wp\/v2\/media?parent=1003"}],"wp:term":[{"taxonomy":"product_brand","embeddable":true,"href":"https:\/\/uhmwpemanufacture.com\/es\/wp-json\/wp\/v2\/product_brand?post=1003"},{"taxonomy":"product_cat","embeddable":true,"href":"https:\/\/uhmwpemanufacture.com\/es\/wp-json\/wp\/v2\/product_cat?post=1003"},{"taxonomy":"product_tag","embeddable":true,"href":"https:\/\/uhmwpemanufacture.com\/es\/wp-json\/wp\/v2\/product_tag?post=1003"}],"curies":[{"name":"wp","href":"https:\/\/api.w.org\/{rel}","templated":true}]}}