{"id":1017,"date":"2025-09-28T01:37:24","date_gmt":"2025-09-28T01:37:24","guid":{"rendered":"https:\/\/uhmwpemanufacture.com\/?post_type=product&#038;p=1017"},"modified":"2025-09-28T01:37:24","modified_gmt":"2025-09-28T01:37:24","slug":"corrosion-resistant-coal-hopper-liner-plate-manufacturers","status":"publish","type":"product","link":"https:\/\/uhmwpemanufacture.com\/es\/corrosion-resistant-coal-hopper-liner-plate-manufacturers\/","title":{"rendered":"Resistente a la corrosi\u00f3n tolva de carb\u00f3n placa de revestimiento Fabricantes"},"content":{"rendered":"<h2>Placa de revestimiento de tolva de carb\u00f3n resistente a la corrosi\u00f3n<\/h2>\n<p>Nuestras placas de revestimiento de tolvas de carb\u00f3n resistentes al deterioro se han desarrollado para proteger tolvas, vertederos y dep\u00f3sitos del desgaste, los impactos y la corrosi\u00f3n qu\u00edmica en entornos exigentes. Fabricadas con productos de alta resistencia, estas placas ampl\u00edan la vida \u00fatil de los dispositivos, minimizan el tiempo de inactividad y reducen los precios de mantenimiento. La superficie lisa reduce la adherencia del producto, asegurando un flujo fiable de carb\u00f3n y productos en masa. Perfectas para centrales nucleares, miner\u00eda y el sector pesado, estas placas de revestimiento est\u00e1n disponibles en varios tama\u00f1os y densidades para satisfacer los requisitos de cada tarea. Como fabricantes fiables, suministramos servicios duraderos y resistentes para la seguridad industrial.<\/p>","protected":false},"excerpt":{"rendered":"<p>Las placas de revestimiento de tolvas de carb\u00f3n resistentes a la corrosi\u00f3n proporcionan una protecci\u00f3n duradera contra el desgaste, los impactos y los da\u00f1os qu\u00edmicos. Con una superficie lisa para un mejor flujo, prolongan la vida \u00fatil del equipo, reducen el tiempo de inactividad y mejoran la eficiencia en miner\u00eda, centrales el\u00e9ctricas e industrias de manipulaci\u00f3n de materiales a granel.<\/p>","protected":false},"featured_media":1020,"template":"","meta":{"_gspb_post_css":""},"product_brand":[],"product_cat":[15,22],"product_tag":[108,109,110],"class_list":{"0":"post-1017","1":"product","2":"type-product","3":"status-publish","4":"has-post-thumbnail","6":"product_cat-uhmwpe-hdpe-sheets-plates","7":"product_cat-coal-bunker-limit-plates","8":"product_tag-coal-hopper-liner","9":"product_tag-corrosion-resistant-plate","10":"product_tag-wear-resistant-liner","12":"first","13":"instock","14":"shipping-taxable","15":"product-type-simple"},"_links":{"self":[{"href":"https:\/\/uhmwpemanufacture.com\/es\/wp-json\/wp\/v2\/product\/1017","targetHints":{"allow":["GET"]}}],"collection":[{"href":"https:\/\/uhmwpemanufacture.com\/es\/wp-json\/wp\/v2\/product"}],"about":[{"href":"https:\/\/uhmwpemanufacture.com\/es\/wp-json\/wp\/v2\/types\/product"}],"wp:featuredmedia":[{"embeddable":true,"href":"https:\/\/uhmwpemanufacture.com\/es\/wp-json\/wp\/v2\/media\/1020"}],"wp:attachment":[{"href":"https:\/\/uhmwpemanufacture.com\/es\/wp-json\/wp\/v2\/media?parent=1017"}],"wp:term":[{"taxonomy":"product_brand","embeddable":true,"href":"https:\/\/uhmwpemanufacture.com\/es\/wp-json\/wp\/v2\/product_brand?post=1017"},{"taxonomy":"product_cat","embeddable":true,"href":"https:\/\/uhmwpemanufacture.com\/es\/wp-json\/wp\/v2\/product_cat?post=1017"},{"taxonomy":"product_tag","embeddable":true,"href":"https:\/\/uhmwpemanufacture.com\/es\/wp-json\/wp\/v2\/product_tag?post=1017"}],"curies":[{"name":"wp","href":"https:\/\/api.w.org\/{rel}","templated":true}]}}