{"id":1025,"date":"2025-09-28T01:41:13","date_gmt":"2025-09-28T01:41:13","guid":{"rendered":"https:\/\/uhmwpemanufacture.com\/?post_type=product&#038;p=1025"},"modified":"2025-09-28T01:41:13","modified_gmt":"2025-09-28T01:41:13","slug":"custom-hdpe-sheets-high-strength-low-moisture-absorption","status":"publish","type":"product","link":"https:\/\/uhmwpemanufacture.com\/es\/custom-hdpe-sheets-high-strength-low-moisture-absorption\/","title":{"rendered":"Planchas de HDPE a medida Alta resistencia Baja absorci\u00f3n de humedad"},"content":{"rendered":"<h2>Planchas de HDPE a medida para aplicaciones industriales<\/h2>\n<p>Nuestras planchas de HDPE a medida est\u00e1n fabricadas con una gran resistencia y una robustez excepcional, lo que las hace adecuadas para una amplia gama de usos industriales y de la industria. Gracias a su baja absorci\u00f3n de humedad, estas planchas resisten la flexi\u00f3n, el hinchamiento y la destrucci\u00f3n, incluso en condiciones h\u00famedas o mojadas. Su superficie lisa garantiza una f\u00e1cil limpieza y una excelente resistencia a los productos qu\u00edmicos, la influencia y la abrasi\u00f3n. Adecuadas para reducir tableros, revestimientos, estructuras marinas y componentes de maquinaria, las planchas de HDPE ofrecen un rendimiento duradero. F\u00e1cilmente disponibles en dimensiones, espesores y tonalidades personalizables, ofrecen servicios adaptables para aplicaciones variadas en las que la integridad y la seguridad son esenciales.<\/p>","protected":false},"excerpt":{"rendered":"<p style=\"text-align: left;\">Las planchas de HDPE a medida ofrecen gran resistencia, durabilidad y baja absorci\u00f3n de humedad, lo que las hace resistentes a la deformaci\u00f3n y a los da\u00f1os qu\u00edmicos. Ideales para revestimientos, uso marino, tablas de corte y piezas industriales, estas planchas ofrecen un rendimiento duradero con tama\u00f1os, grosores y colores personalizables.<\/p>","protected":false},"featured_media":1031,"template":"","meta":{"_gspb_post_css":""},"product_brand":[],"product_cat":[15,18],"product_tag":[111,59,112],"class_list":{"0":"post-1025","1":"product","2":"type-product","3":"status-publish","4":"has-post-thumbnail","6":"product_cat-uhmwpe-hdpe-sheets-plates","7":"product_cat-hdpe-sheets","8":"product_tag-custom-plastic-sheet","9":"product_tag-hdpe-sheet","10":"product_tag-industrial-plastic-material","12":"first","13":"instock","14":"shipping-taxable","15":"product-type-simple"},"_links":{"self":[{"href":"https:\/\/uhmwpemanufacture.com\/es\/wp-json\/wp\/v2\/product\/1025","targetHints":{"allow":["GET"]}}],"collection":[{"href":"https:\/\/uhmwpemanufacture.com\/es\/wp-json\/wp\/v2\/product"}],"about":[{"href":"https:\/\/uhmwpemanufacture.com\/es\/wp-json\/wp\/v2\/types\/product"}],"wp:featuredmedia":[{"embeddable":true,"href":"https:\/\/uhmwpemanufacture.com\/es\/wp-json\/wp\/v2\/media\/1031"}],"wp:attachment":[{"href":"https:\/\/uhmwpemanufacture.com\/es\/wp-json\/wp\/v2\/media?parent=1025"}],"wp:term":[{"taxonomy":"product_brand","embeddable":true,"href":"https:\/\/uhmwpemanufacture.com\/es\/wp-json\/wp\/v2\/product_brand?post=1025"},{"taxonomy":"product_cat","embeddable":true,"href":"https:\/\/uhmwpemanufacture.com\/es\/wp-json\/wp\/v2\/product_cat?post=1025"},{"taxonomy":"product_tag","embeddable":true,"href":"https:\/\/uhmwpemanufacture.com\/es\/wp-json\/wp\/v2\/product_tag?post=1025"}],"curies":[{"name":"wp","href":"https:\/\/api.w.org\/{rel}","templated":true}]}}