{"id":1034,"date":"2025-09-28T01:53:59","date_gmt":"2025-09-28T01:53:59","guid":{"rendered":"https:\/\/uhmwpemanufacture.com\/?post_type=product&#038;p=1034"},"modified":"2025-09-28T07:52:15","modified_gmt":"2025-09-28T07:52:15","slug":"customized-uhmwpe-crane-stacker-cribbing-blocks-wholesaler","status":"publish","type":"product","link":"https:\/\/uhmwpemanufacture.com\/es\/customized-uhmwpe-crane-stacker-cribbing-blocks-wholesaler\/","title":{"rendered":"Personalizado UHMWPE Apilador de Gr\u00faa Cribbing Bloques Mayorista"},"content":{"rendered":"<h2>Bloques de apuntalamiento de gr\u00faa de UHMWPE personalizados<\/h2>\n<p>Nuestros bloques de encofrado a medida para apiladores de gr\u00faas de UHMWPE est\u00e1n dise\u00f1ados para ofrecer un soporte de lotes y una estabilidad excepcionales para gr\u00faas, herramientas pesadas y procedimientos de elevaci\u00f3n. Fabricados con polietileno de peso molecular ultraalto, estos bloques son ligeros, el\u00e1sticos y resistentes al agua, los productos qu\u00edmicos y el deterioro. Su gran resistencia a los impactos garantiza una larga vida \u00fatil, mientras que su dise\u00f1o no conductor aumenta la seguridad en los sitios de trabajo. El color amarillo intenso aumenta la visibilidad, y los accesorios incorporados facilitan enormemente el manejo y el apilado. Ideales para la construcci\u00f3n, la miner\u00eda y las aplicaciones industriales, estos bloques de encofrado son fiables, multiusos y est\u00e1n dise\u00f1ados para soportar grandes cargas.<\/p>","protected":false},"excerpt":{"rendered":"<p>Los bloques de encofrado para apiladoras de gr\u00faa de UHMWPE personalizados proporcionan un soporte fuerte, estable y ligero para equipos pesados. Resistentes al agua, a los productos qu\u00edmicos y a la corrosi\u00f3n, estos duraderos bloques se caracterizan por su gran resistencia a los impactos, su visibilidad en amarillo brillante y su f\u00e1cil manejo para operaciones de elevaci\u00f3n seguras y eficientes.<\/p>","protected":false},"featured_media":1040,"template":"","meta":{"_gspb_post_css":""},"product_brand":[],"product_cat":[15,21],"product_tag":[114,115,113],"class_list":{"0":"post-1034","1":"product","2":"type-product","3":"status-publish","4":"has-post-thumbnail","6":"product_cat-uhmwpe-hdpe-sheets-plates","7":"product_cat-uhmwpe-fender-pads","8":"product_tag-crane-stacker-blocks","9":"product_tag-heavy-equipment-stabilizer","10":"product_tag-uhmwpe-cribbing-blocks","12":"first","13":"instock","14":"shipping-taxable","15":"product-type-simple"},"_links":{"self":[{"href":"https:\/\/uhmwpemanufacture.com\/es\/wp-json\/wp\/v2\/product\/1034","targetHints":{"allow":["GET"]}}],"collection":[{"href":"https:\/\/uhmwpemanufacture.com\/es\/wp-json\/wp\/v2\/product"}],"about":[{"href":"https:\/\/uhmwpemanufacture.com\/es\/wp-json\/wp\/v2\/types\/product"}],"wp:featuredmedia":[{"embeddable":true,"href":"https:\/\/uhmwpemanufacture.com\/es\/wp-json\/wp\/v2\/media\/1040"}],"wp:attachment":[{"href":"https:\/\/uhmwpemanufacture.com\/es\/wp-json\/wp\/v2\/media?parent=1034"}],"wp:term":[{"taxonomy":"product_brand","embeddable":true,"href":"https:\/\/uhmwpemanufacture.com\/es\/wp-json\/wp\/v2\/product_brand?post=1034"},{"taxonomy":"product_cat","embeddable":true,"href":"https:\/\/uhmwpemanufacture.com\/es\/wp-json\/wp\/v2\/product_cat?post=1034"},{"taxonomy":"product_tag","embeddable":true,"href":"https:\/\/uhmwpemanufacture.com\/es\/wp-json\/wp\/v2\/product_tag?post=1034"}],"curies":[{"name":"wp","href":"https:\/\/api.w.org\/{rel}","templated":true}]}}