{"id":1043,"date":"2025-09-28T02:23:52","date_gmt":"2025-09-28T02:23:52","guid":{"rendered":"https:\/\/uhmwpemanufacture.com\/?post_type=product&#038;p=1043"},"modified":"2025-09-28T02:23:52","modified_gmt":"2025-09-28T02:23:52","slug":"uhmwpe-sheet-custom-cutting-cnc-packaging-included-vendor","status":"publish","type":"product","link":"https:\/\/uhmwpemanufacture.com\/es\/uhmwpe-sheet-custom-cutting-cnc-packaging-included-vendor\/","title":{"rendered":"UHMWPE Hoja de corte personalizado CNC Embalaje Incluido Proveedor"},"content":{"rendered":"<h2>Hoja de UHMWPE con reducci\u00f3n personalizada y servicios CNC<\/h2>\n<p>Nuestras planchas de UHMWPE est\u00e1n fabricadas para ofrecer una durabilidad superior, resistencia al impacto y fricci\u00f3n reducida, lo que las hace adecuadas para aplicaciones industriales. Gracias a los servicios de corte CNC personalizados disponibles, estas planchas pueden moldearse con precisi\u00f3n para satisfacer sus necesidades concretas, ya sea para piezas de equipos, revestimientos u opciones de embalaje de productos. El producto ofrece una excelente resistencia qu\u00edmica, protecci\u00f3n contra la humedad y una larga vida \u00fatil, tambi\u00e9n en entornos severos. Disponibles en varios tonos y dimensiones, estas planchas de UHMWPE se suministran con embalaje de producto incluido para una entrega segura. Como proveedor de confianza, garantizamos productos de m\u00e1xima calidad adaptados a las industrias del dise\u00f1o, la construcci\u00f3n y la producci\u00f3n.<\/p>","protected":false},"excerpt":{"rendered":"<p>Las planchas de UHMWPE se caracterizan por su alta durabilidad, baja fricci\u00f3n y resistencia al impacto, ideales para uso industrial. Con corte CNC a medida y embalaje seguro, estas l\u00e1minas se suministran en varios colores y tama\u00f1os, ofreciendo un rendimiento fiable para piezas de maquinaria, revestimientos y necesidades de construcci\u00f3n.<\/p>","protected":false},"featured_media":1045,"template":"","meta":{"_gspb_post_css":""},"product_brand":[],"product_cat":[15,17],"product_tag":[116,117,56],"class_list":{"0":"post-1043","1":"product","2":"type-product","3":"status-publish","4":"has-post-thumbnail","6":"product_cat-uhmwpe-hdpe-sheets-plates","7":"product_cat-uhmwpe-sheets","8":"product_tag-cnc-cut-plastic","9":"product_tag-industrial-plastic-sheet","10":"product_tag-uhmwpe-sheet","12":"first","13":"instock","14":"shipping-taxable","15":"product-type-simple"},"_links":{"self":[{"href":"https:\/\/uhmwpemanufacture.com\/es\/wp-json\/wp\/v2\/product\/1043","targetHints":{"allow":["GET"]}}],"collection":[{"href":"https:\/\/uhmwpemanufacture.com\/es\/wp-json\/wp\/v2\/product"}],"about":[{"href":"https:\/\/uhmwpemanufacture.com\/es\/wp-json\/wp\/v2\/types\/product"}],"wp:featuredmedia":[{"embeddable":true,"href":"https:\/\/uhmwpemanufacture.com\/es\/wp-json\/wp\/v2\/media\/1045"}],"wp:attachment":[{"href":"https:\/\/uhmwpemanufacture.com\/es\/wp-json\/wp\/v2\/media?parent=1043"}],"wp:term":[{"taxonomy":"product_brand","embeddable":true,"href":"https:\/\/uhmwpemanufacture.com\/es\/wp-json\/wp\/v2\/product_brand?post=1043"},{"taxonomy":"product_cat","embeddable":true,"href":"https:\/\/uhmwpemanufacture.com\/es\/wp-json\/wp\/v2\/product_cat?post=1043"},{"taxonomy":"product_tag","embeddable":true,"href":"https:\/\/uhmwpemanufacture.com\/es\/wp-json\/wp\/v2\/product_tag?post=1043"}],"curies":[{"name":"wp","href":"https:\/\/api.w.org\/{rel}","templated":true}]}}