{"id":1048,"date":"2025-09-28T02:35:50","date_gmt":"2025-09-28T02:35:50","guid":{"rendered":"https:\/\/uhmwpemanufacture.com\/?post_type=product&#038;p=1048"},"modified":"2025-09-28T02:35:50","modified_gmt":"2025-09-28T02:35:50","slug":"safe-trakmat-hdpe-ground-protection-and-access-mats-dealer","status":"publish","type":"product","link":"https:\/\/uhmwpemanufacture.com\/es\/safe-trakmat-hdpe-ground-protection-and-access-mats-dealer\/","title":{"rendered":"Distribuidor de alfombras de acceso y protecci\u00f3n del suelo Safe Trakmat HDPE"},"content":{"rendered":"<h2>Safe Trakmat Alfombrillas de HDPE para defensa del suelo y accesibilidad<\/h2>\n<p>Nuestros revestimientos de suelo Safe Trakmat HDPE para protecci\u00f3n del suelo y acceso se han desarrollado para proporcionar una superficie segura para herramientas pesadas, coches y tr\u00e1fico peatonal. Fabricados con polietileno de alta densidad, estos revestimientos de suelo son duraderos, resistentes a la intemperie y reciclables, y garantizan un rendimiento excepcional de carga en suelos blandos o desiguales. La superficie antideslizante distintiva mejora el agarre, disminuyendo el riesgo de choques, mientras que las aberturas integradas para las manos facilitan el cuidado y la instalaci\u00f3n. Ideales para obras, ocasiones, dise\u00f1o paisaj\u00edstico y proyectos de servicios p\u00fablicos, estos revestimientos de suelos protegen el suelo, minimizan los da\u00f1os y ofrecen una soluci\u00f3n fiable y sin riesgos para sistemas de acceso y trabajo a corto plazo.<\/p>","protected":false},"excerpt":{"rendered":"<p>Las alfombras de protecci\u00f3n del suelo Safe Trakmat HDPE ofrecen soluciones de acceso duraderas y reutilizables para equipos y veh\u00edculos pesados. Con superficie antideslizante y f\u00e1cil manejo, protegen terrenos blandos o irregulares durante obras, eventos y proyectos de servicios p\u00fablicos.<\/p>","protected":false},"featured_media":1049,"template":"","meta":{"_gspb_post_css":""},"product_brand":[],"product_cat":[24,33,29],"product_tag":[72,118,119],"class_list":{"0":"post-1048","1":"product","2":"type-product","3":"status-publish","4":"has-post-thumbnail","6":"product_cat-ground-protection-road-mats","7":"product_cat-floor-ball-dasher-boards","8":"product_cat-ice-rink-products","9":"product_tag-ground-protection-mats","10":"product_tag-hdpe-access-mats","11":"product_tag-trakmat-dealer","13":"first","14":"instock","15":"shipping-taxable","16":"product-type-simple"},"_links":{"self":[{"href":"https:\/\/uhmwpemanufacture.com\/es\/wp-json\/wp\/v2\/product\/1048","targetHints":{"allow":["GET"]}}],"collection":[{"href":"https:\/\/uhmwpemanufacture.com\/es\/wp-json\/wp\/v2\/product"}],"about":[{"href":"https:\/\/uhmwpemanufacture.com\/es\/wp-json\/wp\/v2\/types\/product"}],"wp:featuredmedia":[{"embeddable":true,"href":"https:\/\/uhmwpemanufacture.com\/es\/wp-json\/wp\/v2\/media\/1049"}],"wp:attachment":[{"href":"https:\/\/uhmwpemanufacture.com\/es\/wp-json\/wp\/v2\/media?parent=1048"}],"wp:term":[{"taxonomy":"product_brand","embeddable":true,"href":"https:\/\/uhmwpemanufacture.com\/es\/wp-json\/wp\/v2\/product_brand?post=1048"},{"taxonomy":"product_cat","embeddable":true,"href":"https:\/\/uhmwpemanufacture.com\/es\/wp-json\/wp\/v2\/product_cat?post=1048"},{"taxonomy":"product_tag","embeddable":true,"href":"https:\/\/uhmwpemanufacture.com\/es\/wp-json\/wp\/v2\/product_tag?post=1048"}],"curies":[{"name":"wp","href":"https:\/\/api.w.org\/{rel}","templated":true}]}}