{"id":1054,"date":"2025-09-28T02:40:40","date_gmt":"2025-09-28T02:40:40","guid":{"rendered":"https:\/\/uhmwpemanufacture.com\/?post_type=product&#038;p=1054"},"modified":"2025-09-28T02:40:40","modified_gmt":"2025-09-28T02:40:40","slug":"ground-protection-equipment-efficient-uhmwpe-quick-mats","status":"publish","type":"product","link":"https:\/\/uhmwpemanufacture.com\/es\/ground-protection-equipment-efficient-uhmwpe-quick-mats\/","title":{"rendered":"Equipos de protecci\u00f3n del suelo Esteras r\u00e1pidas eficaces de UHMWPE"},"content":{"rendered":"<h2>Equipo de defensa terrestre con alfombrillas r\u00e1pidas de UHMWPE<\/h2>\n<p>Nuestras alfombras r\u00e1pidas de UHMWPE est\u00e1n desarrolladas para una seguridad eficaz del suelo, ofreciendo una superficie segura para veh\u00edculos pesados, maquinaria y tr\u00e1fico peatonal. Fabricados con polietileno de peso molecular ultraalto, estos revestimientos de suelo son ligeros, duraderos e inmunes a la influencia, el agua y los productos qu\u00edmicos. Su superficie distintiva garantiza una excelente tracci\u00f3n, disminuyendo los riesgos de deslizamiento, mientras que su disposici\u00f3n entrelazada y m\u00f3vil permite una r\u00e1pida instalaci\u00f3n y eliminaci\u00f3n. Adecuadas para la construcci\u00f3n, el dise\u00f1o paisaj\u00edstico, eventos y tareas energ\u00e9ticas, estas alfombrillas protegen el c\u00e9sped, el suelo y las superficies delicadas. Disponibles en varios tonos y dimensiones, constituyen un remedio fiable y reciclable para la accesibilidad y la estabilidad del suelo a corto plazo.<\/p>","protected":false},"excerpt":{"rendered":"<p class=\"sr-only\"><span style=\"font-size: 16px;\">Las alfombrillas r\u00e1pidas UHMWPE de protecci\u00f3n del suelo proporcionan superficies resistentes y reutilizables para maquinaria pesada, veh\u00edculos y eventos. Con textura antideslizante y dise\u00f1o ligero, garantizan un acceso seguro y estable en terrenos blandos o irregulares a la vez que protegen el suelo y el c\u00e9sped.<\/span><\/p>","protected":false},"featured_media":1057,"template":"","meta":{"_gspb_post_css":""},"product_brand":[],"product_cat":[24,25],"product_tag":[122,121,120],"class_list":{"0":"post-1054","1":"product","2":"type-product","3":"status-publish","4":"has-post-thumbnail","6":"product_cat-ground-protection-road-mats","7":"product_cat-quick-mats","8":"product_tag-access-mats","9":"product_tag-ground-protection-equipment","10":"product_tag-uhmwpe-quick-mats","12":"first","13":"instock","14":"shipping-taxable","15":"product-type-simple"},"_links":{"self":[{"href":"https:\/\/uhmwpemanufacture.com\/es\/wp-json\/wp\/v2\/product\/1054","targetHints":{"allow":["GET"]}}],"collection":[{"href":"https:\/\/uhmwpemanufacture.com\/es\/wp-json\/wp\/v2\/product"}],"about":[{"href":"https:\/\/uhmwpemanufacture.com\/es\/wp-json\/wp\/v2\/types\/product"}],"wp:featuredmedia":[{"embeddable":true,"href":"https:\/\/uhmwpemanufacture.com\/es\/wp-json\/wp\/v2\/media\/1057"}],"wp:attachment":[{"href":"https:\/\/uhmwpemanufacture.com\/es\/wp-json\/wp\/v2\/media?parent=1054"}],"wp:term":[{"taxonomy":"product_brand","embeddable":true,"href":"https:\/\/uhmwpemanufacture.com\/es\/wp-json\/wp\/v2\/product_brand?post=1054"},{"taxonomy":"product_cat","embeddable":true,"href":"https:\/\/uhmwpemanufacture.com\/es\/wp-json\/wp\/v2\/product_cat?post=1054"},{"taxonomy":"product_tag","embeddable":true,"href":"https:\/\/uhmwpemanufacture.com\/es\/wp-json\/wp\/v2\/product_tag?post=1054"}],"curies":[{"name":"wp","href":"https:\/\/api.w.org\/{rel}","templated":true}]}}