{"id":1060,"date":"2025-09-28T03:11:44","date_gmt":"2025-09-28T03:11:44","guid":{"rendered":"https:\/\/uhmwpemanufacture.com\/?post_type=product&#038;p=1060"},"modified":"2025-09-28T03:11:44","modified_gmt":"2025-09-28T03:11:44","slug":"custom-molded-parts-hdpe-high-quality-plastic-injection","status":"publish","type":"product","link":"https:\/\/uhmwpemanufacture.com\/es\/custom-molded-parts-hdpe-high-quality-plastic-injection\/","title":{"rendered":"Piezas moldeadas a medida HDPE Inyecci\u00f3n de pl\u00e1stico de alta calidad"},"content":{"rendered":"<h2>Piezas de pl\u00e1stico HDPE moldeadas a medida<\/h2>\n<p>Nuestras piezas moldeadas a medida se fabrican con polietileno de alta densidad de primera calidad utilizando una sofisticada tecnolog\u00eda de granallado de pl\u00e1stico para garantizar resistencia, precisi\u00f3n y longevidad. Estos elementos est\u00e1n dise\u00f1ados para satisfacer diversas demandas industriales, proporcionando una excelente resistencia al impacto, una reducida absorci\u00f3n de humedad y una eficacia duradera. Con superficies lisas y detalles exactos, son ideales para aplicaciones de automoci\u00f3n, dispositivos electr\u00f3nicos, maquinaria y productos para clientes. Disponibles en numerosas formas, colores y tama\u00f1os, ofrecemos servicios personalizados para satisfacer los requisitos exactos de los clientes. Como proveedor de confianza, suministramos piezas moldeadas asequibles y de alto rendimiento que mejoran la eficacia y la calidad de los art\u00edculos.<\/p>","protected":false},"excerpt":{"rendered":"<p>Las piezas moldeadas a medida de HDPE fabricadas con inyecci\u00f3n de pl\u00e1stico de alta calidad garantizan precisi\u00f3n, durabilidad y resistencia a los impactos. Ideales para aplicaciones industriales, electr\u00f3nicas y de automoci\u00f3n, estas piezas se pueden personalizar en forma, tama\u00f1o y color para satisfacer diversas necesidades de fabricaci\u00f3n.<\/p>","protected":false},"featured_media":1064,"template":"","meta":{"_gspb_post_css":""},"product_brand":[],"product_cat":[35],"product_tag":[125,123,124],"class_list":{"0":"post-1060","1":"product","2":"type-product","3":"status-publish","4":"has-post-thumbnail","6":"product_cat-pp-pe-products","7":"product_tag-custom-plastic-parts","8":"product_tag-hdpe-molded-parts","9":"product_tag-plastic-injection-components","11":"first","12":"instock","13":"shipping-taxable","14":"product-type-simple"},"_links":{"self":[{"href":"https:\/\/uhmwpemanufacture.com\/es\/wp-json\/wp\/v2\/product\/1060","targetHints":{"allow":["GET"]}}],"collection":[{"href":"https:\/\/uhmwpemanufacture.com\/es\/wp-json\/wp\/v2\/product"}],"about":[{"href":"https:\/\/uhmwpemanufacture.com\/es\/wp-json\/wp\/v2\/types\/product"}],"wp:featuredmedia":[{"embeddable":true,"href":"https:\/\/uhmwpemanufacture.com\/es\/wp-json\/wp\/v2\/media\/1064"}],"wp:attachment":[{"href":"https:\/\/uhmwpemanufacture.com\/es\/wp-json\/wp\/v2\/media?parent=1060"}],"wp:term":[{"taxonomy":"product_brand","embeddable":true,"href":"https:\/\/uhmwpemanufacture.com\/es\/wp-json\/wp\/v2\/product_brand?post=1060"},{"taxonomy":"product_cat","embeddable":true,"href":"https:\/\/uhmwpemanufacture.com\/es\/wp-json\/wp\/v2\/product_cat?post=1060"},{"taxonomy":"product_tag","embeddable":true,"href":"https:\/\/uhmwpemanufacture.com\/es\/wp-json\/wp\/v2\/product_tag?post=1060"}],"curies":[{"name":"wp","href":"https:\/\/api.w.org\/{rel}","templated":true}]}}