{"id":1071,"date":"2025-09-28T03:20:34","date_gmt":"2025-09-28T03:20:34","guid":{"rendered":"https:\/\/uhmwpemanufacture.com\/?post_type=product&#038;p=1071"},"modified":"2025-09-28T03:20:34","modified_gmt":"2025-09-28T03:20:34","slug":"customize-uhmwpe-synthetic-ice-floor-panel-manufacturers","status":"publish","type":"product","link":"https:\/\/uhmwpemanufacture.com\/es\/customize-uhmwpe-synthetic-ice-floor-panel-manufacturers\/","title":{"rendered":"Customize UHMWPE Sint\u00e9tico Fabricantes de paneles de suelo de hielo"},"content":{"rendered":"<h2>Personalizar paneles de suelo de hielo sint\u00e9tico UHMWPE<\/h2>\n<p>Nuestros paneles personalizados de suelo de hielo artificial de UHMWPE est\u00e1n fabricados para ofrecer una eficacia de patinaje suave y realista sin necesidad de refrigeraci\u00f3n. Fabricados a partir de polietileno de peso molecular ultraalto, estos paneles ofrecen un movimiento excepcional, longevidad y menor rozamiento, lo que los hace excelentes para pistas interiores y exteriores, centros de entrenamiento e instalaciones recreativas. Resistentes a la intemperie, la humedad y los impactos, los paneles garantizan una larga vida \u00fatil y un mantenimiento sencillo. Con un dise\u00f1o entrelazado y tama\u00f1os personalizables, ofrecen un montaje r\u00e1pido y una eficacia segura. Como fabricantes especializados, proporcionamos soluciones de hielo sint\u00e9tico de primera calidad adaptadas para satisfacer diversas necesidades deportivas y de disfrute.<\/p>","protected":false},"excerpt":{"rendered":"<p>Los paneles de suelo de hielo sint\u00e9tico de UHMWPE personalizados ofrecen un deslizamiento suave, durabilidad y f\u00e1cil instalaci\u00f3n. Ideales para pistas interiores y exteriores, centros de entrenamiento y uso recreativo.<\/p>","protected":false},"featured_media":1072,"template":"","meta":{"_gspb_post_css":""},"product_brand":[],"product_cat":[29,32],"product_tag":[128,126,127],"class_list":{"0":"post-1071","1":"product","2":"type-product","3":"status-publish","4":"has-post-thumbnail","6":"product_cat-ice-rink-products","7":"product_cat-ice-synthetic-panels","8":"product_tag-ice-rink-flooring","9":"product_tag-synthetic-ice-panels","10":"product_tag-uhmwpe-ice-floor","12":"first","13":"instock","14":"shipping-taxable","15":"product-type-simple"},"_links":{"self":[{"href":"https:\/\/uhmwpemanufacture.com\/es\/wp-json\/wp\/v2\/product\/1071","targetHints":{"allow":["GET"]}}],"collection":[{"href":"https:\/\/uhmwpemanufacture.com\/es\/wp-json\/wp\/v2\/product"}],"about":[{"href":"https:\/\/uhmwpemanufacture.com\/es\/wp-json\/wp\/v2\/types\/product"}],"wp:featuredmedia":[{"embeddable":true,"href":"https:\/\/uhmwpemanufacture.com\/es\/wp-json\/wp\/v2\/media\/1072"}],"wp:attachment":[{"href":"https:\/\/uhmwpemanufacture.com\/es\/wp-json\/wp\/v2\/media?parent=1071"}],"wp:term":[{"taxonomy":"product_brand","embeddable":true,"href":"https:\/\/uhmwpemanufacture.com\/es\/wp-json\/wp\/v2\/product_brand?post=1071"},{"taxonomy":"product_cat","embeddable":true,"href":"https:\/\/uhmwpemanufacture.com\/es\/wp-json\/wp\/v2\/product_cat?post=1071"},{"taxonomy":"product_tag","embeddable":true,"href":"https:\/\/uhmwpemanufacture.com\/es\/wp-json\/wp\/v2\/product_tag?post=1071"}],"curies":[{"name":"wp","href":"https:\/\/api.w.org\/{rel}","templated":true}]}}