{"id":1107,"date":"2025-09-28T03:54:02","date_gmt":"2025-09-28T03:54:02","guid":{"rendered":"https:\/\/uhmwpemanufacture.com\/?post_type=product&#038;p=1107"},"modified":"2025-09-28T03:54:02","modified_gmt":"2025-09-28T03:54:02","slug":"high-quality-plastic-engineering-mould-sheet-uhmwpe-product","status":"publish","type":"product","link":"https:\/\/uhmwpemanufacture.com\/es\/high-quality-plastic-engineering-mould-sheet-uhmwpe-product\/","title":{"rendered":"Producto de alta calidad de la hoja del molde de la ingenier\u00eda pl\u00e1stica UHMWPE"},"content":{"rendered":"<h2>Producto de calidad superior de la hoja del molde de la ingenier\u00eda pl\u00e1stica UHMWPE<\/h2>\n<p>Nuestras planchas de UHMWPE para moldes de ingenier\u00eda est\u00e1n fabricadas para ofrecer resistencia, solidez y una magn\u00edfica resistencia al desgaste. Con una superficie de baja fricci\u00f3n y resistencia a los efectos, estas planchas se utilizan ampliamente en aplicaciones industriales como sistemas transportadores, equipos de envasado y elementos de equipamiento. La impresionante resistencia qu\u00edmica del producto y su larga vida \u00fatil lo hacen excelente para ambientes exigentes. Disponibles en tama\u00f1os y colores ajustables, las planchas pueden mecanizarse para cumplir requisitos espec\u00edficos de trabajo, lo que garantiza su fiabilidad en los mercados de producci\u00f3n y dise\u00f1o.<\/p>","protected":false},"excerpt":{"rendered":"<p>Planchas de pl\u00e1stico UHMWPE de alta calidad para moldes de ingenier\u00eda con resistencia superior al desgaste, resistencia al impacto y baja fricci\u00f3n. Ideales para piezas de maquinaria, cintas transportadoras y uso industrial. Tama\u00f1o y color personalizables para adaptarse a diversas aplicaciones en entornos exigentes.<\/p>","protected":false},"featured_media":1108,"template":"","meta":{"_gspb_post_css":""},"product_brand":[],"product_cat":[34],"product_tag":[71,137,56],"class_list":{"0":"post-1107","1":"product","2":"type-product","3":"status-publish","4":"has-post-thumbnail","6":"product_cat-mg-engineering-plastic-sheets","7":"product_tag-engineering-plastic","8":"product_tag-mould-sheet","9":"product_tag-uhmwpe-sheet","11":"first","12":"instock","13":"shipping-taxable","14":"product-type-simple"},"_links":{"self":[{"href":"https:\/\/uhmwpemanufacture.com\/es\/wp-json\/wp\/v2\/product\/1107","targetHints":{"allow":["GET"]}}],"collection":[{"href":"https:\/\/uhmwpemanufacture.com\/es\/wp-json\/wp\/v2\/product"}],"about":[{"href":"https:\/\/uhmwpemanufacture.com\/es\/wp-json\/wp\/v2\/types\/product"}],"wp:featuredmedia":[{"embeddable":true,"href":"https:\/\/uhmwpemanufacture.com\/es\/wp-json\/wp\/v2\/media\/1108"}],"wp:attachment":[{"href":"https:\/\/uhmwpemanufacture.com\/es\/wp-json\/wp\/v2\/media?parent=1107"}],"wp:term":[{"taxonomy":"product_brand","embeddable":true,"href":"https:\/\/uhmwpemanufacture.com\/es\/wp-json\/wp\/v2\/product_brand?post=1107"},{"taxonomy":"product_cat","embeddable":true,"href":"https:\/\/uhmwpemanufacture.com\/es\/wp-json\/wp\/v2\/product_cat?post=1107"},{"taxonomy":"product_tag","embeddable":true,"href":"https:\/\/uhmwpemanufacture.com\/es\/wp-json\/wp\/v2\/product_tag?post=1107"}],"curies":[{"name":"wp","href":"https:\/\/api.w.org\/{rel}","templated":true}]}}