{"id":1116,"date":"2025-09-28T03:57:21","date_gmt":"2025-09-28T03:57:21","guid":{"rendered":"https:\/\/uhmwpemanufacture.com\/?post_type=product&#038;p=1116"},"modified":"2025-09-28T03:57:21","modified_gmt":"2025-09-28T03:57:21","slug":"custom-duty-dura-base-mats-uhmwpe-ground-protection-mat","status":"publish","type":"product","link":"https:\/\/uhmwpemanufacture.com\/es\/custom-duty-dura-base-mats-uhmwpe-ground-protection-mat\/","title":{"rendered":"Custom Duty Dura Base Mats Estera de protecci\u00f3n del suelo UHMWPE"},"content":{"rendered":"<h2>Custom Task Dura Base Mats UHMWPE Ground Defense Mat<\/h2>\n<p>Las alfombrillas Dura Base de UHMWPE para trabajos a medida proporcionan seguridad en el suelo para trabajos pesados de construcci\u00f3n, ocasiones e industriales. Fabricadas con una superficie texturizada duradera para un agarre m\u00e1ximo, estas cubiertas de suelo soportan cargas pesadas, reducen la tensi\u00f3n del suelo y evitan da\u00f1os en la superficie. F\u00e1ciles de montar y de uso m\u00faltiple, son ideales para desarrollar autopistas de corta duraci\u00f3n, sistemas de trabajo o recorridos de acceso en atm\u00f3sferas dif\u00edciles. Resistentes a la intemperie, los productos qu\u00edmicos y los impactos, garantizan una eficacia duradera al tiempo que mantienen la seguridad y la estabilidad. Disponibles en tama\u00f1os y grosores personalizados para satisfacer las diversas necesidades de defensa en tierra de numerosos sectores.<\/p>","protected":false},"excerpt":{"rendered":"<p>Las esteras Dura Base de UHMWPE para trabajos a medida ofrecen una fuerte protecci\u00f3n del suelo con una superficie texturizada para tracci\u00f3n. Ideal para cargas pesadas, carreteras temporales y uso industrial.<\/p>","protected":false},"featured_media":1118,"template":"","meta":{"_gspb_post_css":""},"product_brand":[],"product_cat":[24,27],"product_tag":[140,139,138],"class_list":{"0":"post-1116","1":"product","2":"type-product","3":"status-publish","4":"has-post-thumbnail","6":"product_cat-ground-protection-road-mats","7":"product_cat-dura-mats","8":"product_tag-dura-base-mats","9":"product_tag-ground-protection","10":"product_tag-uhmwpe-mats","12":"first","13":"instock","14":"shipping-taxable","15":"product-type-simple"},"_links":{"self":[{"href":"https:\/\/uhmwpemanufacture.com\/es\/wp-json\/wp\/v2\/product\/1116","targetHints":{"allow":["GET"]}}],"collection":[{"href":"https:\/\/uhmwpemanufacture.com\/es\/wp-json\/wp\/v2\/product"}],"about":[{"href":"https:\/\/uhmwpemanufacture.com\/es\/wp-json\/wp\/v2\/types\/product"}],"wp:featuredmedia":[{"embeddable":true,"href":"https:\/\/uhmwpemanufacture.com\/es\/wp-json\/wp\/v2\/media\/1118"}],"wp:attachment":[{"href":"https:\/\/uhmwpemanufacture.com\/es\/wp-json\/wp\/v2\/media?parent=1116"}],"wp:term":[{"taxonomy":"product_brand","embeddable":true,"href":"https:\/\/uhmwpemanufacture.com\/es\/wp-json\/wp\/v2\/product_brand?post=1116"},{"taxonomy":"product_cat","embeddable":true,"href":"https:\/\/uhmwpemanufacture.com\/es\/wp-json\/wp\/v2\/product_cat?post=1116"},{"taxonomy":"product_tag","embeddable":true,"href":"https:\/\/uhmwpemanufacture.com\/es\/wp-json\/wp\/v2\/product_tag?post=1116"}],"curies":[{"name":"wp","href":"https:\/\/api.w.org\/{rel}","templated":true}]}}