{"id":1126,"date":"2025-09-28T06:03:34","date_gmt":"2025-09-28T06:03:34","guid":{"rendered":"https:\/\/uhmwpemanufacture.com\/?post_type=product&#038;p=1126"},"modified":"2025-09-28T06:03:34","modified_gmt":"2025-09-28T06:03:34","slug":"custom-anti-slip-wear-resistant-uhmwpe-amphimats-vendor","status":"publish","type":"product","link":"https:\/\/uhmwpemanufacture.com\/es\/custom-anti-slip-wear-resistant-uhmwpe-amphimats-vendor\/","title":{"rendered":"Anfimat antideslizante resistente al desgaste Uhmwpe Proveedor"},"content":{"rendered":"<h2>Hecho a la medida antideslizante Poner inmune UHMWPE Anfimats Proveedor<\/h2>\n<p>Estos anfibios de UHMWPE personalizados se han desarrollado para ofrecer la m\u00e1xima resistencia y seguridad, con una notable resistencia al desgaste y una larga vida \u00fatil. Desarrollados con una superficie antideslizante, proporcionan un apoyo fiable en el suelo para equipos pesados, coches y medios de acceso de corta duraci\u00f3n, incluso en entornos dif\u00edciles. Su estructura ligera pero s\u00f3lida hace que sean muy f\u00e1ciles de transportar e instalar, garantizando una configuraci\u00f3n eficaz del sitio web. Perfectos para sitios web de construcci\u00f3n, eventos al aire libre y proyectos de servicios p\u00fablicos, estos revestimientos de suelos protegen el suelo de da\u00f1os y mantienen unas condiciones de trabajo seguras. Como proveedor de confianza, ofrecemos soluciones de calidad adaptadas a sus necesidades.<\/p>","protected":false},"excerpt":{"rendered":"<p>Los anfibios de UHMWPE a medida con dise\u00f1o antideslizante garantizan la resistencia al desgaste y la estabilidad de los equipos pesados. F\u00e1ciles de instalar, protegen las superficies del suelo en proyectos de construcci\u00f3n, eventos y servicios p\u00fablicos a la vez que ofrecen un rendimiento fiable a largo plazo.<\/p>","protected":false},"featured_media":1127,"template":"","meta":{"_gspb_post_css":""},"product_brand":[],"product_cat":[24,28],"product_tag":[72,142,143],"class_list":{"0":"post-1126","1":"product","2":"type-product","3":"status-publish","4":"has-post-thumbnail","6":"product_cat-ground-protection-road-mats","7":"product_cat-amphi-mats","8":"product_tag-ground-protection-mats","9":"product_tag-uhmwpe-amphimats","10":"product_tag-wear-resistant-mats","12":"first","13":"instock","14":"shipping-taxable","15":"product-type-simple"},"_links":{"self":[{"href":"https:\/\/uhmwpemanufacture.com\/es\/wp-json\/wp\/v2\/product\/1126","targetHints":{"allow":["GET"]}}],"collection":[{"href":"https:\/\/uhmwpemanufacture.com\/es\/wp-json\/wp\/v2\/product"}],"about":[{"href":"https:\/\/uhmwpemanufacture.com\/es\/wp-json\/wp\/v2\/types\/product"}],"wp:featuredmedia":[{"embeddable":true,"href":"https:\/\/uhmwpemanufacture.com\/es\/wp-json\/wp\/v2\/media\/1127"}],"wp:attachment":[{"href":"https:\/\/uhmwpemanufacture.com\/es\/wp-json\/wp\/v2\/media?parent=1126"}],"wp:term":[{"taxonomy":"product_brand","embeddable":true,"href":"https:\/\/uhmwpemanufacture.com\/es\/wp-json\/wp\/v2\/product_brand?post=1126"},{"taxonomy":"product_cat","embeddable":true,"href":"https:\/\/uhmwpemanufacture.com\/es\/wp-json\/wp\/v2\/product_cat?post=1126"},{"taxonomy":"product_tag","embeddable":true,"href":"https:\/\/uhmwpemanufacture.com\/es\/wp-json\/wp\/v2\/product_tag?post=1126"}],"curies":[{"name":"wp","href":"https:\/\/api.w.org\/{rel}","templated":true}]}}