{"id":1134,"date":"2025-09-28T06:12:44","date_gmt":"2025-09-28T06:12:44","guid":{"rendered":"https:\/\/uhmwpemanufacture.com\/?post_type=product&#038;p=1134"},"modified":"2025-09-28T06:12:44","modified_gmt":"2025-09-28T06:12:44","slug":"custom-boron-uhmwpe-plastic-sheet-boron-borated-wholesaler","status":"publish","type":"product","link":"https:\/\/uhmwpemanufacture.com\/es\/custom-boron-uhmwpe-plastic-sheet-boron-borated-wholesaler\/","title":{"rendered":"Boro personalizado Uhmwpe hoja de pl\u00e1stico de boro borado Mayorista"},"content":{"rendered":"<h2>Boro personalizado Uhmwpe hoja de pl\u00e1stico de boro borado Mayorista<\/h2>\n<p>Estos anfibios de UHMWPE personalizados se han desarrollado para ofrecer la m\u00e1xima durabilidad y seguridad, proporcionando una extraordinaria resistencia al desgaste y una larga vida \u00fatil. Construidos con una superficie antideslizante, proporcionan un apoyo fiable en el suelo para equipos pesados, autom\u00f3viles y v\u00edas de acceso de corta duraci\u00f3n, incluso en entornos dif\u00edciles. Su estructura ligera pero resistente hace que sean muy f\u00e1ciles de transportar y montar, garantizando una disposici\u00f3n eficaz en el lugar de trabajo. Estos revestimientos de suelos, perfectos para sitios web de construcci\u00f3n y edificaci\u00f3n, ocasiones al aire libre y tareas energ\u00e9ticas, protegen el suelo de da\u00f1os y mantienen unas condiciones de trabajo estables. Como proveedor de confianza, ofrecemos servicios de la m\u00e1xima calidad adaptados a sus necesidades.<\/p>","protected":false},"excerpt":{"rendered":"<p>Los anfibios de UHMWPE a medida con dise\u00f1o antideslizante garantizan la resistencia al desgaste y la estabilidad de los equipos pesados. F\u00e1ciles de instalar, protegen las superficies del suelo en proyectos de construcci\u00f3n, eventos y servicios p\u00fablicos a la vez que ofrecen un rendimiento fiable a largo plazo.<\/p>","protected":false},"featured_media":1138,"template":"","meta":{"_gspb_post_css":""},"product_brand":[],"product_cat":[15,19],"product_tag":[72,142,143],"class_list":{"0":"post-1134","1":"product","2":"type-product","3":"status-publish","4":"has-post-thumbnail","6":"product_cat-uhmwpe-hdpe-sheets-plates","7":"product_cat-lead-boron-polyethylene-plates","8":"product_tag-ground-protection-mats","9":"product_tag-uhmwpe-amphimats","10":"product_tag-wear-resistant-mats","12":"first","13":"instock","14":"shipping-taxable","15":"product-type-simple"},"_links":{"self":[{"href":"https:\/\/uhmwpemanufacture.com\/es\/wp-json\/wp\/v2\/product\/1134","targetHints":{"allow":["GET"]}}],"collection":[{"href":"https:\/\/uhmwpemanufacture.com\/es\/wp-json\/wp\/v2\/product"}],"about":[{"href":"https:\/\/uhmwpemanufacture.com\/es\/wp-json\/wp\/v2\/types\/product"}],"wp:featuredmedia":[{"embeddable":true,"href":"https:\/\/uhmwpemanufacture.com\/es\/wp-json\/wp\/v2\/media\/1138"}],"wp:attachment":[{"href":"https:\/\/uhmwpemanufacture.com\/es\/wp-json\/wp\/v2\/media?parent=1134"}],"wp:term":[{"taxonomy":"product_brand","embeddable":true,"href":"https:\/\/uhmwpemanufacture.com\/es\/wp-json\/wp\/v2\/product_brand?post=1134"},{"taxonomy":"product_cat","embeddable":true,"href":"https:\/\/uhmwpemanufacture.com\/es\/wp-json\/wp\/v2\/product_cat?post=1134"},{"taxonomy":"product_tag","embeddable":true,"href":"https:\/\/uhmwpemanufacture.com\/es\/wp-json\/wp\/v2\/product_tag?post=1134"}],"curies":[{"name":"wp","href":"https:\/\/api.w.org\/{rel}","templated":true}]}}