{"id":1141,"date":"2025-09-28T06:16:13","date_gmt":"2025-09-28T06:16:13","guid":{"rendered":"https:\/\/uhmwpemanufacture.com\/?post_type=product&#038;p=1141"},"modified":"2025-09-28T06:16:13","modified_gmt":"2025-09-28T06:16:13","slug":"heavy-engineering-machinery-uhmwpe-plate-crane-wholesaler","status":"publish","type":"product","link":"https:\/\/uhmwpemanufacture.com\/es\/heavy-engineering-machinery-uhmwpe-plate-crane-wholesaler\/","title":{"rendered":"Maquinaria de Ingenier\u00eda Pesada UHMWPE Placa Gr\u00faa Mayorista"},"content":{"rendered":"<h2>Equipo de ingenier\u00eda pesada Distribuidor de gr\u00faas de placa de UHMWPE<\/h2>\n<p>Estas placas de UHMWPE para trabajos pesados est\u00e1n desarrolladas para aplicaciones de gr\u00faas y maquinaria, y proporcionan una excepcional distribuci\u00f3n de lotes, resistencia al uso y resiliencia duradera. Con alta resistencia a la influencia y propiedades residenciales anti-corrosi\u00f3n, que garantizan la seguridad y la seguridad en la construcci\u00f3n, la miner\u00eda, y las tareas del sector pesado. Ligeras pero s\u00f3lidas, son f\u00e1ciles de manejar gracias a sus asas incorporadas. Su superficie antiadherente y resistente a la intemperie permite un rendimiento acreditado en entornos severos, deteniendo los da\u00f1os al suelo mientras soportan lotes pesados. Ideales para especialistas, empresas de alquiler de equipos y distribuidores que buscan soluciones de apoyo en tierra fiables.<\/p>","protected":false},"excerpt":{"rendered":"<p>Placas de UHMWPE para gr\u00faas de maquinaria pesada dise\u00f1adas para ofrecer la m\u00e1xima estabilidad y durabilidad. Ligeras pero fuertes, estas placas resisten los impactos, el agua y los productos qu\u00edmicos, por lo que son ideales para gr\u00faas, estabilizadores y equipos de elevaci\u00f3n en entornos dif\u00edciles.<\/p>","protected":false},"featured_media":0,"template":"","meta":{"_gspb_post_css":""},"product_brand":[],"product_cat":[15,20],"product_tag":[145,146,144],"class_list":{"0":"post-1141","1":"product","2":"type-product","3":"status-publish","5":"product_cat-uhmwpe-hdpe-sheets-plates","6":"product_cat-crane-outrigger-pads","7":"product_tag-heavy-machinery-support","8":"product_tag-outrigger-mats","9":"product_tag-uhmwpe-crane-pads","11":"first","12":"instock","13":"shipping-taxable","14":"product-type-simple"},"_links":{"self":[{"href":"https:\/\/uhmwpemanufacture.com\/es\/wp-json\/wp\/v2\/product\/1141","targetHints":{"allow":["GET"]}}],"collection":[{"href":"https:\/\/uhmwpemanufacture.com\/es\/wp-json\/wp\/v2\/product"}],"about":[{"href":"https:\/\/uhmwpemanufacture.com\/es\/wp-json\/wp\/v2\/types\/product"}],"wp:attachment":[{"href":"https:\/\/uhmwpemanufacture.com\/es\/wp-json\/wp\/v2\/media?parent=1141"}],"wp:term":[{"taxonomy":"product_brand","embeddable":true,"href":"https:\/\/uhmwpemanufacture.com\/es\/wp-json\/wp\/v2\/product_brand?post=1141"},{"taxonomy":"product_cat","embeddable":true,"href":"https:\/\/uhmwpemanufacture.com\/es\/wp-json\/wp\/v2\/product_cat?post=1141"},{"taxonomy":"product_tag","embeddable":true,"href":"https:\/\/uhmwpemanufacture.com\/es\/wp-json\/wp\/v2\/product_tag?post=1141"}],"curies":[{"name":"wp","href":"https:\/\/api.w.org\/{rel}","templated":true}]}}