{"id":1148,"date":"2025-09-28T06:20:59","date_gmt":"2025-09-28T06:20:59","guid":{"rendered":"https:\/\/uhmwpemanufacture.com\/?post_type=product&#038;p=1148"},"modified":"2025-09-28T06:20:59","modified_gmt":"2025-09-28T06:20:59","slug":"custom-uhmwpe-pom-hdpe-nylon-polyethylene-sheet-wholesaler","status":"publish","type":"product","link":"https:\/\/uhmwpemanufacture.com\/es\/custom-uhmwpe-pom-hdpe-nylon-polyethylene-sheet-wholesaler\/","title":{"rendered":"Custom Uhmwpe Pom Hdpe Nylon Polietileno Hoja Mayorista"},"content":{"rendered":"<h2>Custom Uhmwpe Pom Hdpe Nylon Polietileno Hoja Dealer<\/h2>\n<p>Nuestras planchas personalizadas de UHMWPE, POM, HDPE y nailon ofrecen una notable resistencia al desgaste, tenacidad de efecto y dureza para una amplia variedad de usos industriales. Con un rozamiento reducido y una fuerte resistencia qu\u00edmica, estas planchas son apropiadas para aplicaciones de dise\u00f1o, manipulaci\u00f3n de alimentos, piezas mec\u00e1nicas y construcci\u00f3n. Disponibles en numerosas dimensiones y espesores, proporcionan una eficacia fiable en problemas exigentes. Como mayorista de confianza, suministramos productos de primera calidad a precios asequibles y con un suministro regular para satisfacer las necesidades de nuestros clientes.<\/p>","protected":false},"excerpt":{"rendered":"<p>Planchas personalizadas de UHMWPE, POM, HDPE, nailon y polietileno de alta resistencia, resistencia al desgaste y estabilidad qu\u00edmica. Adecuadas para aplicaciones de ingenier\u00eda, construcci\u00f3n e industriales. Se ofrecen en varios tama\u00f1os, colores y espesores para satisfacer diversas necesidades de fabricaci\u00f3n.<\/p>","protected":false},"featured_media":1151,"template":"","meta":{"_gspb_post_css":""},"product_brand":[],"product_cat":[23],"product_tag":[59,69,56],"class_list":{"0":"post-1148","1":"product","2":"type-product","3":"status-publish","4":"has-post-thumbnail","6":"product_cat-nylon-sheets","7":"product_tag-hdpe-sheet","8":"product_tag-nylon-sheet","9":"product_tag-uhmwpe-sheet","11":"first","12":"instock","13":"shipping-taxable","14":"product-type-simple"},"_links":{"self":[{"href":"https:\/\/uhmwpemanufacture.com\/es\/wp-json\/wp\/v2\/product\/1148","targetHints":{"allow":["GET"]}}],"collection":[{"href":"https:\/\/uhmwpemanufacture.com\/es\/wp-json\/wp\/v2\/product"}],"about":[{"href":"https:\/\/uhmwpemanufacture.com\/es\/wp-json\/wp\/v2\/types\/product"}],"wp:featuredmedia":[{"embeddable":true,"href":"https:\/\/uhmwpemanufacture.com\/es\/wp-json\/wp\/v2\/media\/1151"}],"wp:attachment":[{"href":"https:\/\/uhmwpemanufacture.com\/es\/wp-json\/wp\/v2\/media?parent=1148"}],"wp:term":[{"taxonomy":"product_brand","embeddable":true,"href":"https:\/\/uhmwpemanufacture.com\/es\/wp-json\/wp\/v2\/product_brand?post=1148"},{"taxonomy":"product_cat","embeddable":true,"href":"https:\/\/uhmwpemanufacture.com\/es\/wp-json\/wp\/v2\/product_cat?post=1148"},{"taxonomy":"product_tag","embeddable":true,"href":"https:\/\/uhmwpemanufacture.com\/es\/wp-json\/wp\/v2\/product_tag?post=1148"}],"curies":[{"name":"wp","href":"https:\/\/api.w.org\/{rel}","templated":true}]}}