{"id":1154,"date":"2025-09-28T06:26:46","date_gmt":"2025-09-28T06:26:46","guid":{"rendered":"https:\/\/uhmwpemanufacture.com\/?post_type=product&#038;p=1154"},"modified":"2025-09-28T06:26:46","modified_gmt":"2025-09-28T06:26:46","slug":"uhmwpe-coal-bunker-lining-plate-injection-molded-parts-dealer","status":"publish","type":"product","link":"https:\/\/uhmwpemanufacture.com\/es\/uhmwpe-coal-bunker-lining-plate-injection-molded-parts-dealer\/","title":{"rendered":"UHMWPE Carb\u00f3n Bunker Revestimiento Placa Moldeado por Inyecci\u00f3n Piezas Distribuidor"},"content":{"rendered":"<h2>UHMWPE Carb\u00f3n Bunker Celular Forro Placa Inyecci\u00f3n Construido Componentes Proveedor<\/h2>\n<p>Nuestras placas de revestimiento de refugios para carb\u00f3n de UHMWPE se han desarrollado para una gran eficacia en la industria minera. Con alta resistencia al desgaste, autolubricaci\u00f3n y excelente resistencia al impacto, evitan las obstrucciones de material y reducen el tiempo de inactividad por mantenimiento. Moldeadas por inyecci\u00f3n para mayor precisi\u00f3n, estas placas son muy f\u00e1ciles de montar y ofrecen una protecci\u00f3n de primera contra la abrasi\u00f3n y la corrosi\u00f3n. Ideales para carboneras, tolvas, silos y tolvas, prolongan la vida \u00fatil de las herramientas y garantizan una manipulaci\u00f3n m\u00e1s suave del material en masa. Con la confianza de los procedimientos industriales, estos revestimientos proporcionan longevidad y eficacia en los entornos m\u00e1s duros, lo que los convierte en un remedio necesario para las aplicaciones de miner\u00eda y procesamiento.<\/p>","protected":false},"excerpt":{"rendered":"<p>Las placas de revestimiento de las tolvas de carb\u00f3n de UHMWPE ofrecen una gran resistencia al desgaste, al impacto y autolubricaci\u00f3n. Ideales para tolvas, silos y dep\u00f3sitos, garantizan una manipulaci\u00f3n suave de los productos a granel, reducen los atascos y prolongan la vida \u00fatil de los equipos gracias a su f\u00e1cil instalaci\u00f3n y durabilidad.<\/p>","protected":false},"featured_media":1157,"template":"","meta":{"_gspb_post_css":""},"product_brand":[],"product_cat":[15,22],"product_tag":[149,148,147],"class_list":{"0":"post-1154","1":"product","2":"type-product","3":"status-publish","4":"has-post-thumbnail","6":"product_cat-uhmwpe-hdpe-sheets-plates","7":"product_cat-coal-bunker-limit-plates","8":"product_tag-chute-lining-plate","9":"product_tag-injection-molded-parts","10":"product_tag-uhmwpe-coal-bunker-liner","12":"first","13":"instock","14":"shipping-taxable","15":"product-type-simple"},"_links":{"self":[{"href":"https:\/\/uhmwpemanufacture.com\/es\/wp-json\/wp\/v2\/product\/1154","targetHints":{"allow":["GET"]}}],"collection":[{"href":"https:\/\/uhmwpemanufacture.com\/es\/wp-json\/wp\/v2\/product"}],"about":[{"href":"https:\/\/uhmwpemanufacture.com\/es\/wp-json\/wp\/v2\/types\/product"}],"wp:featuredmedia":[{"embeddable":true,"href":"https:\/\/uhmwpemanufacture.com\/es\/wp-json\/wp\/v2\/media\/1157"}],"wp:attachment":[{"href":"https:\/\/uhmwpemanufacture.com\/es\/wp-json\/wp\/v2\/media?parent=1154"}],"wp:term":[{"taxonomy":"product_brand","embeddable":true,"href":"https:\/\/uhmwpemanufacture.com\/es\/wp-json\/wp\/v2\/product_brand?post=1154"},{"taxonomy":"product_cat","embeddable":true,"href":"https:\/\/uhmwpemanufacture.com\/es\/wp-json\/wp\/v2\/product_cat?post=1154"},{"taxonomy":"product_tag","embeddable":true,"href":"https:\/\/uhmwpemanufacture.com\/es\/wp-json\/wp\/v2\/product_tag?post=1154"}],"curies":[{"name":"wp","href":"https:\/\/api.w.org\/{rel}","templated":true}]}}