{"id":1162,"date":"2025-09-28T06:30:22","date_gmt":"2025-09-28T06:30:22","guid":{"rendered":"https:\/\/uhmwpemanufacture.com\/?post_type=product&#038;p=1162"},"modified":"2025-09-28T06:30:22","modified_gmt":"2025-09-28T06:30:22","slug":"excellent-formability-color-polyethylene-plastic-sheets-hdpe","status":"publish","type":"product","link":"https:\/\/uhmwpemanufacture.com\/es\/excellent-formability-color-polyethylene-plastic-sheets-hdpe\/","title":{"rendered":"Excelente conformabilidad Placas de polietileno de color HDPE"},"content":{"rendered":"<h2>Formabilidad excepcional Hojas de pl\u00e1stico de polietileno para sombra HDPE<\/h2>\n<p>Nuestras l\u00e1minas de pl\u00e1stico de polietileno de alta densidad presentan una excelente conformabilidad, solidez y resistencia qu\u00edmica, lo que las convierte en un producto funcional para aplicaciones comerciales, industriales y de ingenier\u00eda. Presentadas en colores vivos, estas l\u00e1minas son ligeras pero s\u00f3lidas, lo que facilita su fabricaci\u00f3n mediante corte, flexi\u00f3n y soldadura. Se utilizan ampliamente en revestimientos celulares, embalaje de productos, paneles de construcci\u00f3n y obst\u00e1culos de seguridad. Con gran resistencia a los impactos y propiedades residenciales o comerciales de resistencia a la intemperie, garantizan una eficiencia acreditada en el interior de su hogar o en el exterior. Estas planchas de HDPE integran practicidad y alta calidad, proporcionando un remedio econ\u00f3mico para las necesidades de producci\u00f3n personalizadas de diversos sectores.<\/p>","protected":false},"excerpt":{"rendered":"<p>Las planchas de polietileno de color HDPE ofrecen una excelente conformabilidad, resistencia al impacto y resistencia qu\u00edmica. Ideales para la construcci\u00f3n, el revestimiento, el embalaje y el uso industrial, son f\u00e1ciles de fabricar y rinden bien tanto en aplicaciones interiores como exteriores.<\/p>","protected":false},"featured_media":1166,"template":"","meta":{"_gspb_post_css":""},"product_brand":[],"product_cat":[15,18],"product_tag":[152,150,151],"class_list":{"0":"post-1162","1":"product","2":"type-product","3":"status-publish","4":"has-post-thumbnail","6":"product_cat-uhmwpe-hdpe-sheets-plates","7":"product_cat-hdpe-sheets","8":"product_tag-colored-hdpe-panels","9":"product_tag-hdpe-plastic-sheets","10":"product_tag-polyethylene-sheets-supplier","12":"first","13":"instock","14":"shipping-taxable","15":"product-type-simple"},"_links":{"self":[{"href":"https:\/\/uhmwpemanufacture.com\/es\/wp-json\/wp\/v2\/product\/1162","targetHints":{"allow":["GET"]}}],"collection":[{"href":"https:\/\/uhmwpemanufacture.com\/es\/wp-json\/wp\/v2\/product"}],"about":[{"href":"https:\/\/uhmwpemanufacture.com\/es\/wp-json\/wp\/v2\/types\/product"}],"wp:featuredmedia":[{"embeddable":true,"href":"https:\/\/uhmwpemanufacture.com\/es\/wp-json\/wp\/v2\/media\/1166"}],"wp:attachment":[{"href":"https:\/\/uhmwpemanufacture.com\/es\/wp-json\/wp\/v2\/media?parent=1162"}],"wp:term":[{"taxonomy":"product_brand","embeddable":true,"href":"https:\/\/uhmwpemanufacture.com\/es\/wp-json\/wp\/v2\/product_brand?post=1162"},{"taxonomy":"product_cat","embeddable":true,"href":"https:\/\/uhmwpemanufacture.com\/es\/wp-json\/wp\/v2\/product_cat?post=1162"},{"taxonomy":"product_tag","embeddable":true,"href":"https:\/\/uhmwpemanufacture.com\/es\/wp-json\/wp\/v2\/product_tag?post=1162"}],"curies":[{"name":"wp","href":"https:\/\/api.w.org\/{rel}","templated":true}]}}