{"id":1170,"date":"2025-09-28T06:39:29","date_gmt":"2025-09-28T06:39:29","guid":{"rendered":"https:\/\/uhmwpemanufacture.com\/?post_type=product&#038;p=1170"},"modified":"2025-09-28T07:52:03","modified_gmt":"2025-09-28T07:52:03","slug":"reliability-uhmw-pe-cribbing-blocks-heavy-load-applications","status":"publish","type":"product","link":"https:\/\/uhmwpemanufacture.com\/es\/reliability-uhmw-pe-cribbing-blocks-heavy-load-applications\/","title":{"rendered":"Fiabilidad El encofrado de UHMW-PE bloquea las aplicaciones de cargas pesadas"},"content":{"rendered":"<h2>Fiabilidad El encofrado de UHMW-PE bloquea las aplicaciones de cargas pesadas<\/h2>\n<p>Los bloques de encofrado de UHMW-PE est\u00e1n fabricados para ofrecer una resistencia, resiliencia y seguridad excepcionales en aplicaciones de cargas pesadas. Dise\u00f1ados para la construcci\u00f3n, la miner\u00eda y la reacci\u00f3n de emergencia, estos bloques resisten el desgaste, los impactos y las condiciones meteorol\u00f3gicas extremas, al tiempo que ofrecen una excelente distribuci\u00f3n de toneladas. Su estructura ligera pero duradera garantiza un manejo sencillo y un uso repetido sin astillarse ni agrietarse. Sus propiedades residenciales no absorbentes y resistentes a los productos qu\u00edmicos los hacen excelentes para entornos exteriores en los que exista humedad, aceites o productos qu\u00edmicos. Perfectos para estabilizar gr\u00faas, veh\u00edculos y equipos, estos bloques de enrejado ofrecen una fiabilidad resistente en problemas exigentes.<\/p>","protected":false},"excerpt":{"rendered":"<p>Los bloques de apuntalamiento de UHMW-PE ofrecen una resistencia y estabilidad fiables para aplicaciones de cargas pesadas. Ligeros, duraderos y resistentes a los productos qu\u00edmicos, proporcionan un soporte seguro para gr\u00faas, camiones y maquinaria en los sectores de la construcci\u00f3n, la miner\u00eda y la industria.<\/p>","protected":false},"featured_media":1173,"template":"","meta":{"_gspb_post_css":""},"product_brand":[],"product_cat":[15,21],"product_tag":[154,153,113],"class_list":{"0":"post-1170","1":"product","2":"type-product","3":"status-publish","4":"has-post-thumbnail","6":"product_cat-uhmwpe-hdpe-sheets-plates","7":"product_cat-uhmwpe-fender-pads","8":"product_tag-crane-stabilizer-blocks","9":"product_tag-heavy-load-support","10":"product_tag-uhmwpe-cribbing-blocks","12":"first","13":"instock","14":"shipping-taxable","15":"product-type-simple"},"_links":{"self":[{"href":"https:\/\/uhmwpemanufacture.com\/es\/wp-json\/wp\/v2\/product\/1170","targetHints":{"allow":["GET"]}}],"collection":[{"href":"https:\/\/uhmwpemanufacture.com\/es\/wp-json\/wp\/v2\/product"}],"about":[{"href":"https:\/\/uhmwpemanufacture.com\/es\/wp-json\/wp\/v2\/types\/product"}],"wp:featuredmedia":[{"embeddable":true,"href":"https:\/\/uhmwpemanufacture.com\/es\/wp-json\/wp\/v2\/media\/1173"}],"wp:attachment":[{"href":"https:\/\/uhmwpemanufacture.com\/es\/wp-json\/wp\/v2\/media?parent=1170"}],"wp:term":[{"taxonomy":"product_brand","embeddable":true,"href":"https:\/\/uhmwpemanufacture.com\/es\/wp-json\/wp\/v2\/product_brand?post=1170"},{"taxonomy":"product_cat","embeddable":true,"href":"https:\/\/uhmwpemanufacture.com\/es\/wp-json\/wp\/v2\/product_cat?post=1170"},{"taxonomy":"product_tag","embeddable":true,"href":"https:\/\/uhmwpemanufacture.com\/es\/wp-json\/wp\/v2\/product_tag?post=1170"}],"curies":[{"name":"wp","href":"https:\/\/api.w.org\/{rel}","templated":true}]}}