{"id":1175,"date":"2025-09-28T06:42:45","date_gmt":"2025-09-28T06:42:45","guid":{"rendered":"https:\/\/uhmwpemanufacture.com\/?post_type=product&#038;p=1175"},"modified":"2025-09-28T06:42:45","modified_gmt":"2025-09-28T06:42:45","slug":"resistant-uhmwpe-plate-natural-peek-board-plastic-exporter","status":"publish","type":"product","link":"https:\/\/uhmwpemanufacture.com\/es\/resistant-uhmwpe-plate-natural-peek-board-plastic-exporter\/","title":{"rendered":"Resistente Uhmwpe Placa Natural PEEK Tablero Exportador de Pl\u00e1stico"},"content":{"rendered":"<h2>Placa Inmune Uhmwpe Placa Natural PEEK Pl\u00e1stico Comerciante<\/h2>\n<p>Nuestras resistentes planchas de UHMWPE y placas de PEEK natural ofrecen una resistencia y eficacia extraordinarias en una amplia variedad de aplicaciones. Estos pl\u00e1sticos de dise\u00f1o, fabricados para resistir una gran influencia, un gran desgaste y entornos exigentes, ofrecen una magn\u00edfica resistencia a los productos qu\u00edmicos, el roce y la humedad. Con una excelente maquinabilidad y estabilidad, son \u00f3ptimos para componentes industriales, componentes mec\u00e1nicos y accesorios de precisi\u00f3n. Disponibles en l\u00e1minas, polos y formas personalizadas, satisfacen las variadas demandas de industrias como la automovil\u00edstica, minera, aeroespacial y alimentaria. Su calidad fiable y su larga vida \u00fatil los convierten en una elecci\u00f3n de confianza para los representantes mundiales.<\/p>\n<h2>Atributos del truco<\/h2>\n<p>Gran resistencia al desgaste y a los impactos<\/p>\n<p>Excelente estabilidad qu\u00edmica<\/p>\n<p>Maquinabilidad y adaptabilidad superiores<\/p>\n<p>Inmune a la humedad y la corrosi\u00f3n<\/p>\n<p>Se ofrece en numerosas formas y tama\u00f1os<\/p>","protected":false},"excerpt":{"rendered":"<p>Las placas resistentes de UHMWPE y las placas naturales de PEEK proporcionan una solidez, resistencia al desgaste y estabilidad qu\u00edmica extraordinarias. Perfectos para componentes industriales, maquinaria y uso en ingenier\u00eda, estos pl\u00e1sticos ofrecen una larga vida \u00fatil y un rendimiento fiable en aplicaciones exigentes.<\/p>","protected":false},"featured_media":1178,"template":"","meta":{"_gspb_post_css":""},"product_brand":[],"product_cat":[15,17],"product_tag":[157,156,155],"class_list":{"0":"post-1175","1":"product","2":"type-product","3":"status-publish","4":"has-post-thumbnail","6":"product_cat-uhmwpe-hdpe-sheets-plates","7":"product_cat-uhmwpe-sheets","8":"product_tag-engineering-plastics","9":"product_tag-peek-board","10":"product_tag-uhmwpe-plate","12":"first","13":"instock","14":"shipping-taxable","15":"product-type-simple"},"_links":{"self":[{"href":"https:\/\/uhmwpemanufacture.com\/es\/wp-json\/wp\/v2\/product\/1175","targetHints":{"allow":["GET"]}}],"collection":[{"href":"https:\/\/uhmwpemanufacture.com\/es\/wp-json\/wp\/v2\/product"}],"about":[{"href":"https:\/\/uhmwpemanufacture.com\/es\/wp-json\/wp\/v2\/types\/product"}],"wp:featuredmedia":[{"embeddable":true,"href":"https:\/\/uhmwpemanufacture.com\/es\/wp-json\/wp\/v2\/media\/1178"}],"wp:attachment":[{"href":"https:\/\/uhmwpemanufacture.com\/es\/wp-json\/wp\/v2\/media?parent=1175"}],"wp:term":[{"taxonomy":"product_brand","embeddable":true,"href":"https:\/\/uhmwpemanufacture.com\/es\/wp-json\/wp\/v2\/product_brand?post=1175"},{"taxonomy":"product_cat","embeddable":true,"href":"https:\/\/uhmwpemanufacture.com\/es\/wp-json\/wp\/v2\/product_cat?post=1175"},{"taxonomy":"product_tag","embeddable":true,"href":"https:\/\/uhmwpemanufacture.com\/es\/wp-json\/wp\/v2\/product_tag?post=1175"}],"curies":[{"name":"wp","href":"https:\/\/api.w.org\/{rel}","templated":true}]}}