{"id":1181,"date":"2025-09-28T06:48:30","date_gmt":"2025-09-28T06:48:30","guid":{"rendered":"https:\/\/uhmwpemanufacture.com\/?post_type=product&#038;p=1181"},"modified":"2025-09-28T06:48:30","modified_gmt":"2025-09-28T06:48:30","slug":"excavator-track-road-mats-plastic-ground-protection-mat","status":"publish","type":"product","link":"https:\/\/uhmwpemanufacture.com\/es\/excavator-track-road-mats-plastic-ground-protection-mat\/","title":{"rendered":"Alfombrillas de protecci\u00f3n de pl\u00e1stico para excavadoras"},"content":{"rendered":"<h2>Excavadora Pista Calzada Alfombrillas De Pl\u00e1stico Defensa Del Suelo Revestimiento De Suelo<\/h2>\n<p>Los revestimientos para suelos de v\u00edas de excavadoras fabricados con pl\u00e1stico de alta resistencia ofrecen seguridad antideslizante para el suelo para equipos pesados en obras de construcci\u00f3n, petrol\u00edferas, mineras y eventos. Estas alfombrillas minimizan la tensi\u00f3n del suelo, protegen la suciedad y evitan que la maquinaria se hunda, tambi\u00e9n en terrenos blandos o irregulares. Ligeras pero resistentes, son muy f\u00e1ciles de montar, limpiar y reutilizar, lo que las convierte en una alternativa rentable y respetuosa con el medio ambiente a la madera. Con una excelente resistencia qu\u00edmica y clim\u00e1tica, estos revestimientos de suelos garantizan un rendimiento fiable en condiciones exteriores dif\u00edciles. Perfectos para crear caminos de accesibilidad a corto plazo y sistemas de funcionamiento sin riesgos.<\/p>","protected":false},"excerpt":{"rendered":"<p>Las alfombrillas para v\u00edas de excavadoras proporcionan una protecci\u00f3n duradera del suelo para maquinaria pesada. Fabricadas con pl\u00e1stico de alta resistencia, evitan el hundimiento, protegen el suelo y crean v\u00edas de acceso temporales estables para la construcci\u00f3n, la miner\u00eda y los eventos. F\u00e1ciles de instalar, resistentes a la intemperie y reutilizables.<\/p>","protected":false},"featured_media":1182,"template":"","meta":{"_gspb_post_css":""},"product_brand":[],"product_cat":[24,26],"product_tag":[160,158,159],"class_list":{"0":"post-1181","1":"product","2":"type-product","3":"status-publish","4":"has-post-thumbnail","6":"product_cat-ground-protection-road-mats","7":"product_cat-base-mats","8":"product_tag-construction-access-mats","9":"product_tag-excavator-track-mats","10":"product_tag-ground-protection-mat","12":"first","13":"instock","14":"shipping-taxable","15":"product-type-simple"},"_links":{"self":[{"href":"https:\/\/uhmwpemanufacture.com\/es\/wp-json\/wp\/v2\/product\/1181","targetHints":{"allow":["GET"]}}],"collection":[{"href":"https:\/\/uhmwpemanufacture.com\/es\/wp-json\/wp\/v2\/product"}],"about":[{"href":"https:\/\/uhmwpemanufacture.com\/es\/wp-json\/wp\/v2\/types\/product"}],"wp:featuredmedia":[{"embeddable":true,"href":"https:\/\/uhmwpemanufacture.com\/es\/wp-json\/wp\/v2\/media\/1182"}],"wp:attachment":[{"href":"https:\/\/uhmwpemanufacture.com\/es\/wp-json\/wp\/v2\/media?parent=1181"}],"wp:term":[{"taxonomy":"product_brand","embeddable":true,"href":"https:\/\/uhmwpemanufacture.com\/es\/wp-json\/wp\/v2\/product_brand?post=1181"},{"taxonomy":"product_cat","embeddable":true,"href":"https:\/\/uhmwpemanufacture.com\/es\/wp-json\/wp\/v2\/product_cat?post=1181"},{"taxonomy":"product_tag","embeddable":true,"href":"https:\/\/uhmwpemanufacture.com\/es\/wp-json\/wp\/v2\/product_tag?post=1181"}],"curies":[{"name":"wp","href":"https:\/\/api.w.org\/{rel}","templated":true}]}}