{"id":1187,"date":"2025-09-28T06:52:59","date_gmt":"2025-09-28T06:52:59","guid":{"rendered":"https:\/\/uhmwpemanufacture.com\/?post_type=product&#038;p=1187"},"modified":"2025-09-28T06:52:59","modified_gmt":"2025-09-28T06:52:59","slug":"uhmwpe-temporary-road-construction-mud-ground-quick-mat","status":"publish","type":"product","link":"https:\/\/uhmwpemanufacture.com\/es\/uhmwpe-temporary-road-construction-mud-ground-quick-mat\/","title":{"rendered":"Uhmwpe Temporal Construcci\u00f3n de Carreteras Barro Suelo Estera R\u00e1pida"},"content":{"rendered":"<h2>UHMWPE Temporal Calzada Edificio Y Construcci\u00f3n Barro Suelo Estera R\u00e1pida<\/h2>\n<p>Las alfombras de carretera de corta duraci\u00f3n UHMWPE est\u00e1n dise\u00f1adas para proporcionar una asistencia al suelo segura y estable en entornos dif\u00edciles. Con gran capacidad de carga y resistencia al uso, estos revestimientos de suelo evitan que los equipos se hundan en el barro o en superficies blandas. Ligeros pero resistentes, pueden desplegarse r\u00e1pidamente para crear carreteras temporales, plataformas de trabajo o medios de acceso para eventos. Su superficie antideslizante garantiza un agarre fiable, mientras que su resistencia qu\u00edmica los hace adecuados para la construcci\u00f3n, yacimientos petrol\u00edferos, miner\u00eda y exteriores. Reciclables y muy f\u00e1ciles de limpiar, estos revestimientos de suelo ofrecen servicios asequibles y ecol\u00f3gicos para aplicaciones solicitadas de seguridad del suelo.<\/p>","protected":false},"excerpt":{"rendered":"<p>Las alfombras de carretera temporales de UHMWPE proporcionan un fuerte apoyo al suelo en barro, arena y terrenos blandos. F\u00e1ciles de desplegar, antideslizantes, reutilizables e ideales para construcci\u00f3n, miner\u00eda y eventos.<\/p>","protected":false},"featured_media":1191,"template":"","meta":{"_gspb_post_css":""},"product_brand":[],"product_cat":[24,25],"product_tag":[160,162,161],"class_list":{"0":"post-1187","1":"product","2":"type-product","3":"status-publish","4":"has-post-thumbnail","6":"product_cat-ground-protection-road-mats","7":"product_cat-quick-mats","8":"product_tag-construction-access-mats","9":"product_tag-temporary-ground-protection","10":"product_tag-uhmwpe-road-mats","12":"first","13":"instock","14":"shipping-taxable","15":"product-type-simple"},"_links":{"self":[{"href":"https:\/\/uhmwpemanufacture.com\/es\/wp-json\/wp\/v2\/product\/1187","targetHints":{"allow":["GET"]}}],"collection":[{"href":"https:\/\/uhmwpemanufacture.com\/es\/wp-json\/wp\/v2\/product"}],"about":[{"href":"https:\/\/uhmwpemanufacture.com\/es\/wp-json\/wp\/v2\/types\/product"}],"wp:featuredmedia":[{"embeddable":true,"href":"https:\/\/uhmwpemanufacture.com\/es\/wp-json\/wp\/v2\/media\/1191"}],"wp:attachment":[{"href":"https:\/\/uhmwpemanufacture.com\/es\/wp-json\/wp\/v2\/media?parent=1187"}],"wp:term":[{"taxonomy":"product_brand","embeddable":true,"href":"https:\/\/uhmwpemanufacture.com\/es\/wp-json\/wp\/v2\/product_brand?post=1187"},{"taxonomy":"product_cat","embeddable":true,"href":"https:\/\/uhmwpemanufacture.com\/es\/wp-json\/wp\/v2\/product_cat?post=1187"},{"taxonomy":"product_tag","embeddable":true,"href":"https:\/\/uhmwpemanufacture.com\/es\/wp-json\/wp\/v2\/product_tag?post=1187"}],"curies":[{"name":"wp","href":"https:\/\/api.w.org\/{rel}","templated":true}]}}