{"id":1195,"date":"2025-09-28T06:57:49","date_gmt":"2025-09-28T06:57:49","guid":{"rendered":"https:\/\/uhmwpemanufacture.com\/?post_type=product&#038;p=1195"},"modified":"2025-09-28T06:57:49","modified_gmt":"2025-09-28T06:57:49","slug":"custom-professional-plastic-injection-molding-pp-pe-product","status":"publish","type":"product","link":"https:\/\/uhmwpemanufacture.com\/es\/custom-professional-plastic-injection-molding-pp-pe-product\/","title":{"rendered":"Producto profesional personalizado de moldeo por inyecci\u00f3n de pl\u00e1stico Pp Pe"},"content":{"rendered":"<h2>Producto profesional personalizado de moldeo por inyecci\u00f3n de pl\u00e1stico PP PE<\/h2>\n<p>Nuestros art\u00edculos personalizados de moldeo por inyecci\u00f3n de PP y PE se crean para ofrecer precisi\u00f3n, longevidad y comodidad en numerosos sectores. Fabricados con tecnolog\u00eda de moldeo avanzada, garantizan un rendimiento regular y una excelente calidad de recubrimiento. Estos componentes de pl\u00e1stico son ligeros pero s\u00f3lidos, resistentes al desgaste, a los impactos y a los productos qu\u00edmicos, por lo que son adecuados para aplicaciones de automoci\u00f3n, electr\u00f3nica, embalaje de productos e industriales. Los remedios a medida pueden crearse en diferentes formas, dimensiones y tonalidades para satisfacer los requisitos especiales de los clientes. Adecuadas para grandes producciones, estas piezas moldeadas proporcionan un alto rendimiento, rentabilidad y fiabilidad buscados en los entornos.<\/p>","protected":false},"excerpt":{"rendered":"<p>Productos personalizados de moldeo por inyecci\u00f3n de pl\u00e1stico PP y PE de gran precisi\u00f3n, durabilidad y resistencia qu\u00edmica. Disponibles en varias formas, tama\u00f1os y colores, son ideales para aplicaciones de automoci\u00f3n, electr\u00f3nica, envasado e industriales que requieren un rendimiento fiable.<\/p>","protected":false},"featured_media":1201,"template":"","meta":{"_gspb_post_css":""},"product_brand":[],"product_cat":[35],"product_tag":[165,163,164],"class_list":{"0":"post-1195","1":"product","2":"type-product","3":"status-publish","4":"has-post-thumbnail","6":"product_cat-pp-pe-products","7":"product_tag-custom-plastic-products","8":"product_tag-plastic-injection-molding","9":"product_tag-pp-pe-molded-parts","11":"first","12":"instock","13":"shipping-taxable","14":"product-type-simple"},"_links":{"self":[{"href":"https:\/\/uhmwpemanufacture.com\/es\/wp-json\/wp\/v2\/product\/1195","targetHints":{"allow":["GET"]}}],"collection":[{"href":"https:\/\/uhmwpemanufacture.com\/es\/wp-json\/wp\/v2\/product"}],"about":[{"href":"https:\/\/uhmwpemanufacture.com\/es\/wp-json\/wp\/v2\/types\/product"}],"wp:featuredmedia":[{"embeddable":true,"href":"https:\/\/uhmwpemanufacture.com\/es\/wp-json\/wp\/v2\/media\/1201"}],"wp:attachment":[{"href":"https:\/\/uhmwpemanufacture.com\/es\/wp-json\/wp\/v2\/media?parent=1195"}],"wp:term":[{"taxonomy":"product_brand","embeddable":true,"href":"https:\/\/uhmwpemanufacture.com\/es\/wp-json\/wp\/v2\/product_brand?post=1195"},{"taxonomy":"product_cat","embeddable":true,"href":"https:\/\/uhmwpemanufacture.com\/es\/wp-json\/wp\/v2\/product_cat?post=1195"},{"taxonomy":"product_tag","embeddable":true,"href":"https:\/\/uhmwpemanufacture.com\/es\/wp-json\/wp\/v2\/product_tag?post=1195"}],"curies":[{"name":"wp","href":"https:\/\/api.w.org\/{rel}","templated":true}]}}