{"id":1212,"date":"2025-09-28T07:07:32","date_gmt":"2025-09-28T07:07:32","guid":{"rendered":"https:\/\/uhmwpemanufacture.com\/?post_type=product&#038;p=1212"},"modified":"2025-09-28T07:07:32","modified_gmt":"2025-09-28T07:07:32","slug":"custom-hdpe-ice-rink-hockey-dasher-fence-barrier-wholesaler","status":"publish","type":"product","link":"https:\/\/uhmwpemanufacture.com\/es\/custom-hdpe-ice-rink-hockey-dasher-fence-barrier-wholesaler\/","title":{"rendered":"Custom HDPE Pista de Hielo Hockey Dasher Valla Barrera Mayorista"},"content":{"rendered":"<h2>Panel de patinaje sobre hielo respetuoso con el medio ambiente fabricado a medida<\/h2>\n<p>Nuestras alfombrillas personalizadas para pistas de patinaje sobre hielo est\u00e1n fabricadas con materiales duraderos y respetuosos con el medio ambiente desarrollados para duplicar el deslizamiento del hielo aut\u00e9ntico sin necesidad de refrigeraci\u00f3n. Estos paneles de patinaje ofrecen una excelente resistencia al desgaste, un bajo rozamiento y una larga vida \u00fatil, por lo que son ideales para centros de entrenamiento, pistas de ocio y montajes ef\u00edmeros. Gracias a su dise\u00f1o encajable, permiten una instalaci\u00f3n r\u00e1pida y un mantenimiento sencillo, mientras que sus propiedades de resistencia a la intemperie en entornos residenciales o comerciales permiten su uso tanto en interiores como en exteriores. F\u00e1cilmente disponibles en dimensiones y densidades ajustables, estos paneles proporcionan una experiencia de patinaje duradera, rentable y segura para atletas profesionales y fan\u00e1ticos.<\/p>","protected":false},"excerpt":{"rendered":"<p>Las vallas a medida de HDPE para pistas de hockey sobre hielo proporcionan solidez, seguridad y resistencia a los impactos. Con superficies lisas y marcos reforzados, son ideales para pistas interiores y exteriores, ofreciendo durabilidad, f\u00e1cil instalaci\u00f3n y rendimiento duradero.<\/p>","protected":false},"featured_media":1214,"template":"","meta":{"_gspb_post_css":""},"product_brand":[],"product_cat":[29,30],"product_tag":[169,170,135],"class_list":{"0":"post-1212","1":"product","2":"type-product","3":"status-publish","4":"has-post-thumbnail","6":"product_cat-ice-rink-products","7":"product_cat-hockey-ice-rink-dasher-boards","8":"product_tag-hdpe-dasher-fence","9":"product_tag-hockey-rink-barrier","10":"product_tag-ice-rink-boards","12":"first","13":"instock","14":"shipping-taxable","15":"product-type-simple"},"_links":{"self":[{"href":"https:\/\/uhmwpemanufacture.com\/es\/wp-json\/wp\/v2\/product\/1212","targetHints":{"allow":["GET"]}}],"collection":[{"href":"https:\/\/uhmwpemanufacture.com\/es\/wp-json\/wp\/v2\/product"}],"about":[{"href":"https:\/\/uhmwpemanufacture.com\/es\/wp-json\/wp\/v2\/types\/product"}],"wp:featuredmedia":[{"embeddable":true,"href":"https:\/\/uhmwpemanufacture.com\/es\/wp-json\/wp\/v2\/media\/1214"}],"wp:attachment":[{"href":"https:\/\/uhmwpemanufacture.com\/es\/wp-json\/wp\/v2\/media?parent=1212"}],"wp:term":[{"taxonomy":"product_brand","embeddable":true,"href":"https:\/\/uhmwpemanufacture.com\/es\/wp-json\/wp\/v2\/product_brand?post=1212"},{"taxonomy":"product_cat","embeddable":true,"href":"https:\/\/uhmwpemanufacture.com\/es\/wp-json\/wp\/v2\/product_cat?post=1212"},{"taxonomy":"product_tag","embeddable":true,"href":"https:\/\/uhmwpemanufacture.com\/es\/wp-json\/wp\/v2\/product_tag?post=1212"}],"curies":[{"name":"wp","href":"https:\/\/api.w.org\/{rel}","templated":true}]}}