{"id":1229,"date":"2025-09-28T07:15:02","date_gmt":"2025-09-28T07:15:02","guid":{"rendered":"https:\/\/uhmwpemanufacture.com\/?post_type=product&#038;p=1229"},"modified":"2025-09-28T07:15:02","modified_gmt":"2025-09-28T07:15:02","slug":"floorball-rink-dashboard-fence-football-uhmwpe-synthetic","status":"publish","type":"product","link":"https:\/\/uhmwpemanufacture.com\/es\/floorball-rink-dashboard-fence-football-uhmwpe-synthetic\/","title":{"rendered":"Pista Floorball Valla F\u00fatbol UHMWPE Sint\u00e9tico"},"content":{"rendered":"<h2>Floorball Pista Esgrima F\u00fatbol UHMWPE Sint\u00e9tico<\/h2>\n<p>Nuestros paneles de control sint\u00e9ticos UHMWPE para pistas de baloncesto est\u00e1n dise\u00f1ados para ofrecer resistencia, elasticidad y seguridad en estadios deportivos de alto rendimiento. Fabricados con polietileno de peso molecular ultraalto, estos paneles resisten los efectos de la fuerza y ofrecen una superficie lisa y agradable para los jugadores. Dise\u00f1adas tanto para uso interior como exterior, soportan condiciones meteorol\u00f3gicas extremas, la humedad y el uso sin perder eficacia. La estructura modular permite una instalaci\u00f3n, mantenimiento y personalizaci\u00f3n sencillos para adaptarse a pistas de numerosos tama\u00f1os. Ideales para el floorball, los campos de entrenamiento de f\u00fatbol y las instalaciones polideportivas, estas vallas con panel de control ofrecen una seguridad fiable, una larga vida \u00fatil y la m\u00e1xima calidad profesional para atletas e instalaciones.<\/p>","protected":false},"excerpt":{"rendered":"<p>Las vallas sint\u00e9ticas UHMWPE para pistas de floorball ofrecen una gran resistencia a los impactos y superficies lisas para un juego seguro. Resistentes a la intemperie y duraderas, son f\u00e1ciles de instalar e ideales para pistas interiores y exteriores de floorball, f\u00fatbol y multideporte.<\/p>","protected":false},"featured_media":1234,"template":"","meta":{"_gspb_post_css":""},"product_brand":[],"product_cat":[29,33],"product_tag":[175,176,174],"class_list":{"0":"post-1229","1":"product","2":"type-product","3":"status-publish","4":"has-post-thumbnail","6":"product_cat-ice-rink-products","7":"product_cat-floor-ball-dasher-boards","8":"product_tag-floorball-rink-boards","9":"product_tag-sports-arena-fencing","10":"product_tag-uhmwpe-dashboard-fence","12":"first","13":"instock","14":"shipping-taxable","15":"product-type-simple"},"_links":{"self":[{"href":"https:\/\/uhmwpemanufacture.com\/es\/wp-json\/wp\/v2\/product\/1229","targetHints":{"allow":["GET"]}}],"collection":[{"href":"https:\/\/uhmwpemanufacture.com\/es\/wp-json\/wp\/v2\/product"}],"about":[{"href":"https:\/\/uhmwpemanufacture.com\/es\/wp-json\/wp\/v2\/types\/product"}],"wp:featuredmedia":[{"embeddable":true,"href":"https:\/\/uhmwpemanufacture.com\/es\/wp-json\/wp\/v2\/media\/1234"}],"wp:attachment":[{"href":"https:\/\/uhmwpemanufacture.com\/es\/wp-json\/wp\/v2\/media?parent=1229"}],"wp:term":[{"taxonomy":"product_brand","embeddable":true,"href":"https:\/\/uhmwpemanufacture.com\/es\/wp-json\/wp\/v2\/product_brand?post=1229"},{"taxonomy":"product_cat","embeddable":true,"href":"https:\/\/uhmwpemanufacture.com\/es\/wp-json\/wp\/v2\/product_cat?post=1229"},{"taxonomy":"product_tag","embeddable":true,"href":"https:\/\/uhmwpemanufacture.com\/es\/wp-json\/wp\/v2\/product_tag?post=1229"}],"curies":[{"name":"wp","href":"https:\/\/api.w.org\/{rel}","templated":true}]}}