{"id":1237,"date":"2025-09-28T07:17:45","date_gmt":"2025-09-28T07:17:45","guid":{"rendered":"https:\/\/uhmwpemanufacture.com\/?post_type=product&#038;p=1237"},"modified":"2025-09-28T07:17:45","modified_gmt":"2025-09-28T07:17:45","slug":"custom-plastic-injection-parts-manufacturer-plastic-parts","status":"publish","type":"product","link":"https:\/\/uhmwpemanufacture.com\/es\/custom-plastic-injection-parts-manufacturer-plastic-parts\/","title":{"rendered":"Piezas inyeccion plastico Fabricantes Piezas plastico"},"content":{"rendered":"<h2>Proveedor de componentes de inyecci\u00f3n de pl\u00e1stico a medida Componentes de pl\u00e1stico<\/h2>\n<p>Nuestros componentes personalizados de inyecci\u00f3n de pl\u00e1stico se crean con precisi\u00f3n y fiabilidad, satisfaciendo las variadas necesidades de mercados como el del autom\u00f3vil, los dispositivos electr\u00f3nicos, el embalaje y los bienes duraderos. Fabricados con pol\u00edmeros de primera calidad, estos componentes se caracterizan por su extraordinaria longevidad, resistencia qu\u00edmica y precisi\u00f3n dimensional. Gracias a nuestra innovadora tecnolog\u00eda de moldeo, ofrecemos resultados uniformes tanto en grandes como en peque\u00f1as series de fabricaci\u00f3n. Disponibles en formas, tama\u00f1os y colores personalizados, nuestros componentes moldeados por inyecci\u00f3n se adaptan a las necesidades particulares de cada cliente. Como fabricante de confianza, ofrecemos servicios asequibles que garantizan una eficacia duradera y asistencia en estilos de productos innovadores.<\/p>","protected":false},"excerpt":{"rendered":"<p>Piezas personalizadas de inyecci\u00f3n de pl\u00e1stico dise\u00f1adas con precisi\u00f3n y durabilidad para automoci\u00f3n, electr\u00f3nica y uso industrial. Disponibles en varias formas, tama\u00f1os y colores, estas piezas garantizan un rendimiento fiable y soluciones rentables para series de producci\u00f3n grandes o peque\u00f1as.<\/p>","protected":false},"featured_media":1239,"template":"","meta":{"_gspb_post_css":""},"product_brand":[],"product_cat":[34],"product_tag":[178,179,177],"class_list":{"0":"post-1237","1":"product","2":"type-product","3":"status-publish","4":"has-post-thumbnail","6":"product_cat-mg-engineering-plastic-sheets","7":"product_tag-custom-molded-plastic","8":"product_tag-injection-molding-manufacturer","9":"product_tag-plastic-injection-parts","11":"first","12":"instock","13":"shipping-taxable","14":"product-type-simple"},"_links":{"self":[{"href":"https:\/\/uhmwpemanufacture.com\/es\/wp-json\/wp\/v2\/product\/1237","targetHints":{"allow":["GET"]}}],"collection":[{"href":"https:\/\/uhmwpemanufacture.com\/es\/wp-json\/wp\/v2\/product"}],"about":[{"href":"https:\/\/uhmwpemanufacture.com\/es\/wp-json\/wp\/v2\/types\/product"}],"wp:featuredmedia":[{"embeddable":true,"href":"https:\/\/uhmwpemanufacture.com\/es\/wp-json\/wp\/v2\/media\/1239"}],"wp:attachment":[{"href":"https:\/\/uhmwpemanufacture.com\/es\/wp-json\/wp\/v2\/media?parent=1237"}],"wp:term":[{"taxonomy":"product_brand","embeddable":true,"href":"https:\/\/uhmwpemanufacture.com\/es\/wp-json\/wp\/v2\/product_brand?post=1237"},{"taxonomy":"product_cat","embeddable":true,"href":"https:\/\/uhmwpemanufacture.com\/es\/wp-json\/wp\/v2\/product_cat?post=1237"},{"taxonomy":"product_tag","embeddable":true,"href":"https:\/\/uhmwpemanufacture.com\/es\/wp-json\/wp\/v2\/product_tag?post=1237"}],"curies":[{"name":"wp","href":"https:\/\/api.w.org\/{rel}","templated":true}]}}