{"id":1242,"date":"2025-09-28T07:20:06","date_gmt":"2025-09-28T07:20:06","guid":{"rendered":"https:\/\/uhmwpemanufacture.com\/?post_type=product&#038;p=1242"},"modified":"2025-09-28T07:20:06","modified_gmt":"2025-09-28T07:20:06","slug":"ground-protection-heavy-equipment-land-protection-road-mats","status":"publish","type":"product","link":"https:\/\/uhmwpemanufacture.com\/es\/ground-protection-heavy-equipment-land-protection-road-mats\/","title":{"rendered":"Protecci\u00f3n del suelo Maquinaria pesada Protecci\u00f3n del suelo Alfombrillas de carretera"},"content":{"rendered":"<h2>Protecci\u00f3n del suelo Herramientas pesadas Defensa del terreno Alfombrillas de carretera<\/h2>\n<p>Nuestras alfombrillas de defensa del suelo est\u00e1n fabricadas para proporcionar una superficie estable y duradera para herramientas y veh\u00edculos pesados en obras de construcci\u00f3n, miner\u00eda y ocasiones especiales. Fabricados con materiales de alta resistencia, estos revestimientos de suelo dispersan el peso por igual para evitar la compactaci\u00f3n de la suciedad, la formaci\u00f3n de surcos o da\u00f1os en terrenos blandos. Su superficie texturizada y antideslizante garantiza un agarre seguro para el equipo y los empleados, incluso en terrenos desnivelados o desiguales. Ligeros pero robustos, son f\u00e1ciles de montar, eliminar y reutilizar, lo que supone un servicio rentable para carreteras y sistemas de trabajo de corta duraci\u00f3n. Ideales para proteger el terreno a la vez que garantizan la fluidez y eficacia de las operaciones atm\u00f3sferas populares.<\/p>","protected":false},"excerpt":{"rendered":"<p>Las alfombras de protecci\u00f3n del suelo para maquinaria pesada proporcionan superficies estables y duraderas en terrenos blandos o irregulares. Con textura antideslizante y f\u00e1cil manejo, protegen el terreno, reducen los da\u00f1os al suelo y garantizan un acceso seguro para operaciones de construcci\u00f3n, miner\u00eda y eventos.<\/p>","protected":false},"featured_media":1243,"template":"","meta":{"_gspb_post_css":""},"product_brand":[],"product_cat":[24,27],"product_tag":[72,180,181],"class_list":{"0":"post-1242","1":"product","2":"type-product","3":"status-publish","4":"has-post-thumbnail","6":"product_cat-ground-protection-road-mats","7":"product_cat-dura-mats","8":"product_tag-ground-protection-mats","9":"product_tag-heavy-equipment-road-mats","10":"product_tag-land-protection-mats","12":"first","13":"instock","14":"shipping-taxable","15":"product-type-simple"},"_links":{"self":[{"href":"https:\/\/uhmwpemanufacture.com\/es\/wp-json\/wp\/v2\/product\/1242","targetHints":{"allow":["GET"]}}],"collection":[{"href":"https:\/\/uhmwpemanufacture.com\/es\/wp-json\/wp\/v2\/product"}],"about":[{"href":"https:\/\/uhmwpemanufacture.com\/es\/wp-json\/wp\/v2\/types\/product"}],"wp:featuredmedia":[{"embeddable":true,"href":"https:\/\/uhmwpemanufacture.com\/es\/wp-json\/wp\/v2\/media\/1243"}],"wp:attachment":[{"href":"https:\/\/uhmwpemanufacture.com\/es\/wp-json\/wp\/v2\/media?parent=1242"}],"wp:term":[{"taxonomy":"product_brand","embeddable":true,"href":"https:\/\/uhmwpemanufacture.com\/es\/wp-json\/wp\/v2\/product_brand?post=1242"},{"taxonomy":"product_cat","embeddable":true,"href":"https:\/\/uhmwpemanufacture.com\/es\/wp-json\/wp\/v2\/product_cat?post=1242"},{"taxonomy":"product_tag","embeddable":true,"href":"https:\/\/uhmwpemanufacture.com\/es\/wp-json\/wp\/v2\/product_tag?post=1242"}],"curies":[{"name":"wp","href":"https:\/\/api.w.org\/{rel}","templated":true}]}}