{"id":1251,"date":"2025-09-28T07:24:46","date_gmt":"2025-09-28T07:24:46","guid":{"rendered":"https:\/\/uhmwpemanufacture.com\/?post_type=product&#038;p=1251"},"modified":"2025-09-28T07:24:46","modified_gmt":"2025-09-28T07:24:46","slug":"borated-polyethylene-sheet-uhmwpe-borium-board-exporter","status":"publish","type":"product","link":"https:\/\/uhmwpemanufacture.com\/es\/borated-polyethylene-sheet-uhmwpe-borium-board-exporter\/","title":{"rendered":"Hoja de polietileno borado UHMWPE Borium Board Exportador"},"content":{"rendered":"<h2>Hoja de polietileno borado UHMWPE Borium Board Exportador<\/h2>\n<p>Nuestras l\u00e1minas de polietileno borado y placas de boro UHMWPE est\u00e1n creadas para aplicaciones de protecci\u00f3n contra la radiaci\u00f3n y protecci\u00f3n comercial. Con un contenido de boro a\u00f1adido, estas planchas absorben eficazmente los neutrones, lo que las hace perfectas para instalaciones nucleares, laboratorios y entornos m\u00e9dicos. Fabricadas con polietileno de peso molecular ultraelevado, incorporan una gran tenacidad a la influencia, resistencia al desgaste y estabilidad qu\u00edmica. Ligeros pero resistentes, son f\u00e1ciles de equipar en tama\u00f1os y formas personalizados para trabajos espec\u00edficos. Como proveedor de confianza, suministramos placas de PE borado de primera calidad que ofrecen un rendimiento duradero y la seguridad popular en aplicaciones de control de radiaciones y de seguridad.<\/p>","protected":false},"excerpt":{"rendered":"<p>Las l\u00e1minas de polietileno borado y las placas de boro UHMWPE proporcionan un blindaje eficaz contra neutrones con una excelente durabilidad. Ideales para plantas nucleares, laboratorios y uso m\u00e9dico, ofrecen estabilidad qu\u00edmica, resistencia al impacto y pueden personalizarse en varios tama\u00f1os para aplicaciones de seguridad radiol\u00f3gica.<\/p>","protected":false},"featured_media":1256,"template":"","meta":{"_gspb_post_css":""},"product_brand":[],"product_cat":[15,19],"product_tag":[182,184,183],"class_list":{"0":"post-1251","1":"product","2":"type-product","3":"status-publish","4":"has-post-thumbnail","6":"product_cat-uhmwpe-hdpe-sheets-plates","7":"product_cat-lead-boron-polyethylene-plates","8":"product_tag-borated-polyethylene-sheet","9":"product_tag-radiation-shielding-material","10":"product_tag-uhmwpe-borium-board","12":"first","13":"instock","14":"shipping-taxable","15":"product-type-simple"},"_links":{"self":[{"href":"https:\/\/uhmwpemanufacture.com\/es\/wp-json\/wp\/v2\/product\/1251","targetHints":{"allow":["GET"]}}],"collection":[{"href":"https:\/\/uhmwpemanufacture.com\/es\/wp-json\/wp\/v2\/product"}],"about":[{"href":"https:\/\/uhmwpemanufacture.com\/es\/wp-json\/wp\/v2\/types\/product"}],"wp:featuredmedia":[{"embeddable":true,"href":"https:\/\/uhmwpemanufacture.com\/es\/wp-json\/wp\/v2\/media\/1256"}],"wp:attachment":[{"href":"https:\/\/uhmwpemanufacture.com\/es\/wp-json\/wp\/v2\/media?parent=1251"}],"wp:term":[{"taxonomy":"product_brand","embeddable":true,"href":"https:\/\/uhmwpemanufacture.com\/es\/wp-json\/wp\/v2\/product_brand?post=1251"},{"taxonomy":"product_cat","embeddable":true,"href":"https:\/\/uhmwpemanufacture.com\/es\/wp-json\/wp\/v2\/product_cat?post=1251"},{"taxonomy":"product_tag","embeddable":true,"href":"https:\/\/uhmwpemanufacture.com\/es\/wp-json\/wp\/v2\/product_tag?post=1251"}],"curies":[{"name":"wp","href":"https:\/\/api.w.org\/{rel}","templated":true}]}}