{"id":1259,"date":"2025-09-28T07:32:13","date_gmt":"2025-09-28T07:32:13","guid":{"rendered":"https:\/\/uhmwpemanufacture.com\/?post_type=product&#038;p=1259"},"modified":"2025-09-28T07:32:13","modified_gmt":"2025-09-28T07:32:13","slug":"high-strength-anti-slip-outrigger-pads-customizable-hdpe","status":"publish","type":"product","link":"https:\/\/uhmwpemanufacture.com\/es\/high-strength-anti-slip-outrigger-pads-customizable-hdpe\/","title":{"rendered":"Almohadillas antideslizantes para balancines de alta resistencia Personalizables HDPE"},"content":{"rendered":"<h2>Almohadillas antideslizantes ajustables HDPE de alta resistencia<\/h2>\n<p>Nuestras almohadillas para balancines de HDPE de alta resistencia est\u00e1n fabricadas para proporcionar una asistencia segura y fiable a gr\u00faas, ascensores y maquinaria pesada. Construidas con superficies antideslizantes de larga duraci\u00f3n, estas almohadillas garantizan un posicionamiento seguro incluso en terrenos blandos o irregulares. Su construcci\u00f3n ligera pero resistente hace que sean f\u00e1ciles de manejar y trasladar, al tiempo que mantienen una capacidad de carga excepcional. Inmune al agua, productos qu\u00edmicos, y el clima extremo, que utilizan un rendimiento duradero entornos populares. Disponibles en tama\u00f1os, densidades y formas personalizadas, estas zapatas voladizas proporcionan soluciones seguras, eficaces y reutilizables para aplicaciones de edificaci\u00f3n y construcci\u00f3n, industriales y energ\u00e9ticas.<\/p>","protected":false},"excerpt":{"rendered":"<p>Los estabilizadores de HDPE de alta resistencia con superficies antideslizantes garantizan un soporte estable para gr\u00faas y maquinaria pesada. Ligeros, duraderos y resistentes a la intemperie, se pueden personalizar en tama\u00f1o y forma, ofreciendo soluciones seguras y reutilizables para proyectos de construcci\u00f3n e industriales.<\/p>","protected":false},"featured_media":1264,"template":"","meta":{"_gspb_post_css":""},"product_brand":[],"product_cat":[15,20],"product_tag":[187,186,185],"class_list":{"0":"post-1259","1":"product","2":"type-product","3":"status-publish","4":"has-post-thumbnail","6":"product_cat-uhmwpe-hdpe-sheets-plates","7":"product_cat-crane-outrigger-pads","8":"product_tag-anti-slip-ground-pads","9":"product_tag-crane-stabilizer-pads","10":"product_tag-hdpe-outrigger-pads","12":"first","13":"instock","14":"shipping-taxable","15":"product-type-simple"},"_links":{"self":[{"href":"https:\/\/uhmwpemanufacture.com\/es\/wp-json\/wp\/v2\/product\/1259","targetHints":{"allow":["GET"]}}],"collection":[{"href":"https:\/\/uhmwpemanufacture.com\/es\/wp-json\/wp\/v2\/product"}],"about":[{"href":"https:\/\/uhmwpemanufacture.com\/es\/wp-json\/wp\/v2\/types\/product"}],"wp:featuredmedia":[{"embeddable":true,"href":"https:\/\/uhmwpemanufacture.com\/es\/wp-json\/wp\/v2\/media\/1264"}],"wp:attachment":[{"href":"https:\/\/uhmwpemanufacture.com\/es\/wp-json\/wp\/v2\/media?parent=1259"}],"wp:term":[{"taxonomy":"product_brand","embeddable":true,"href":"https:\/\/uhmwpemanufacture.com\/es\/wp-json\/wp\/v2\/product_brand?post=1259"},{"taxonomy":"product_cat","embeddable":true,"href":"https:\/\/uhmwpemanufacture.com\/es\/wp-json\/wp\/v2\/product_cat?post=1259"},{"taxonomy":"product_tag","embeddable":true,"href":"https:\/\/uhmwpemanufacture.com\/es\/wp-json\/wp\/v2\/product_tag?post=1259"}],"curies":[{"name":"wp","href":"https:\/\/api.w.org\/{rel}","templated":true}]}}