{"id":1268,"date":"2025-09-28T07:34:37","date_gmt":"2025-09-28T07:34:37","guid":{"rendered":"https:\/\/uhmwpemanufacture.com\/?post_type=product&#038;p=1268"},"modified":"2025-09-28T07:34:37","modified_gmt":"2025-09-28T07:34:37","slug":"high-durability-nylon-low-friction-plastic-rods-wholesaler","status":"publish","type":"product","link":"https:\/\/uhmwpemanufacture.com\/es\/high-durability-nylon-low-friction-plastic-rods-wholesaler\/","title":{"rendered":"Mayorista de varillas de pl\u00e1stico de nylon de alta durabilidad y baja fricci\u00f3n"},"content":{"rendered":"<h2>Distribuidor de varillas de pl\u00e1stico de nylon de alta resistencia y bajo rozamiento<\/h2>\n<p>Nuestras p\u00e9rtigas de pl\u00e1stico de nailon est\u00e1n dise\u00f1adas para ofrecer una gran resistencia y una magn\u00edfica eficiencia de baja fricci\u00f3n, lo que las convierte en una selecci\u00f3n fiable para las aplicaciones industriales m\u00e1s exigentes. Estas p\u00e9rtigas presentan una excelente resistencia al desgaste, alta resistencia a la tracci\u00f3n y resistencia a los impactos, lo que garantiza una larga vida \u00fatil bajo toneladas pesadas y un uso continuo. Gracias a su excelente mecanizabilidad, pueden reducirse, taladrarse o conformarse r\u00e1pidamente en elementos personalizados como casquillos, equipos, rodillos y cojinetes. Inmunes a los productos qu\u00edmicos y la humedad, las barras de nailon mantienen la estabilidad en entornos dif\u00edciles. Como distribuidor de confianza, suministramos varillas de nailon en distintos tama\u00f1os, longitudes y colores para satisfacer diversos requisitos de fabricaci\u00f3n.<\/p>","protected":false},"excerpt":{"rendered":"<p>Las varillas de pl\u00e1stico de nylon ofrecen gran durabilidad, baja fricci\u00f3n y excelente resistencia al desgaste. Ideales para casquillos, engranajes, rodillos y cojinetes, proporcionan resistencia, maquinabilidad y estabilidad en aplicaciones industriales. Disponibles en varios tama\u00f1os en un mayorista de confianza.<\/p>","protected":false},"featured_media":1274,"template":"","meta":{"_gspb_post_css":""},"product_brand":[],"product_cat":[15],"product_tag":[190,189,188],"class_list":{"0":"post-1268","1":"product","2":"type-product","3":"status-publish","4":"has-post-thumbnail","6":"product_cat-uhmwpe-hdpe-sheets-plates","7":"product_tag-industrial-nylon-rods","8":"product_tag-low-friction-rods","9":"product_tag-nylon-plastic-rods","11":"first","12":"instock","13":"shipping-taxable","14":"product-type-simple"},"_links":{"self":[{"href":"https:\/\/uhmwpemanufacture.com\/es\/wp-json\/wp\/v2\/product\/1268","targetHints":{"allow":["GET"]}}],"collection":[{"href":"https:\/\/uhmwpemanufacture.com\/es\/wp-json\/wp\/v2\/product"}],"about":[{"href":"https:\/\/uhmwpemanufacture.com\/es\/wp-json\/wp\/v2\/types\/product"}],"wp:featuredmedia":[{"embeddable":true,"href":"https:\/\/uhmwpemanufacture.com\/es\/wp-json\/wp\/v2\/media\/1274"}],"wp:attachment":[{"href":"https:\/\/uhmwpemanufacture.com\/es\/wp-json\/wp\/v2\/media?parent=1268"}],"wp:term":[{"taxonomy":"product_brand","embeddable":true,"href":"https:\/\/uhmwpemanufacture.com\/es\/wp-json\/wp\/v2\/product_brand?post=1268"},{"taxonomy":"product_cat","embeddable":true,"href":"https:\/\/uhmwpemanufacture.com\/es\/wp-json\/wp\/v2\/product_cat?post=1268"},{"taxonomy":"product_tag","embeddable":true,"href":"https:\/\/uhmwpemanufacture.com\/es\/wp-json\/wp\/v2\/product_tag?post=1268"}],"curies":[{"name":"wp","href":"https:\/\/api.w.org\/{rel}","templated":true}]}}