{"id":1277,"date":"2025-09-28T07:40:11","date_gmt":"2025-09-28T07:40:11","guid":{"rendered":"https:\/\/uhmwpemanufacture.com\/?post_type=product&#038;p=1277"},"modified":"2025-09-28T07:40:11","modified_gmt":"2025-09-28T07:40:11","slug":"wear-resistance-uhmwpe-hopper-coal-liner-plastic-sheet-dealer","status":"publish","type":"product","link":"https:\/\/uhmwpemanufacture.com\/es\/wear-resistance-uhmwpe-hopper-coal-liner-plastic-sheet-dealer\/","title":{"rendered":"Resistencia al desgaste Uhmwpe Hopper Coal Liner Plastic Sheet Dealer"},"content":{"rendered":"<h2>Poner en la resistencia UHMWPE tolva de carb\u00f3n de revestimiento de l\u00e1minas de pl\u00e1stico distribuidor<\/h2>\n<p>Nuestras l\u00e1minas de pl\u00e1stico para revestimiento de recipientes de carb\u00f3n de UHMWPE est\u00e1n fabricadas para ofrecer una extraordinaria resistencia al desgaste y tenacidad en aplicaciones de cuidado de materiales al por mayor. Estos revestimientos, dise\u00f1ados para resistir fuertes efectos, la abrasi\u00f3n y ambientes agresivos, evitan la adherencia, reducen las obstrucciones y garantizan un flujo suave del material en tolvas, conductos, silos y dep\u00f3sitos de carb\u00f3n. La superficie autolubricante y de rozamiento reducido reduce los tiempos de inactividad y los costes de mantenimiento, al tiempo que prolonga la vida \u00fatil de las herramientas. Inmunes a la humedad, los productos qu\u00edmicos y la corrosi\u00f3n, ofrecen un rendimiento fiable en las industrias minera, energ\u00e9tica y comercial. Como proveedor de confianza, ofrecemos tama\u00f1os y espesores ajustables para satisfacer las demandas espec\u00edficas de cada proyecto.<\/p>","protected":false},"excerpt":{"rendered":"<p>Las planchas de revestimiento de carb\u00f3n para tolvas de UHMWPE ofrecen una excelente resistencia al desgaste y durabilidad. Con propiedades de baja fricci\u00f3n y autolubricantes, evitan la adherencia, reducen las obstrucciones y prolongan la vida \u00fatil del equipo en tolvas, vertederos, silos y dep\u00f3sitos para uso minero e industrial.<\/p>","protected":false},"featured_media":1279,"template":"","meta":{"_gspb_post_css":""},"product_brand":[],"product_cat":[15,22],"product_tag":[192,191,193],"class_list":{"0":"post-1277","1":"product","2":"type-product","3":"status-publish","4":"has-post-thumbnail","6":"product_cat-uhmwpe-hdpe-sheets-plates","7":"product_cat-coal-bunker-limit-plates","8":"product_tag-hopper-liner-sheet","9":"product_tag-uhmwpe-coal-liner","10":"product_tag-wear-resistant-plastic-sheet","12":"first","13":"instock","14":"shipping-taxable","15":"product-type-simple"},"_links":{"self":[{"href":"https:\/\/uhmwpemanufacture.com\/es\/wp-json\/wp\/v2\/product\/1277","targetHints":{"allow":["GET"]}}],"collection":[{"href":"https:\/\/uhmwpemanufacture.com\/es\/wp-json\/wp\/v2\/product"}],"about":[{"href":"https:\/\/uhmwpemanufacture.com\/es\/wp-json\/wp\/v2\/types\/product"}],"wp:featuredmedia":[{"embeddable":true,"href":"https:\/\/uhmwpemanufacture.com\/es\/wp-json\/wp\/v2\/media\/1279"}],"wp:attachment":[{"href":"https:\/\/uhmwpemanufacture.com\/es\/wp-json\/wp\/v2\/media?parent=1277"}],"wp:term":[{"taxonomy":"product_brand","embeddable":true,"href":"https:\/\/uhmwpemanufacture.com\/es\/wp-json\/wp\/v2\/product_brand?post=1277"},{"taxonomy":"product_cat","embeddable":true,"href":"https:\/\/uhmwpemanufacture.com\/es\/wp-json\/wp\/v2\/product_cat?post=1277"},{"taxonomy":"product_tag","embeddable":true,"href":"https:\/\/uhmwpemanufacture.com\/es\/wp-json\/wp\/v2\/product_tag?post=1277"}],"curies":[{"name":"wp","href":"https:\/\/api.w.org\/{rel}","templated":true}]}}