{"id":1285,"date":"2025-09-28T07:44:07","date_gmt":"2025-09-28T07:44:07","guid":{"rendered":"https:\/\/uhmwpemanufacture.com\/?post_type=product&#038;p=1285"},"modified":"2025-09-28T07:44:07","modified_gmt":"2025-09-28T07:44:07","slug":"uhmwpe-tarpaulin-pe-material-for-lighting-cut-extruded","status":"publish","type":"product","link":"https:\/\/uhmwpemanufacture.com\/es\/uhmwpe-tarpaulin-pe-material-for-lighting-cut-extruded\/","title":{"rendered":"UHMWPE Tarpaulin PE Material para Iluminaci\u00f3n Cortado y Extrusionado"},"content":{"rendered":"<h2>UHMWPE Tarpaulin PE Material para Iluminaci\u00f3n Cortado y Extrusionado<\/h2>\n<p>Nuestra lona de polietileno de peso molecular ultra alto (UHMWPE) se ha desarrollado para ofrecer la m\u00e1xima solidez, flexibilidad y resistencia a condiciones adversas. Fabricado con polietileno de peso molecular ultraelevado, ofrece una extraordinaria resistencia al desgarro, a la abrasi\u00f3n y a la intemperie. Adecuado para aplicaciones de iluminaci\u00f3n, este producto puede cortarse y extruirse espec\u00edficamente para adaptarse a requisitos personalizados. Ofrece una defensa duradera contra los rayos UV, la humedad y los productos qu\u00edmicos, por lo que es ideal tanto para ambientes interiores como exteriores. Ligero pero s\u00f3lido, garantiza una f\u00e1cil manipulaci\u00f3n e instalaci\u00f3n. Una soluci\u00f3n funcional para tareas comerciales, de edificaci\u00f3n y construcci\u00f3n, y comerciales que necesiten un revestimiento y recubrimiento fiables.<\/p>","protected":false},"excerpt":{"rendered":"<p>El material UHMWPE tarpaulin PE ofrece una durabilidad y resistencia a la intemperie superiores. F\u00e1cil de cortar y extrudir, es ideal para iluminaci\u00f3n, construcci\u00f3n y usos industriales, y ofrece protecci\u00f3n contra los rayos UV, la humedad y los productos qu\u00edmicos con un rendimiento duradero en interiores o exteriores.<\/p>","protected":false},"featured_media":1291,"template":"","meta":{"_gspb_post_css":""},"product_brand":[],"product_cat":[15,18],"product_tag":[196,195,194],"class_list":{"0":"post-1285","1":"product","2":"type-product","3":"status-publish","4":"has-post-thumbnail","6":"product_cat-uhmwpe-hdpe-sheets-plates","7":"product_cat-hdpe-sheets","8":"product_tag-extruded-plastic-material","9":"product_tag-pe-sheet-material","10":"product_tag-uhmwpe-tarpaulin","12":"first","13":"instock","14":"shipping-taxable","15":"product-type-simple"},"_links":{"self":[{"href":"https:\/\/uhmwpemanufacture.com\/es\/wp-json\/wp\/v2\/product\/1285","targetHints":{"allow":["GET"]}}],"collection":[{"href":"https:\/\/uhmwpemanufacture.com\/es\/wp-json\/wp\/v2\/product"}],"about":[{"href":"https:\/\/uhmwpemanufacture.com\/es\/wp-json\/wp\/v2\/types\/product"}],"wp:featuredmedia":[{"embeddable":true,"href":"https:\/\/uhmwpemanufacture.com\/es\/wp-json\/wp\/v2\/media\/1291"}],"wp:attachment":[{"href":"https:\/\/uhmwpemanufacture.com\/es\/wp-json\/wp\/v2\/media?parent=1285"}],"wp:term":[{"taxonomy":"product_brand","embeddable":true,"href":"https:\/\/uhmwpemanufacture.com\/es\/wp-json\/wp\/v2\/product_brand?post=1285"},{"taxonomy":"product_cat","embeddable":true,"href":"https:\/\/uhmwpemanufacture.com\/es\/wp-json\/wp\/v2\/product_cat?post=1285"},{"taxonomy":"product_tag","embeddable":true,"href":"https:\/\/uhmwpemanufacture.com\/es\/wp-json\/wp\/v2\/product_tag?post=1285"}],"curies":[{"name":"wp","href":"https:\/\/api.w.org\/{rel}","templated":true}]}}