{"id":1294,"date":"2025-09-28T07:52:35","date_gmt":"2025-09-28T07:52:35","guid":{"rendered":"https:\/\/uhmwpemanufacture.com\/?post_type=product&#038;p=1294"},"modified":"2025-09-28T07:52:35","modified_gmt":"2025-09-28T07:52:35","slug":"heavy-duty-uhmwpe-cribbing-blocks-crane-outrigger-pads-crane","status":"publish","type":"product","link":"https:\/\/uhmwpemanufacture.com\/es\/heavy-duty-uhmwpe-cribbing-blocks-crane-outrigger-pads-crane\/","title":{"rendered":"Bloques de apuntalamiento de UHMWPE para cargas pesadas Almohadillas para voladizos de gr\u00faa Gr\u00faa"},"content":{"rendered":"<h2>Bloques de apuntalamiento de UHMWPE para cargas pesadas Almohadillas para estabilizadores de gr\u00faas<\/h2>\n<p>Nuestros tacos de encofrado de UHMWPE para cargas pesadas y las zapatas para balancines de gr\u00faas est\u00e1n fabricados para proporcionar una resistencia y seguridad superiores para gr\u00faas y maquinaria pesada. Fabricados con polietileno de peso molecular ultraalto, son ligeros, el\u00e1sticos y resistentes al agua, los productos qu\u00edmicos y el clima extremo. La superficie antideslizante garantiza un posicionamiento seguro, mientras que la alta resistencia a los efectos evita que se fracturen o astillen bajo toneladas pesadas. F\u00e1ciles de manejar y reciclables, estas almohadillas protegen la superficie del suelo y prolongan la vida \u00fatil de los equipos. Perfectas para operaciones de edificaci\u00f3n y construcci\u00f3n, miner\u00eda y formaci\u00f3n industrial, ofrecen una asistencia fiable y duradera en entornos exigentes.<\/p>","protected":false},"excerpt":{"rendered":"<p>Los bloques de encofrado y las almohadillas de balanc\u00edn de UHMWPE de alta resistencia proporcionan un soporte fuerte y estable para gr\u00faas y maquinaria pesada. Ligeros, duraderos y resistentes a la intemperie, cuentan con superficies antideslizantes y una gran resistencia a los impactos, lo que garantiza una elevaci\u00f3n segura y fiable en entornos exigentes.<\/p>","protected":false},"featured_media":1295,"template":"","meta":{"_gspb_post_css":""},"product_brand":[],"product_cat":[15,21],"product_tag":[197,198,113],"class_list":{"0":"post-1294","1":"product","2":"type-product","3":"status-publish","4":"has-post-thumbnail","6":"product_cat-uhmwpe-hdpe-sheets-plates","7":"product_cat-uhmwpe-fender-pads","8":"product_tag-crane-outrigger-pads","9":"product_tag-heavy-machinery-stabilizer","10":"product_tag-uhmwpe-cribbing-blocks","12":"first","13":"instock","14":"shipping-taxable","15":"product-type-simple"},"_links":{"self":[{"href":"https:\/\/uhmwpemanufacture.com\/es\/wp-json\/wp\/v2\/product\/1294","targetHints":{"allow":["GET"]}}],"collection":[{"href":"https:\/\/uhmwpemanufacture.com\/es\/wp-json\/wp\/v2\/product"}],"about":[{"href":"https:\/\/uhmwpemanufacture.com\/es\/wp-json\/wp\/v2\/types\/product"}],"wp:featuredmedia":[{"embeddable":true,"href":"https:\/\/uhmwpemanufacture.com\/es\/wp-json\/wp\/v2\/media\/1295"}],"wp:attachment":[{"href":"https:\/\/uhmwpemanufacture.com\/es\/wp-json\/wp\/v2\/media?parent=1294"}],"wp:term":[{"taxonomy":"product_brand","embeddable":true,"href":"https:\/\/uhmwpemanufacture.com\/es\/wp-json\/wp\/v2\/product_brand?post=1294"},{"taxonomy":"product_cat","embeddable":true,"href":"https:\/\/uhmwpemanufacture.com\/es\/wp-json\/wp\/v2\/product_cat?post=1294"},{"taxonomy":"product_tag","embeddable":true,"href":"https:\/\/uhmwpemanufacture.com\/es\/wp-json\/wp\/v2\/product_tag?post=1294"}],"curies":[{"name":"wp","href":"https:\/\/api.w.org\/{rel}","templated":true}]}}