{"id":1298,"date":"2025-09-28T07:56:37","date_gmt":"2025-09-28T07:56:37","guid":{"rendered":"https:\/\/uhmwpemanufacture.com\/?post_type=product&#038;p=1298"},"modified":"2025-09-28T07:56:37","modified_gmt":"2025-09-28T07:56:37","slug":"uhmwpe-sheet-ultra-high-molecular-weight-polyethylene-board","status":"publish","type":"product","link":"https:\/\/uhmwpemanufacture.com\/es\/uhmwpe-sheet-ultra-high-molecular-weight-polyethylene-board\/","title":{"rendered":"Placa de polietileno de peso molecular ultra alto (UHMWPE)"},"content":{"rendered":"<h2>Placa de polietileno de peso molecular ultra alto (UHMWPE)<\/h2>\n<p>Nuestras planchas de UHMWPE est\u00e1n dise\u00f1adas para ofrecer una resistencia, robustez y comodidad impresionantes, lo que las hace adecuadas para aplicaciones comerciales exigentes. Con polietileno de peso molecular ultraalto, estas planchas ofrecen una excepcional resistencia al desgaste, baja fricci\u00f3n y gran resistencia a los impactos, lo que garantiza una larga vida \u00fatil incluso bajo toneladas pesadas. Son inmunes a la humedad y a los productos qu\u00edmicos, preservando la seguridad en atm\u00f3sferas agresivas. F\u00e1ciles de mecanizar, cortar y producir, las planchas de UHMWPE se utilizan habitualmente para revestimientos, cojinetes, engranajes, tolvas y obst\u00e1culos protectores. Disponibles en varias dimensiones y espesores, ofrecen soluciones fiables y rentables para los mercados de la construcci\u00f3n, la miner\u00eda y la producci\u00f3n.<\/p>","protected":false},"excerpt":{"rendered":"<p>Las planchas de UHMWPE proporcionan una fuerza excepcional, resistencia al desgaste y baja fricci\u00f3n para uso industrial. Resistentes a la humedad y a los productos qu\u00edmicos, son ideales para revestimientos, cojinetes, engranajes y componentes de protecci\u00f3n en aplicaciones de construcci\u00f3n, miner\u00eda y fabricaci\u00f3n.<\/p>","protected":false},"featured_media":1300,"template":"","meta":{"_gspb_post_css":""},"product_brand":[],"product_cat":[15,17],"product_tag":[117,199,56],"class_list":{"0":"post-1298","1":"product","2":"type-product","3":"status-publish","4":"has-post-thumbnail","6":"product_cat-uhmwpe-hdpe-sheets-plates","7":"product_cat-uhmwpe-sheets","8":"product_tag-industrial-plastic-sheet","9":"product_tag-polyethylene-board","10":"product_tag-uhmwpe-sheet","12":"first","13":"instock","14":"shipping-taxable","15":"product-type-simple"},"_links":{"self":[{"href":"https:\/\/uhmwpemanufacture.com\/es\/wp-json\/wp\/v2\/product\/1298","targetHints":{"allow":["GET"]}}],"collection":[{"href":"https:\/\/uhmwpemanufacture.com\/es\/wp-json\/wp\/v2\/product"}],"about":[{"href":"https:\/\/uhmwpemanufacture.com\/es\/wp-json\/wp\/v2\/types\/product"}],"wp:featuredmedia":[{"embeddable":true,"href":"https:\/\/uhmwpemanufacture.com\/es\/wp-json\/wp\/v2\/media\/1300"}],"wp:attachment":[{"href":"https:\/\/uhmwpemanufacture.com\/es\/wp-json\/wp\/v2\/media?parent=1298"}],"wp:term":[{"taxonomy":"product_brand","embeddable":true,"href":"https:\/\/uhmwpemanufacture.com\/es\/wp-json\/wp\/v2\/product_brand?post=1298"},{"taxonomy":"product_cat","embeddable":true,"href":"https:\/\/uhmwpemanufacture.com\/es\/wp-json\/wp\/v2\/product_cat?post=1298"},{"taxonomy":"product_tag","embeddable":true,"href":"https:\/\/uhmwpemanufacture.com\/es\/wp-json\/wp\/v2\/product_tag?post=1298"}],"curies":[{"name":"wp","href":"https:\/\/api.w.org\/{rel}","templated":true}]}}