{"id":1306,"date":"2025-09-28T08:00:54","date_gmt":"2025-09-28T08:00:54","guid":{"rendered":"https:\/\/uhmwpemanufacture.com\/?post_type=product&#038;p=1306"},"modified":"2025-09-28T08:01:50","modified_gmt":"2025-09-28T08:01:50","slug":"heavy-duty-track-mats-hdpe-plastic-sheet-protection-mat","status":"publish","type":"product","link":"https:\/\/uhmwpemanufacture.com\/es\/heavy-duty-track-mats-hdpe-plastic-sheet-protection-mat\/","title":{"rendered":"Heavy Duty Track Mats Hdpe Pl\u00e1stico Hoja de protecci\u00f3n Mat"},"content":{"rendered":"<h2>Alfombrillas de protecci\u00f3n de pl\u00e1stico HDPE<\/h2>\n<p>Nuestras robustas alfombras de oruga de polietileno de alta densidad est\u00e1n fabricadas para proporcionar una defensa s\u00f3lida y estable contra el suelo para maquinaria pesada, veh\u00edculos y herramientas en obras de construcci\u00f3n, miner\u00eda y otras aplicaciones. Fabricadas con polietileno de alta densidad, estas alfombrillas son ligeras pero extremadamente duraderas, con una excelente tenacidad de carga y resistencia a la influencia, los productos qu\u00edmicos y la humedad. La superficie antideslizante texturizada aumenta la tracci\u00f3n, garantizando la seguridad de las operaciones en superficies irregulares, arenosas o en mal estado. F\u00e1ciles de mover, instalar y reutilizar, proporcionan una seguridad del terreno asequible y respetuosa con el medio ambiente. Ideales para desarrollar accesos a corto plazo a carreteras, plataformas de trabajo y protecci\u00f3n del terreno en entornos exigentes.<\/p>","protected":false},"excerpt":{"rendered":"<p>Las resistentes alfombras de oruga de HDPE proporcionan una protecci\u00f3n duradera del suelo para maquinaria pesada y veh\u00edculos. Con superficies antideslizantes y gran resistencia a la carga, son ideales para carreteras temporales, plataformas de trabajo y obras de construcci\u00f3n, ya que garantizan la estabilidad en terrenos blandos o irregulares.<\/p>","protected":false},"featured_media":1310,"template":"","meta":{"_gspb_post_css":""},"product_brand":[],"product_cat":[24,26],"product_tag":[72,200,79],"class_list":{"0":"post-1306","1":"product","2":"type-product","3":"status-publish","4":"has-post-thumbnail","6":"product_cat-ground-protection-road-mats","7":"product_cat-base-mats","8":"product_tag-ground-protection-mats","9":"product_tag-hdpe-track-mats","10":"product_tag-heavy-duty-road-mats","12":"first","13":"instock","14":"shipping-taxable","15":"product-type-simple"},"_links":{"self":[{"href":"https:\/\/uhmwpemanufacture.com\/es\/wp-json\/wp\/v2\/product\/1306","targetHints":{"allow":["GET"]}}],"collection":[{"href":"https:\/\/uhmwpemanufacture.com\/es\/wp-json\/wp\/v2\/product"}],"about":[{"href":"https:\/\/uhmwpemanufacture.com\/es\/wp-json\/wp\/v2\/types\/product"}],"wp:featuredmedia":[{"embeddable":true,"href":"https:\/\/uhmwpemanufacture.com\/es\/wp-json\/wp\/v2\/media\/1310"}],"wp:attachment":[{"href":"https:\/\/uhmwpemanufacture.com\/es\/wp-json\/wp\/v2\/media?parent=1306"}],"wp:term":[{"taxonomy":"product_brand","embeddable":true,"href":"https:\/\/uhmwpemanufacture.com\/es\/wp-json\/wp\/v2\/product_brand?post=1306"},{"taxonomy":"product_cat","embeddable":true,"href":"https:\/\/uhmwpemanufacture.com\/es\/wp-json\/wp\/v2\/product_cat?post=1306"},{"taxonomy":"product_tag","embeddable":true,"href":"https:\/\/uhmwpemanufacture.com\/es\/wp-json\/wp\/v2\/product_tag?post=1306"}],"curies":[{"name":"wp","href":"https:\/\/api.w.org\/{rel}","templated":true}]}}