{"id":1314,"date":"2025-09-28T08:07:09","date_gmt":"2025-09-28T08:07:09","guid":{"rendered":"https:\/\/uhmwpemanufacture.com\/?post_type=product&#038;p=1314"},"modified":"2025-09-28T08:07:09","modified_gmt":"2025-09-28T08:07:09","slug":"high-precision-plastic-injection-molding-manufacture-molding","status":"publish","type":"product","link":"https:\/\/uhmwpemanufacture.com\/es\/high-precision-plastic-injection-molding-manufacture-molding\/","title":{"rendered":"Moldeo por inyecci\u00f3n de pl\u00e1sticos de alta precisi\u00f3n Fabricaci\u00f3n Moldeo"},"content":{"rendered":"<h2>Moldeo por inyecci\u00f3n de pl\u00e1sticos de alta precisi\u00f3n Fabricaci\u00f3n Moldeo<\/h2>\n<p>Nuestros servicios de moldeo por inyecci\u00f3n de pl\u00e1sticos de alta precisi\u00f3n proporcionan componentes fiables, exactos y duraderos dise\u00f1ados para satisfacer diversas necesidades comerciales. Utilizando una sofisticada tecnolog\u00eda de moldeo y PP, PE, nailon y otros pl\u00e1sticos de ingenier\u00eda de alta calidad, producimos elementos con una precisi\u00f3n dimensional y un acabado superficial excepcionales. Estas piezas construidas son ligeras pero fuertes, resistentes al uso, a los efectos y a los productos qu\u00edmicos, lo que las hace apropiadas para veh\u00edculos, dispositivos electr\u00f3nicos, embalaje de productos y art\u00edculos para clientes. Con la capacidad de personalizar formas, dimensiones y tonalidades, realizamos remedios seguros que se ajustan a los detalles que demanda el cliente. Como fabricante de confianza, garantizamos coherencia, rendimiento y producci\u00f3n econ\u00f3mica.<\/p>","protected":false},"excerpt":{"rendered":"<p>El moldeo por inyecci\u00f3n de pl\u00e1sticos de alta precisi\u00f3n proporciona piezas precisas y duraderas con un acabado excelente. Mediante el uso de PP, PE, nailon y pl\u00e1sticos t\u00e9cnicos, proporcionamos componentes personalizados para aplicaciones de automoci\u00f3n, electr\u00f3nica, embalaje e industriales con una calidad constante.<\/p>","protected":false},"featured_media":1317,"template":"","meta":{"_gspb_post_css":""},"product_brand":[],"product_cat":[35],"product_tag":[202,163,201],"class_list":{"0":"post-1314","1":"product","2":"type-product","3":"status-publish","4":"has-post-thumbnail","6":"product_cat-pp-pe-products","7":"product_tag-custom-plastic-components","8":"product_tag-plastic-injection-molding","9":"product_tag-precision-molded-parts","11":"first","12":"instock","13":"shipping-taxable","14":"product-type-simple"},"_links":{"self":[{"href":"https:\/\/uhmwpemanufacture.com\/es\/wp-json\/wp\/v2\/product\/1314","targetHints":{"allow":["GET"]}}],"collection":[{"href":"https:\/\/uhmwpemanufacture.com\/es\/wp-json\/wp\/v2\/product"}],"about":[{"href":"https:\/\/uhmwpemanufacture.com\/es\/wp-json\/wp\/v2\/types\/product"}],"wp:featuredmedia":[{"embeddable":true,"href":"https:\/\/uhmwpemanufacture.com\/es\/wp-json\/wp\/v2\/media\/1317"}],"wp:attachment":[{"href":"https:\/\/uhmwpemanufacture.com\/es\/wp-json\/wp\/v2\/media?parent=1314"}],"wp:term":[{"taxonomy":"product_brand","embeddable":true,"href":"https:\/\/uhmwpemanufacture.com\/es\/wp-json\/wp\/v2\/product_brand?post=1314"},{"taxonomy":"product_cat","embeddable":true,"href":"https:\/\/uhmwpemanufacture.com\/es\/wp-json\/wp\/v2\/product_cat?post=1314"},{"taxonomy":"product_tag","embeddable":true,"href":"https:\/\/uhmwpemanufacture.com\/es\/wp-json\/wp\/v2\/product_tag?post=1314"}],"curies":[{"name":"wp","href":"https:\/\/api.w.org\/{rel}","templated":true}]}}