{"id":1320,"date":"2025-09-28T08:11:18","date_gmt":"2025-09-28T08:11:18","guid":{"rendered":"https:\/\/uhmwpemanufacture.com\/?post_type=product&#038;p=1320"},"modified":"2025-09-28T08:11:49","modified_gmt":"2025-09-28T08:11:49","slug":"hdpe-uhmwpe-synthetic-flooring-tile-panels-hdpe-ice-sheets","status":"publish","type":"product","link":"https:\/\/uhmwpemanufacture.com\/es\/hdpe-uhmwpe-synthetic-flooring-tile-panels-hdpe-ice-sheets\/","title":{"rendered":"HDPE &amp; UHMWPE Sint\u00e9tico Suelos Baldosas Paneles HDPE Hielo L\u00e1minas"},"content":{"rendered":"<h2>HDPE y UHMWPE Revestimientos sint\u00e9ticos para suelos Paneles de baldosas de cer\u00e1mica L\u00e1minas de hielo de HDPE<\/h2>\n<p>Nuestros paneles de baldosas de revestimiento de suelos artificiales de HDPE y UHMWPE est\u00e1n creados para duplicar el suave deslizamiento del hielo real, lo que los hace adecuados para pistas de patinaje, entrenamiento de hockey y uso recreativo. Fabricados con polietileno de alta densidad y ultra alto peso molecular, estos paneles ofrecen una longevidad excepcional, un roce reducido y resistencia a los efectos. Su estilo de enclavamiento permite un montaje r\u00e1pido y un rendimiento estable, mientras que las construcciones resistentes a la intemperie los hacen adecuados tanto para uso en interiores como en exteriores. F\u00e1ciles de limpiar y mantener, estas placas de hielo sint\u00e9tico son ajustables en dimensi\u00f3n y tono, ofreciendo una opci\u00f3n de suelo rentable y resistente.<\/p>","protected":false},"excerpt":{"rendered":"<p>Los paneles de baldosas de suelo sint\u00e9tico de HDPE y UHMWPE reproducen el hielo real con un deslizamiento suave, durabilidad y baja fricci\u00f3n. F\u00e1ciles de instalar y resistentes a la intemperie, son ideales para el entrenamiento de hockey, pistas de patinaje y uso recreativo, ofreciendo un rendimiento duradero en interiores y exteriores.<\/p>","protected":false},"featured_media":1323,"template":"","meta":{"_gspb_post_css":""},"product_brand":[],"product_cat":[29,32],"product_tag":[203,126,204],"class_list":{"0":"post-1320","1":"product","2":"type-product","3":"status-publish","4":"has-post-thumbnail","6":"product_cat-ice-rink-products","7":"product_cat-ice-synthetic-panels","8":"product_tag-hdpe-ice-sheets","9":"product_tag-synthetic-ice-panels","10":"product_tag-uhmwpe-flooring-tiles","12":"first","13":"instock","14":"shipping-taxable","15":"product-type-simple"},"_links":{"self":[{"href":"https:\/\/uhmwpemanufacture.com\/es\/wp-json\/wp\/v2\/product\/1320","targetHints":{"allow":["GET"]}}],"collection":[{"href":"https:\/\/uhmwpemanufacture.com\/es\/wp-json\/wp\/v2\/product"}],"about":[{"href":"https:\/\/uhmwpemanufacture.com\/es\/wp-json\/wp\/v2\/types\/product"}],"wp:featuredmedia":[{"embeddable":true,"href":"https:\/\/uhmwpemanufacture.com\/es\/wp-json\/wp\/v2\/media\/1323"}],"wp:attachment":[{"href":"https:\/\/uhmwpemanufacture.com\/es\/wp-json\/wp\/v2\/media?parent=1320"}],"wp:term":[{"taxonomy":"product_brand","embeddable":true,"href":"https:\/\/uhmwpemanufacture.com\/es\/wp-json\/wp\/v2\/product_brand?post=1320"},{"taxonomy":"product_cat","embeddable":true,"href":"https:\/\/uhmwpemanufacture.com\/es\/wp-json\/wp\/v2\/product_cat?post=1320"},{"taxonomy":"product_tag","embeddable":true,"href":"https:\/\/uhmwpemanufacture.com\/es\/wp-json\/wp\/v2\/product_tag?post=1320"}],"curies":[{"name":"wp","href":"https:\/\/api.w.org\/{rel}","templated":true}]}}